{"id":566,"date":"2018-12-04T22:44:08","date_gmt":"2018-12-04T22:44:08","guid":{"rendered":"https:\/\/fishinginaragon.com\/?page_id=566"},"modified":"2021-06-04T17:36:46","modified_gmt":"2021-06-04T17:36:46","slug":"aviso-legal","status":"publish","type":"page","link":"https:\/\/fishinginaragon.com\/en\/aviso-legal","title":{"rendered":"Legal warning"},"content":{"rendered":"<p><code><strong>\u00a9 Turismo de Arag\u00f3n 2017.<\/strong><\/p>\n<p>Total or partial reproduction of texts and graphics, by any means, without express written authorization is prohibited.<\/p>\n<p>To insert these texts, images or news in the publication or diffusion in media of any kind accessible to third parties, you must have express written authorization from the Government of Aragon.<\/p>\n<p>The private use of the texts, news and data published on this website for strictly personal purposes is permitted.<\/p>\n<p><strong>SOCIEDAD DE PROMOCI\u00d3N Y GESTI\u00d3N DEL TURISMO ARAGON\u00c9S, S.L.U. \u2013 Turismo de Arag\u00f3n<\/strong><\/p>\n<p>Avda. Ranillas, 3A, 3\u00aa planta, oficina 3D, 50.018 Zaragoza<\/p>\n<p>50018. Zaragoza<\/p>\n<p>Tel.: 976 282 181<\/p>\n<p>Fax.: 976 280 746<\/p>\n<p>Registered in the Mercantile Registry of Zaragoza. Volume 3375, Book 0, Folio 73, Section 8, Sheet Z-30219, Entry 18 - CIF B-50902345<\/p>\n<p><\/code><\/p>\n","protected":false},"excerpt":{"rendered":"<p>\u00a9 Turismo de Arag\u00f3n 2017. Total or partial reproduction of texts and graphics, by any means, without express written authorization is prohibited. To insert these texts, images or news in the publication or diffusion in media of any kind accessible to third parties, you must have express written authorization from the Government of Aragon. The&#8230;<\/p>\n","protected":false},"author":1,"featured_media":0,"parent":0,"menu_order":0,"comment_status":"closed","ping_status":"closed","template":"","meta":{"footnotes":""},"categories":[],"tags":[],"class_list":["post-566","page","type-page","status-publish","hentry"],"translation":{"provider":"WPGlobus","version":"3.0.2","language":"en","enabled_languages":["es","en","de"],"languages":{"es":{"title":true,"content":true,"excerpt":false},"en":{"title":true,"content":true,"excerpt":false},"de":{"title":true,"content":true,"excerpt":false}}},"yoast_head":"<!-- This site is optimized with the Yoast SEO plugin v27.3 - https:\/\/yoast.com\/product\/yoast-seo-wordpress\/ -->\n<title>Legal warning - Fishing in Arag\u00f3n<\/title>\n<meta name=\"robots\" content=\"index, follow, max-snippet:-1, max-image-preview:large, max-video-preview:-1\" \/>\n<link rel=\"canonical\" href=\"https:\/\/fishinginaragon.com\/en\/aviso-legal\" \/>\n<meta property=\"og:locale\" content=\"en_US\" \/>\n<meta property=\"og:type\" content=\"article\" \/>\n<meta property=\"og:title\" content=\"Legal warning - Fishing in Arag\u00f3n\" \/>\n<meta property=\"og:url\" content=\"https:\/\/fishinginaragon.com\/en\/aviso-legal\" \/>\n<meta property=\"og:site_name\" content=\"Fishing in Arag\u00f3n\" \/>\n<meta property=\"article:modified_time\" content=\"2021-06-04T17:36:46+00:00\" \/>\n<meta name=\"twitter:card\" content=\"summary_large_image\" \/>\n<meta name=\"twitter:label1\" content=\"Est. reading time\" \/>\n\t<meta name=\"twitter:data1\" content=\"1 minute\" \/>\n<script type=\"application\/ld+json\" class=\"yoast-schema-graph\">{\"@context\":\"https:\\\/\\\/schema.org\",\"@graph\":[{\"@type\":\"WebPage\",\"@id\":\"https:\\\/\\\/fishinginaragon.com\\\/en\\\/aviso-legal\",\"url\":\"https:\\\/\\\/fishinginaragon.com\\\/en\\\/aviso-legal\",\"name\":\"Legal warning - Fishing in Arag\u00f3n\",\"isPartOf\":{\"@id\":\"https:\\\/\\\/fishinginaragon.com\\\/#website\"},\"datePublished\":\"2018-12-04T22:44:08+00:00\",\"dateModified\":\"2021-06-04T17:36:46+00:00\",\"breadcrumb\":{\"@id\":\"https:\\\/\\\/fishinginaragon.com\\\/en\\\/aviso-legal#breadcrumb\"},\"inLanguage\":\"en-US\",\"potentialAction\":[{\"@type\":\"ReadAction\",\"target\":[\"https:\\\/\\\/fishinginaragon.com\\\/en\\\/aviso-legal\"]}]},{\"@type\":\"BreadcrumbList\",\"@id\":\"https:\\\/\\\/fishinginaragon.com\\\/en\\\/aviso-legal#breadcrumb\",\"itemListElement\":[{\"@type\":\"ListItem\",\"position\":1,\"name\":\"Portada\",\"item\":\"https:\\\/\\\/fishinginaragon.com\\\/\"},{\"@type\":\"ListItem\",\"position\":2,\"name\":\"Legal warning\"}]},{\"@type\":\"WebSite\",\"@id\":\"https:\\\/\\\/fishinginaragon.com\\\/#website\",\"url\":\"https:\\\/\\\/fishinginaragon.com\\\/\",\"name\":\"Fishing in Arag\u00f3n\",\"description\":\"Fishing tourism\",\"potentialAction\":[{\"@type\":\"SearchAction\",\"target\":{\"@type\":\"EntryPoint\",\"urlTemplate\":\"https:\\\/\\\/fishinginaragon.com\\\/?s={search_term_string}\"},\"query-input\":{\"@type\":\"PropertyValueSpecification\",\"valueRequired\":true,\"valueName\":\"search_term_string\"}}],\"inLanguage\":\"en-US\"}]}<\/script>\n<!-- \/ Yoast SEO plugin. -->","yoast_head_json":{"title":"Legal warning - Fishing in Arag\u00f3n","robots":{"index":"index","follow":"follow","max-snippet":"max-snippet:-1","max-image-preview":"max-image-preview:large","max-video-preview":"max-video-preview:-1"},"canonical":"https:\/\/fishinginaragon.com\/en\/aviso-legal","og_locale":"en_US","og_type":"article","og_title":"Legal warning - Fishing in Arag\u00f3n","og_url":"https:\/\/fishinginaragon.com\/en\/aviso-legal","og_site_name":"Fishing in Arag\u00f3n","article_modified_time":"2021-06-04T17:36:46+00:00","twitter_card":"summary_large_image","twitter_misc":{"Est. reading time":"1 minute"},"schema":{"@context":"https:\/\/schema.org","@graph":[{"@type":"WebPage","@id":"https:\/\/fishinginaragon.com\/en\/aviso-legal","url":"https:\/\/fishinginaragon.com\/en\/aviso-legal","name":"Legal warning - Fishing in Arag\u00f3n","isPartOf":{"@id":"https:\/\/fishinginaragon.com\/#website"},"datePublished":"2018-12-04T22:44:08+00:00","dateModified":"2021-06-04T17:36:46+00:00","breadcrumb":{"@id":"https:\/\/fishinginaragon.com\/en\/aviso-legal#breadcrumb"},"inLanguage":"en-US","potentialAction":[{"@type":"ReadAction","target":["https:\/\/fishinginaragon.com\/en\/aviso-legal"]}]},{"@type":"BreadcrumbList","@id":"https:\/\/fishinginaragon.com\/en\/aviso-legal#breadcrumb","itemListElement":[{"@type":"ListItem","position":1,"name":"Portada","item":"https:\/\/fishinginaragon.com\/"},{"@type":"ListItem","position":2,"name":"Legal warning"}]},{"@type":"WebSite","@id":"https:\/\/fishinginaragon.com\/#website","url":"https:\/\/fishinginaragon.com\/","name":"Fishing in Arag\u00f3n","description":"Fishing tourism","potentialAction":[{"@type":"SearchAction","target":{"@type":"EntryPoint","urlTemplate":"https:\/\/fishinginaragon.com\/?s={search_term_string}"},"query-input":{"@type":"PropertyValueSpecification","valueRequired":true,"valueName":"search_term_string"}}],"inLanguage":"en-US"}]}},"_links":{"self":[{"href":"https:\/\/fishinginaragon.com\/en\/wp-json\/wp\/v2\/pages\/566","targetHints":{"allow":["GET"]}}],"collection":[{"href":"https:\/\/fishinginaragon.com\/en\/wp-json\/wp\/v2\/pages"}],"about":[{"href":"https:\/\/fishinginaragon.com\/en\/wp-json\/wp\/v2\/types\/page"}],"author":[{"embeddable":true,"href":"https:\/\/fishinginaragon.com\/en\/wp-json\/wp\/v2\/users\/1"}],"replies":[{"embeddable":true,"href":"https:\/\/fishinginaragon.com\/en\/wp-json\/wp\/v2\/comments?post=566"}],"version-history":[{"count":3,"href":"https:\/\/fishinginaragon.com\/en\/wp-json\/wp\/v2\/pages\/566\/revisions"}],"predecessor-version":[{"id":1292,"href":"https:\/\/fishinginaragon.com\/en\/wp-json\/wp\/v2\/pages\/566\/revisions\/1292"}],"wp:attachment":[{"href":"https:\/\/fishinginaragon.com\/en\/wp-json\/wp\/v2\/media?parent=566"}],"wp:term":[{"taxonomy":"category","embeddable":true,"href":"https:\/\/fishinginaragon.com\/en\/wp-json\/wp\/v2\/categories?post=566"},{"taxonomy":"post_tag","embeddable":true,"href":"https:\/\/fishinginaragon.com\/en\/wp-json\/wp\/v2\/tags?post=566"}],"curies":[{"name":"wp","href":"https:\/\/api.w.org\/{rel}","templated":true}]}}