{"id":564,"date":"2018-12-04T22:42:19","date_gmt":"2018-12-04T22:42:19","guid":{"rendered":"https:\/\/fishinginaragon.com\/?page_id=564"},"modified":"2021-06-04T17:45:22","modified_gmt":"2021-06-04T17:45:22","slug":"privacidad","status":"publish","type":"page","link":"https:\/\/fishinginaragon.com\/en\/privacidad","title":{"rendered":"Privacy policy"},"content":{"rendered":"<p>According to the L.O.P.D. and the Regulation of the European Parliament and of the Council 2016\/679, of April 26, relative to the protection of natural persons with regard to the treatment of personal data and the free circulation of these data and by which the Directive is repealed 95\/46 \/ CE, we inform you that the personal data provided here will form part of a file owned by the Sociedad de Promoci\u00f3n y Gesti\u00f3n del Turismo Aragon\u00e9s, SLU (Turismo de Arag\u00f3n) in order to meet your request. The data processing carried out by the entity is legitimized in the execution of a labor or commercial contract or in the consent provided by you.<br \/>\nThese data will not be disclosed to third parties unless the law allows or requires it expressly, or is necessary to fulfill the purpose for which the data was collected (eg other public administrations, etc.). However, no international data transfer is foreseen.<br \/>\nWithout prejudice to all this, you have the right to request access to your personal data, the right to request its rectification or deletion, the right to request the limitation of your treatment, the right to oppose the treatment and the right to the portability of your data. You also have the right to withdraw your consent for the processing of your data. To do this you must send an email to the address indicated below, formalizing your request accompanied by a copy of your National Identity Document.<br \/>\nTo do this you can contact us at:<br \/>\nSociety for the Promotion and Management of Tourism Aragon\u00e9s, S.L.U.(Turismo de Arag\u00f3n)<br \/>\nAvd. Ranillas 3\u00aa, 3\u00aa planta, oficina 3D<br \/>\n50018 Zaragoza<br \/>\nTfn. 976 282 181<br \/>\n<a href=\"http:\/\/www.turismoaragon.com\">www.turismodearagon.com<\/a><br \/>\nMail: <a href=\"mailto:turismodearagon@aragon.es\">turismodearagon@aragon.es<\/a><br \/>\nTurismo de Arag\u00f3n is committed to fulfilling its obligation of secrecy of personal data and its duty to keep it, adopting the necessary measures to avoid its alteration, loss, treatment or unauthorized access, taking into account at all times the state of the technology. These data will be kept as long as the labor or commercial relationship is maintained and its deletion is not requested by the interested party. Subsequently, once the legally established term in labor, tax and accounting matters has ended, they will be canceled or destroyed, where appropriate.<br \/>\nThe user will respond, in any case, to the veracity of the data provided, this entity reserving the right to exclude from the registered services any user who has provided false information.<br \/>\nIn case you feel any of the aforementioned rights violated, especially when you have not obtained satisfaction in exercising them, you can file a claim with the Authority of control in the field of competent data protection, through the website www.agpd.es.<br \/>\nManagement<br \/>\nFor more information visit: <a href=\"https:\/\/www.turismodearagon.com\/es\/politica-de-privacidad.html\" target=\"_blank\" rel=\"noopener noreferrer\">https:\/\/www.turismodearagon.com\/es\/politica-de-privacidad.html<\/a><\/p>\n","protected":false},"excerpt":{"rendered":"<p>According to the L.O.P.D. and the Regulation of the European Parliament and of the Council 2016\/679, of April 26, relative to the protection of natural persons with regard to the treatment of personal data and the free circulation of these data and by which the Directive is repealed 95\/46 \/ CE, we inform you that&#8230;<\/p>\n","protected":false},"author":1,"featured_media":0,"parent":0,"menu_order":0,"comment_status":"closed","ping_status":"closed","template":"","meta":{"footnotes":""},"categories":[],"tags":[],"class_list":["post-564","page","type-page","status-publish","hentry"],"translation":{"provider":"WPGlobus","version":"3.0.2","language":"en","enabled_languages":["es","en","de"],"languages":{"es":{"title":true,"content":true,"excerpt":false},"en":{"title":true,"content":true,"excerpt":false},"de":{"title":true,"content":true,"excerpt":false}}},"yoast_head":"<!-- This site is optimized with the Yoast SEO plugin v27.3 - https:\/\/yoast.com\/product\/yoast-seo-wordpress\/ -->\n<title>Privacy policy - Fishing in Arag\u00f3n<\/title>\n<meta name=\"robots\" content=\"index, follow, max-snippet:-1, max-image-preview:large, max-video-preview:-1\" \/>\n<link rel=\"canonical\" href=\"https:\/\/fishinginaragon.com\/en\/privacidad\" \/>\n<meta property=\"og:locale\" content=\"en_US\" \/>\n<meta property=\"og:type\" content=\"article\" \/>\n<meta property=\"og:title\" content=\"Privacy policy - Fishing in Arag\u00f3n\" \/>\n<meta property=\"og:url\" content=\"https:\/\/fishinginaragon.com\/en\/privacidad\" \/>\n<meta property=\"og:site_name\" content=\"Fishing in Arag\u00f3n\" \/>\n<meta property=\"article:modified_time\" content=\"2021-06-04T17:45:22+00:00\" \/>\n<meta name=\"twitter:card\" content=\"summary_large_image\" \/>\n<meta name=\"twitter:label1\" content=\"Est. reading time\" \/>\n\t<meta name=\"twitter:data1\" content=\"2 minutes\" \/>\n<script type=\"application\/ld+json\" class=\"yoast-schema-graph\">{\"@context\":\"https:\\\/\\\/schema.org\",\"@graph\":[{\"@type\":\"WebPage\",\"@id\":\"https:\\\/\\\/fishinginaragon.com\\\/en\\\/privacidad\",\"url\":\"https:\\\/\\\/fishinginaragon.com\\\/en\\\/privacidad\",\"name\":\"Privacy policy - Fishing in Arag\u00f3n\",\"isPartOf\":{\"@id\":\"https:\\\/\\\/fishinginaragon.com\\\/#website\"},\"datePublished\":\"2018-12-04T22:42:19+00:00\",\"dateModified\":\"2021-06-04T17:45:22+00:00\",\"breadcrumb\":{\"@id\":\"https:\\\/\\\/fishinginaragon.com\\\/en\\\/privacidad#breadcrumb\"},\"inLanguage\":\"en-US\",\"potentialAction\":[{\"@type\":\"ReadAction\",\"target\":[\"https:\\\/\\\/fishinginaragon.com\\\/en\\\/privacidad\"]}]},{\"@type\":\"BreadcrumbList\",\"@id\":\"https:\\\/\\\/fishinginaragon.com\\\/en\\\/privacidad#breadcrumb\",\"itemListElement\":[{\"@type\":\"ListItem\",\"position\":1,\"name\":\"Portada\",\"item\":\"https:\\\/\\\/fishinginaragon.com\\\/\"},{\"@type\":\"ListItem\",\"position\":2,\"name\":\"Privacy policy\"}]},{\"@type\":\"WebSite\",\"@id\":\"https:\\\/\\\/fishinginaragon.com\\\/#website\",\"url\":\"https:\\\/\\\/fishinginaragon.com\\\/\",\"name\":\"Fishing in Arag\u00f3n\",\"description\":\"Fishing tourism\",\"potentialAction\":[{\"@type\":\"SearchAction\",\"target\":{\"@type\":\"EntryPoint\",\"urlTemplate\":\"https:\\\/\\\/fishinginaragon.com\\\/?s={search_term_string}\"},\"query-input\":{\"@type\":\"PropertyValueSpecification\",\"valueRequired\":true,\"valueName\":\"search_term_string\"}}],\"inLanguage\":\"en-US\"}]}<\/script>\n<!-- \/ Yoast SEO plugin. -->","yoast_head_json":{"title":"Privacy policy - Fishing in Arag\u00f3n","robots":{"index":"index","follow":"follow","max-snippet":"max-snippet:-1","max-image-preview":"max-image-preview:large","max-video-preview":"max-video-preview:-1"},"canonical":"https:\/\/fishinginaragon.com\/en\/privacidad","og_locale":"en_US","og_type":"article","og_title":"Privacy policy - Fishing in Arag\u00f3n","og_url":"https:\/\/fishinginaragon.com\/en\/privacidad","og_site_name":"Fishing in Arag\u00f3n","article_modified_time":"2021-06-04T17:45:22+00:00","twitter_card":"summary_large_image","twitter_misc":{"Est. reading time":"2 minutes"},"schema":{"@context":"https:\/\/schema.org","@graph":[{"@type":"WebPage","@id":"https:\/\/fishinginaragon.com\/en\/privacidad","url":"https:\/\/fishinginaragon.com\/en\/privacidad","name":"Privacy policy - Fishing in Arag\u00f3n","isPartOf":{"@id":"https:\/\/fishinginaragon.com\/#website"},"datePublished":"2018-12-04T22:42:19+00:00","dateModified":"2021-06-04T17:45:22+00:00","breadcrumb":{"@id":"https:\/\/fishinginaragon.com\/en\/privacidad#breadcrumb"},"inLanguage":"en-US","potentialAction":[{"@type":"ReadAction","target":["https:\/\/fishinginaragon.com\/en\/privacidad"]}]},{"@type":"BreadcrumbList","@id":"https:\/\/fishinginaragon.com\/en\/privacidad#breadcrumb","itemListElement":[{"@type":"ListItem","position":1,"name":"Portada","item":"https:\/\/fishinginaragon.com\/"},{"@type":"ListItem","position":2,"name":"Privacy policy"}]},{"@type":"WebSite","@id":"https:\/\/fishinginaragon.com\/#website","url":"https:\/\/fishinginaragon.com\/","name":"Fishing in Arag\u00f3n","description":"Fishing tourism","potentialAction":[{"@type":"SearchAction","target":{"@type":"EntryPoint","urlTemplate":"https:\/\/fishinginaragon.com\/?s={search_term_string}"},"query-input":{"@type":"PropertyValueSpecification","valueRequired":true,"valueName":"search_term_string"}}],"inLanguage":"en-US"}]}},"_links":{"self":[{"href":"https:\/\/fishinginaragon.com\/en\/wp-json\/wp\/v2\/pages\/564","targetHints":{"allow":["GET"]}}],"collection":[{"href":"https:\/\/fishinginaragon.com\/en\/wp-json\/wp\/v2\/pages"}],"about":[{"href":"https:\/\/fishinginaragon.com\/en\/wp-json\/wp\/v2\/types\/page"}],"author":[{"embeddable":true,"href":"https:\/\/fishinginaragon.com\/en\/wp-json\/wp\/v2\/users\/1"}],"replies":[{"embeddable":true,"href":"https:\/\/fishinginaragon.com\/en\/wp-json\/wp\/v2\/comments?post=564"}],"version-history":[{"count":3,"href":"https:\/\/fishinginaragon.com\/en\/wp-json\/wp\/v2\/pages\/564\/revisions"}],"predecessor-version":[{"id":1303,"href":"https:\/\/fishinginaragon.com\/en\/wp-json\/wp\/v2\/pages\/564\/revisions\/1303"}],"wp:attachment":[{"href":"https:\/\/fishinginaragon.com\/en\/wp-json\/wp\/v2\/media?parent=564"}],"wp:term":[{"taxonomy":"category","embeddable":true,"href":"https:\/\/fishinginaragon.com\/en\/wp-json\/wp\/v2\/categories?post=564"},{"taxonomy":"post_tag","embeddable":true,"href":"https:\/\/fishinginaragon.com\/en\/wp-json\/wp\/v2\/tags?post=564"}],"curies":[{"name":"wp","href":"https:\/\/api.w.org\/{rel}","templated":true}]}}