{"id":557,"date":"2018-12-04T22:30:46","date_gmt":"2018-12-04T22:30:46","guid":{"rendered":"https:\/\/fishinginaragon.com\/?page_id=557"},"modified":"2022-07-06T17:07:46","modified_gmt":"2022-07-06T17:07:46","slug":"normativa","status":"publish","type":"page","link":"https:\/\/fishinginaragon.com\/en\/normativa","title":{"rendered":"REGULATIONS AND PERMITS"},"content":{"rendered":"<h2>Regulations<\/h2>\n<p><span class=\"dropcap \">I<\/span>t is important to know the legislation and regulations that apply in our territory because there are a number of rules that should be taken into account.<\/p>\n<p>On the website of the Government of Aragon you will find a brochure called &#8220;Generalities of Fishing in Arag\u00f3n&#8221;, in which everything related to licences, fishing gear and means, bait, fishing periods and days, and information about the reserves are clearly and concisely explained.<br \/>\nYou can download this brochure at the following <a href=\"https:\/\/www.aragon.es\/-\/pesca-folletos-informativos\" target=\"_blank\" rel=\"noopener noreferrer\">link<\/a>.<\/p>\n<p>However, this regulation can change every year.<\/p>\n<p>This document is merely informative. For legal purposes be the provisions of the <a href=\"https:\/\/www.aragon.es\/documents\/20127\/35127771\/Pesca_generalidades_2022.pdf\/4cf4b591-1f53-b764-235d-8bcf8d86499b?t=1641980417411\" target=\"_blank\" rel=\"noopener noreferrer\">General Fishing Plan of Aragon<\/a> for the current year shall be applicable.<\/p>\n<p>In the BOA (Official Gazette of Aragon) you will find updated information as it is published regularly.<\/p>\n<div class=\"clearfix\"><\/div><div class=\"divider margin-top-30\"><\/div>\n<h2>Permits<\/h2>\n<p><span class=\"dropcap \">I<\/span>n order to fish in continental waters in the Aragonese territory, it is essential to have a <b>fishing permit<\/b> issued by the Instituto Aragon\u00e9s de Gesti\u00f3n Ambiental (INAGA) or an inter-autonomous licence from another Spanish community that is valid in Aragon. This is a personal, non-transferable and compulsory document that certifies the holder&#8217;s authorization to practice fishing in the Community of Aragon. It is annual or five-yearly, and is free for retired persons and children under 14 years of age.<\/p>\n<p><a href=\"https:\/\/www.aragon.es\/-\/expedicion-licencias-caza-y-pesca\" target=\"_blank\" rel=\"noopener noreferrer\">Online fishing permits sales service of the Government of Aragon<\/a><\/p>\n<p>If you want to fish in Social Preserves you also need an Administrative Permit which is obtained in person at the Government of Aragon, at the Provincial Services of Rural Development and Sustainability and also at the Regional Agro-environmental Offices (OCAs).<\/p>\n<p><a href=\"https:\/\/www.aragon.es\/tramitador\/-\/tramite\/permisos-pesca-cotos-sociales\" target=\"_blank\" rel=\"noopener noreferrer\">Fishing permits for social reserves<\/a><\/p>\n<p>To fish in Sport Preserves the permits are issued by the Aragonese Fishing and Casting Federation (FAPYC) and can be purchased online on its website.<\/p>\n<p><a href=\"https:\/\/fapyc.es\/permisos-online\" target=\"_blank\" rel=\"noopener noreferrer\">Online fishing permits for Sport Preserves sales service FAPyC<\/a><\/p>\n","protected":false},"excerpt":{"rendered":"<p>Regulations t is important to know the legislation and regulations that apply in our territory because there are a number of rules that should be taken into account. On the website of the Government of Aragon you will find a brochure called &#8220;Generalities of Fishing in Arag\u00f3n&#8221;, in which everything related to licences, fishing gear&#8230;<\/p>\n","protected":false},"author":1,"featured_media":0,"parent":0,"menu_order":0,"comment_status":"closed","ping_status":"closed","template":"","meta":{"footnotes":""},"categories":[],"tags":[],"class_list":["post-557","page","type-page","status-publish","hentry"],"translation":{"provider":"WPGlobus","version":"3.0.2","language":"en","enabled_languages":["es","en","de"],"languages":{"es":{"title":true,"content":true,"excerpt":false},"en":{"title":true,"content":true,"excerpt":false},"de":{"title":true,"content":true,"excerpt":false}}},"yoast_head":"<!-- This site is optimized with the Yoast SEO plugin v27.3 - https:\/\/yoast.com\/product\/yoast-seo-wordpress\/ -->\n<title>REGULATIONS AND PERMITS - Fishing in Arag\u00f3n<\/title>\n<meta name=\"robots\" content=\"index, follow, max-snippet:-1, max-image-preview:large, max-video-preview:-1\" \/>\n<link rel=\"canonical\" href=\"https:\/\/fishinginaragon.com\/normativa\" \/>\n<meta property=\"og:locale\" content=\"en_US\" \/>\n<meta property=\"og:type\" content=\"article\" \/>\n<meta property=\"og:title\" content=\"REGULATIONS AND PERMITS - Fishing in Arag\u00f3n\" \/>\n<meta property=\"og:url\" content=\"https:\/\/fishinginaragon.com\/normativa\" \/>\n<meta property=\"og:site_name\" content=\"Fishing in Arag\u00f3n\" \/>\n<meta property=\"article:modified_time\" content=\"2022-07-06T17:07:46+00:00\" \/>\n<meta name=\"twitter:card\" content=\"summary_large_image\" \/>\n<meta name=\"twitter:label1\" content=\"Est. reading time\" \/>\n\t<meta name=\"twitter:data1\" content=\"2 minutes\" \/>\n<script type=\"application\/ld+json\" class=\"yoast-schema-graph\">{\"@context\":\"https:\\\/\\\/schema.org\",\"@graph\":[{\"@type\":\"WebPage\",\"@id\":\"https:\\\/\\\/fishinginaragon.com\\\/normativa\",\"url\":\"https:\\\/\\\/fishinginaragon.com\\\/normativa\",\"name\":\"REGULATIONS AND PERMITS - Fishing in Arag\u00f3n\",\"isPartOf\":{\"@id\":\"https:\\\/\\\/fishinginaragon.com\\\/#website\"},\"datePublished\":\"2018-12-04T22:30:46+00:00\",\"dateModified\":\"2022-07-06T17:07:46+00:00\",\"description\":\"Licencias necesarias para la pr\u00e1ctica de la pesca en Arag\u00f3n. Normativa y legislaci\u00f3n que se aplica en materia de pesca en Arag\u00f3n.\",\"breadcrumb\":{\"@id\":\"https:\\\/\\\/fishinginaragon.com\\\/normativa#breadcrumb\"},\"inLanguage\":\"en-US\",\"potentialAction\":[{\"@type\":\"ReadAction\",\"target\":[\"https:\\\/\\\/fishinginaragon.com\\\/normativa\"]}]},{\"@type\":\"BreadcrumbList\",\"@id\":\"https:\\\/\\\/fishinginaragon.com\\\/normativa#breadcrumb\",\"itemListElement\":[{\"@type\":\"ListItem\",\"position\":1,\"name\":\"Portada\",\"item\":\"https:\\\/\\\/fishinginaragon.com\\\/\"},{\"@type\":\"ListItem\",\"position\":2,\"name\":\"Normativa y licencias\"}]},{\"@type\":\"WebSite\",\"@id\":\"https:\\\/\\\/fishinginaragon.com\\\/#website\",\"url\":\"https:\\\/\\\/fishinginaragon.com\\\/\",\"name\":\"Fishing in Arag\u00f3n\",\"description\":\"Fishing tourism\",\"potentialAction\":[{\"@type\":\"SearchAction\",\"target\":{\"@type\":\"EntryPoint\",\"urlTemplate\":\"https:\\\/\\\/fishinginaragon.com\\\/?s={search_term_string}\"},\"query-input\":{\"@type\":\"PropertyValueSpecification\",\"valueRequired\":true,\"valueName\":\"search_term_string\"}}],\"inLanguage\":\"en-US\"}]}<\/script>\n<!-- \/ Yoast SEO plugin. -->","yoast_head_json":{"title":"REGULATIONS AND PERMITS - Fishing in Arag\u00f3n","robots":{"index":"index","follow":"follow","max-snippet":"max-snippet:-1","max-image-preview":"max-image-preview:large","max-video-preview":"max-video-preview:-1"},"canonical":"https:\/\/fishinginaragon.com\/normativa","og_locale":"en_US","og_type":"article","og_title":"REGULATIONS AND PERMITS - Fishing in Arag\u00f3n","og_url":"https:\/\/fishinginaragon.com\/normativa","og_site_name":"Fishing in Arag\u00f3n","article_modified_time":"2022-07-06T17:07:46+00:00","twitter_card":"summary_large_image","twitter_misc":{"Est. reading time":"2 minutes"},"schema":{"@context":"https:\/\/schema.org","@graph":[{"@type":"WebPage","@id":"https:\/\/fishinginaragon.com\/normativa","url":"https:\/\/fishinginaragon.com\/normativa","name":"REGULATIONS AND PERMITS - Fishing in Arag\u00f3n","isPartOf":{"@id":"https:\/\/fishinginaragon.com\/#website"},"datePublished":"2018-12-04T22:30:46+00:00","dateModified":"2022-07-06T17:07:46+00:00","description":"Licencias necesarias para la pr\u00e1ctica de la pesca en Arag\u00f3n. Normativa y legislaci\u00f3n que se aplica en materia de pesca en Arag\u00f3n.","breadcrumb":{"@id":"https:\/\/fishinginaragon.com\/normativa#breadcrumb"},"inLanguage":"en-US","potentialAction":[{"@type":"ReadAction","target":["https:\/\/fishinginaragon.com\/normativa"]}]},{"@type":"BreadcrumbList","@id":"https:\/\/fishinginaragon.com\/normativa#breadcrumb","itemListElement":[{"@type":"ListItem","position":1,"name":"Portada","item":"https:\/\/fishinginaragon.com\/"},{"@type":"ListItem","position":2,"name":"Normativa y licencias"}]},{"@type":"WebSite","@id":"https:\/\/fishinginaragon.com\/#website","url":"https:\/\/fishinginaragon.com\/","name":"Fishing in Arag\u00f3n","description":"Fishing tourism","potentialAction":[{"@type":"SearchAction","target":{"@type":"EntryPoint","urlTemplate":"https:\/\/fishinginaragon.com\/?s={search_term_string}"},"query-input":{"@type":"PropertyValueSpecification","valueRequired":true,"valueName":"search_term_string"}}],"inLanguage":"en-US"}]}},"_links":{"self":[{"href":"https:\/\/fishinginaragon.com\/en\/wp-json\/wp\/v2\/pages\/557","targetHints":{"allow":["GET"]}}],"collection":[{"href":"https:\/\/fishinginaragon.com\/en\/wp-json\/wp\/v2\/pages"}],"about":[{"href":"https:\/\/fishinginaragon.com\/en\/wp-json\/wp\/v2\/types\/page"}],"author":[{"embeddable":true,"href":"https:\/\/fishinginaragon.com\/en\/wp-json\/wp\/v2\/users\/1"}],"replies":[{"embeddable":true,"href":"https:\/\/fishinginaragon.com\/en\/wp-json\/wp\/v2\/comments?post=557"}],"version-history":[{"count":3,"href":"https:\/\/fishinginaragon.com\/en\/wp-json\/wp\/v2\/pages\/557\/revisions"}],"predecessor-version":[{"id":1392,"href":"https:\/\/fishinginaragon.com\/en\/wp-json\/wp\/v2\/pages\/557\/revisions\/1392"}],"wp:attachment":[{"href":"https:\/\/fishinginaragon.com\/en\/wp-json\/wp\/v2\/media?parent=557"}],"wp:term":[{"taxonomy":"category","embeddable":true,"href":"https:\/\/fishinginaragon.com\/en\/wp-json\/wp\/v2\/categories?post=557"},{"taxonomy":"post_tag","embeddable":true,"href":"https:\/\/fishinginaragon.com\/en\/wp-json\/wp\/v2\/tags?post=557"}],"curies":[{"name":"wp","href":"https:\/\/api.w.org\/{rel}","templated":true}]}}