{"id":568,"date":"2018-12-04T22:48:19","date_gmt":"2018-12-04T22:48:19","guid":{"rendered":"https:\/\/fishinginaragon.com\/?page_id=568"},"modified":"2021-06-04T17:39:01","modified_gmt":"2021-06-04T17:39:01","slug":"condiciones-de-uso","status":"publish","type":"page","link":"https:\/\/fishinginaragon.com\/de\/condiciones-de-uso","title":{"rendered":"Condiciones de uso"},"content":{"rendered":"\n<pre id=\"tw-target-text\" class=\"wp-block-preformatted\">Nutzungsbedingungen<\/pre>\n\n\n<p> <strong> Der Zugriff auf die auf der Website www.fishinginaragon.com ver\u00f6ffentlichten Informationen setzt die Annahme der folgenden Nutzungsbedingungen voraus: <\/strong> <\/p>\n<p> 1. Turismo de Arag\u00f3n hat diese Website ver\u00f6ffentlicht, um potenziellen Besuchern unserer Gemeinschaft den Zugang zu offiziellen Touristeninformationen \u00fcber die Autonome Gemeinschaft Arag\u00f3n zu erm\u00f6glichen. Die auf der Website angezeigten Informationen werden den Benutzern, die auf private und individuelle Weise auf die Website zugreifen, kostenlos zur Verf\u00fcgung gestellt. Die Kommerzialisierung des Zugangsrechts ist ausdr\u00fccklich untersagt. <\/p>\n<p> 2. Die Verwendung der auf dieser Website ver\u00f6ffentlichten Informationen ist unter Angabe der Quelle mit folgendem Hinweis gestattet: &#8220;Quelle: Webserver Turismo de Arag\u00f3n, Gobierno de Arag\u00f3n, www.fishinginaragon.com&#8221; Das Kopieren oder Vervielf\u00e4ltigen ist ausdr\u00fccklich untersagt Daten \u00fcber jede elektronische Unterst\u00fctzung (Webseiten, Datenbanken oder elektronische Ver\u00f6ffentlichungen), die die Weiterleitung dieser Informationen an mehrere Benutzer ohne vorherige schriftliche Zustimmung von Turismo de Arag\u00f3n erm\u00f6glicht. <\/p>\n<p> 3. Genauigkeit der Informationen. Turismo de Arag\u00f3n bem\u00fcht sich, die Richtigkeit und Aktualit\u00e4t der auf seiner Website ver\u00f6ffentlichten Informationen sicherzustellen. Turismo de Arag\u00f3n ist jedoch weder f\u00fcr die ver\u00f6ffentlichten Informationen noch f\u00fcr die Folgen des Lesens verantwortlich. Die auf www.fishinginaragon.com ver\u00f6ffentlichten Daten haben nicht den Umfang der offiziellen Daten, die f\u00fcr von Turismo de Arag\u00f3n ver\u00f6ffentlichte Drucksachen vorbehalten sind, es sei denn, sie sind ausdr\u00fccklich als solche gekennzeichnet. Informationen zu Fahrpl\u00e4nen, Preisen etc. kann Ungenauigkeiten enthalten. <\/p>\n<p> 4. Turismo de Arag\u00f3n ist nicht verantwortlich f\u00fcr Verluste oder Sch\u00e4den, die dem Benutzer durch den Zugriff auf diese Website oder die Nutzung ihrer Inhalte entstehen. <\/p>\n<p> 5. Turismo de Arag\u00f3n empfiehlt keine spezifischen touristischen Produkte, Dienstleistungen oder Einrichtungen. <\/p>\n<p> 6. Alle grafischen und literarischen Inhalte der Website www.fishinginaragon.com unterliegen dem Urheberrecht von Turismo de Arag\u00f3n, S.L.U. Avda. Ranillas, 3A, 3\u00aa planta, Oficina 3D, 50.018, Zaragoza, au\u00dfer in F\u00e4llen, in denen f\u00fcr ein bestimmtes Textelement oder eine Grafik ausdr\u00fccklich ein anderer Urheberrechtsinhaber genannt wird. <\/p>\n<p> 7. Technischer Support. Alle Fragen oder Kommentare zum Inhalt dieses Servers sind zu richten an: <\/p>\n<p>Turismo de Arag\u00f3n, S.L.U.<\/p>\n<p>Avda. Ranillas, 3A, 3\u00aa planta, oficina 3D<\/p>\n<p>50018, Zaragoza<\/p>\n<p>Tel\u00e9fono (+34) 976 28 21 81<\/p>\n<p>Email: <a href=\"mailto:turismodearagon@aragon.es\">turismodearagon@aragon.es<\/a><\/p>\n<p> 8. Die Lizenz zur \u00f6ffentlichen Nutzung der Website www.fishinginaragon.com unterliegt der spanischen Gesetzgebung, unabh\u00e4ngig vom Ort des Zugangslandes des Benutzers. Alle Streitigkeiten, die sich aus der Auslegung dieser Zugangsbestimmungen ergeben k\u00f6nnen, werden vor den spanischen Gerichten beigelegt. <\/p>","protected":false},"excerpt":{"rendered":"<p>Nutzungsbedingungen Der Zugriff auf die auf der Website www.fishinginaragon.com ver\u00f6ffentlichten Informationen setzt die Annahme der folgenden Nutzungsbedingungen voraus: 1. Turismo de Arag\u00f3n hat diese Website ver\u00f6ffentlicht, um potenziellen Besuchern unserer Gemeinschaft den Zugang zu offiziellen Touristeninformationen \u00fcber die Autonome Gemeinschaft Arag\u00f3n zu erm\u00f6glichen. Die auf der Website angezeigten Informationen werden den Benutzern, die auf private&#8230;<\/p>\n","protected":false},"author":1,"featured_media":0,"parent":0,"menu_order":0,"comment_status":"closed","ping_status":"closed","template":"","meta":{"footnotes":""},"categories":[],"tags":[],"class_list":["post-568","page","type-page","status-publish","hentry"],"translation":{"provider":"WPGlobus","version":"3.0.2","language":"de","enabled_languages":["es","en","de"],"languages":{"es":{"title":true,"content":true,"excerpt":false},"en":{"title":true,"content":true,"excerpt":false},"de":{"title":false,"content":true,"excerpt":false}}},"yoast_head":"<!-- This site is optimized with the Yoast SEO plugin v27.3 - https:\/\/yoast.com\/product\/yoast-seo-wordpress\/ -->\n<title>- Angeln in Aragonien<\/title>\n<meta name=\"robots\" content=\"index, follow, max-snippet:-1, max-image-preview:large, max-video-preview:-1\" \/>\n<link rel=\"canonical\" href=\"https:\/\/fishinginaragon.com\/condiciones-de-uso\" \/>\n<meta property=\"og:locale\" content=\"de_DE\" \/>\n<meta property=\"og:type\" content=\"article\" \/>\n<meta property=\"og:title\" content=\"- Angeln in Aragonien\" \/>\n<meta property=\"og:url\" content=\"https:\/\/fishinginaragon.com\/condiciones-de-uso\" \/>\n<meta property=\"og:site_name\" content=\"Angeln in Aragonien\" \/>\n<meta property=\"article:modified_time\" content=\"2021-06-04T17:39:01+00:00\" \/>\n<meta name=\"twitter:card\" content=\"summary_large_image\" \/>\n<meta name=\"twitter:label1\" content=\"Est. reading time\" \/>\n\t<meta name=\"twitter:data1\" content=\"2 minutes\" \/>\n<script type=\"application\/ld+json\" class=\"yoast-schema-graph\">{\"@context\":\"https:\\\/\\\/schema.org\",\"@graph\":[{\"@type\":\"WebPage\",\"@id\":\"https:\\\/\\\/fishinginaragon.com\\\/condiciones-de-uso\",\"url\":\"https:\\\/\\\/fishinginaragon.com\\\/condiciones-de-uso\",\"name\":\"- Angeln in Aragonien\",\"isPartOf\":{\"@id\":\"https:\\\/\\\/fishinginaragon.com\\\/#website\"},\"datePublished\":\"2018-12-04T22:48:19+00:00\",\"dateModified\":\"2021-06-04T17:39:01+00:00\",\"breadcrumb\":{\"@id\":\"https:\\\/\\\/fishinginaragon.com\\\/condiciones-de-uso#breadcrumb\"},\"inLanguage\":\"de-DE\",\"potentialAction\":[{\"@type\":\"ReadAction\",\"target\":[\"https:\\\/\\\/fishinginaragon.com\\\/condiciones-de-uso\"]}]},{\"@type\":\"BreadcrumbList\",\"@id\":\"https:\\\/\\\/fishinginaragon.com\\\/condiciones-de-uso#breadcrumb\",\"itemListElement\":[{\"@type\":\"ListItem\",\"position\":1,\"name\":\"Portada\",\"item\":\"https:\\\/\\\/fishinginaragon.com\\\/\"},{\"@type\":\"ListItem\",\"position\":2,\"name\":\"Condiciones de uso\"}]},{\"@type\":\"WebSite\",\"@id\":\"https:\\\/\\\/fishinginaragon.com\\\/#website\",\"url\":\"https:\\\/\\\/fishinginaragon.com\\\/\",\"name\":\"Angeln in Aragonien\",\"description\":\"Turismo de Arag\u00f3n\",\"potentialAction\":[{\"@type\":\"SearchAction\",\"target\":{\"@type\":\"EntryPoint\",\"urlTemplate\":\"https:\\\/\\\/fishinginaragon.com\\\/?s={search_term_string}\"},\"query-input\":{\"@type\":\"PropertyValueSpecification\",\"valueRequired\":true,\"valueName\":\"search_term_string\"}}],\"inLanguage\":\"de-DE\"}]}<\/script>\n<!-- \/ Yoast SEO plugin. -->","yoast_head_json":{"title":"- Angeln in Aragonien","robots":{"index":"index","follow":"follow","max-snippet":"max-snippet:-1","max-image-preview":"max-image-preview:large","max-video-preview":"max-video-preview:-1"},"canonical":"https:\/\/fishinginaragon.com\/condiciones-de-uso","og_locale":"de_DE","og_type":"article","og_title":"- Angeln in Aragonien","og_url":"https:\/\/fishinginaragon.com\/condiciones-de-uso","og_site_name":"Angeln in Aragonien","article_modified_time":"2021-06-04T17:39:01+00:00","twitter_card":"summary_large_image","twitter_misc":{"Est. reading time":"2 minutes"},"schema":{"@context":"https:\/\/schema.org","@graph":[{"@type":"WebPage","@id":"https:\/\/fishinginaragon.com\/condiciones-de-uso","url":"https:\/\/fishinginaragon.com\/condiciones-de-uso","name":"- Angeln in Aragonien","isPartOf":{"@id":"https:\/\/fishinginaragon.com\/#website"},"datePublished":"2018-12-04T22:48:19+00:00","dateModified":"2021-06-04T17:39:01+00:00","breadcrumb":{"@id":"https:\/\/fishinginaragon.com\/condiciones-de-uso#breadcrumb"},"inLanguage":"de-DE","potentialAction":[{"@type":"ReadAction","target":["https:\/\/fishinginaragon.com\/condiciones-de-uso"]}]},{"@type":"BreadcrumbList","@id":"https:\/\/fishinginaragon.com\/condiciones-de-uso#breadcrumb","itemListElement":[{"@type":"ListItem","position":1,"name":"Portada","item":"https:\/\/fishinginaragon.com\/"},{"@type":"ListItem","position":2,"name":"Condiciones de uso"}]},{"@type":"WebSite","@id":"https:\/\/fishinginaragon.com\/#website","url":"https:\/\/fishinginaragon.com\/","name":"Angeln in Aragonien","description":"Turismo de Arag\u00f3n","potentialAction":[{"@type":"SearchAction","target":{"@type":"EntryPoint","urlTemplate":"https:\/\/fishinginaragon.com\/?s={search_term_string}"},"query-input":{"@type":"PropertyValueSpecification","valueRequired":true,"valueName":"search_term_string"}}],"inLanguage":"de-DE"}]}},"_links":{"self":[{"href":"https:\/\/fishinginaragon.com\/de\/wp-json\/wp\/v2\/pages\/568","targetHints":{"allow":["GET"]}}],"collection":[{"href":"https:\/\/fishinginaragon.com\/de\/wp-json\/wp\/v2\/pages"}],"about":[{"href":"https:\/\/fishinginaragon.com\/de\/wp-json\/wp\/v2\/types\/page"}],"author":[{"embeddable":true,"href":"https:\/\/fishinginaragon.com\/de\/wp-json\/wp\/v2\/users\/1"}],"replies":[{"embeddable":true,"href":"https:\/\/fishinginaragon.com\/de\/wp-json\/wp\/v2\/comments?post=568"}],"version-history":[{"count":2,"href":"https:\/\/fishinginaragon.com\/de\/wp-json\/wp\/v2\/pages\/568\/revisions"}],"predecessor-version":[{"id":1295,"href":"https:\/\/fishinginaragon.com\/de\/wp-json\/wp\/v2\/pages\/568\/revisions\/1295"}],"wp:attachment":[{"href":"https:\/\/fishinginaragon.com\/de\/wp-json\/wp\/v2\/media?parent=568"}],"wp:term":[{"taxonomy":"category","embeddable":true,"href":"https:\/\/fishinginaragon.com\/de\/wp-json\/wp\/v2\/categories?post=568"},{"taxonomy":"post_tag","embeddable":true,"href":"https:\/\/fishinginaragon.com\/de\/wp-json\/wp\/v2\/tags?post=568"}],"curies":[{"name":"wp","href":"https:\/\/api.w.org\/{rel}","templated":true}]}}