{"id":566,"date":"2018-12-04T22:44:08","date_gmt":"2018-12-04T22:44:08","guid":{"rendered":"https:\/\/fishinginaragon.com\/?page_id=566"},"modified":"2021-06-04T17:36:46","modified_gmt":"2021-06-04T17:36:46","slug":"aviso-legal","status":"publish","type":"page","link":"https:\/\/fishinginaragon.com\/de\/aviso-legal","title":{"rendered":"Rechtlicher Hinweis"},"content":{"rendered":"\n<pre id=\"tw-target-text\" class=\"wp-block-preformatted\">Rechtlicher Hinweis<\/pre>\n\n\n<p>Die vollst\u00e4ndige oder teilweise Reproduktion von Texten und Grafiken ohne ausdr\u00fcckliche schriftliche Genehmigung ist untersagt.<\/p>\n<p>Das Einf\u00fcgen dieser Texte, Bilder oder Nachrichten in die Ver\u00f6ffentlichung oder Verbreitung auf f\u00fcr Dritte zug\u00e4nglichen Tr\u00e4gern jeglicher Art bedarf der ausdr\u00fccklichen schriftlichen Genehmigung der Regierung von Aragon.<\/p>\n<p>Die private Verwendung der auf dieser Website ver\u00f6ffentlichten Texte, Nachrichten und Daten zu rein pers\u00f6nlichen Zwecken ist gestattet.<\/p>\n<p><strong>SOCIEDAD DE PROMOCI\u00d3N Y GESTI\u00d3N DEL TURISMO ARAGON\u00c9S, S.L.U. \u2013 Turismo de Arag\u00f3n<\/strong><\/p>\n<p>Avda. Ranillas, 3A, 3\u00aa planta, oficina 3D, 50.018 Zaragoza<\/p>\n<p>50018. Zaragoza<\/p>\n<p>Tel.: 976 282 181<\/p>\n<p>Fax.: 976 280 746<\/p>\n<p>Registriert im Registro Mercantil de Zaragoza. Tomo 3375, Libro 0, Folio 73, Secci\u00f3n 8, Hoja Z-30219, Inscripci\u00f3n 18 \u2013 CIF B-50902345<\/p>","protected":false},"excerpt":{"rendered":"<p>Rechtlicher Hinweis Die vollst\u00e4ndige oder teilweise Reproduktion von Texten und Grafiken ohne ausdr\u00fcckliche schriftliche Genehmigung ist untersagt. Das Einf\u00fcgen dieser Texte, Bilder oder Nachrichten in die Ver\u00f6ffentlichung oder Verbreitung auf f\u00fcr Dritte zug\u00e4nglichen Tr\u00e4gern jeglicher Art bedarf der ausdr\u00fccklichen schriftlichen Genehmigung der Regierung von Aragon. Die private Verwendung der auf dieser Website ver\u00f6ffentlichten Texte, Nachrichten&#8230;<\/p>\n","protected":false},"author":1,"featured_media":0,"parent":0,"menu_order":0,"comment_status":"closed","ping_status":"closed","template":"","meta":{"footnotes":""},"categories":[],"tags":[],"class_list":["post-566","page","type-page","status-publish","hentry"],"translation":{"provider":"WPGlobus","version":"3.0.2","language":"de","enabled_languages":["es","en","de"],"languages":{"es":{"title":true,"content":true,"excerpt":false},"en":{"title":true,"content":true,"excerpt":false},"de":{"title":true,"content":true,"excerpt":false}}},"yoast_head":"<!-- This site is optimized with the Yoast SEO plugin v27.3 - https:\/\/yoast.com\/product\/yoast-seo-wordpress\/ -->\n<title>Rechtlicher Hinweis - Angeln in Aragonien<\/title>\n<meta name=\"robots\" content=\"index, follow, max-snippet:-1, max-image-preview:large, max-video-preview:-1\" \/>\n<link rel=\"canonical\" href=\"https:\/\/fishinginaragon.com\/en\/aviso-legal\" \/>\n<meta property=\"og:locale\" content=\"de_DE\" \/>\n<meta property=\"og:type\" content=\"article\" \/>\n<meta property=\"og:title\" content=\"Rechtlicher Hinweis - Angeln in Aragonien\" \/>\n<meta property=\"og:url\" content=\"https:\/\/fishinginaragon.com\/en\/aviso-legal\" \/>\n<meta property=\"og:site_name\" content=\"Angeln in Aragonien\" \/>\n<meta property=\"article:modified_time\" content=\"2021-06-04T17:36:46+00:00\" \/>\n<meta name=\"twitter:card\" content=\"summary_large_image\" \/>\n<meta name=\"twitter:label1\" content=\"Est. reading time\" \/>\n\t<meta name=\"twitter:data1\" content=\"1 minute\" \/>\n<script type=\"application\/ld+json\" class=\"yoast-schema-graph\">{\"@context\":\"https:\\\/\\\/schema.org\",\"@graph\":[{\"@type\":\"WebPage\",\"@id\":\"https:\\\/\\\/fishinginaragon.com\\\/en\\\/aviso-legal\",\"url\":\"https:\\\/\\\/fishinginaragon.com\\\/en\\\/aviso-legal\",\"name\":\"Rechtlicher Hinweis - Angeln in Aragonien\",\"isPartOf\":{\"@id\":\"https:\\\/\\\/fishinginaragon.com\\\/#website\"},\"datePublished\":\"2018-12-04T22:44:08+00:00\",\"dateModified\":\"2021-06-04T17:36:46+00:00\",\"breadcrumb\":{\"@id\":\"https:\\\/\\\/fishinginaragon.com\\\/en\\\/aviso-legal#breadcrumb\"},\"inLanguage\":\"de-DE\",\"potentialAction\":[{\"@type\":\"ReadAction\",\"target\":[\"https:\\\/\\\/fishinginaragon.com\\\/en\\\/aviso-legal\"]}]},{\"@type\":\"BreadcrumbList\",\"@id\":\"https:\\\/\\\/fishinginaragon.com\\\/en\\\/aviso-legal#breadcrumb\",\"itemListElement\":[{\"@type\":\"ListItem\",\"position\":1,\"name\":\"Portada\",\"item\":\"https:\\\/\\\/fishinginaragon.com\\\/\"},{\"@type\":\"ListItem\",\"position\":2,\"name\":\"Legal warning\"}]},{\"@type\":\"WebSite\",\"@id\":\"https:\\\/\\\/fishinginaragon.com\\\/#website\",\"url\":\"https:\\\/\\\/fishinginaragon.com\\\/\",\"name\":\"Angeln in Aragonien\",\"description\":\"Turismo de Arag\u00f3n\",\"potentialAction\":[{\"@type\":\"SearchAction\",\"target\":{\"@type\":\"EntryPoint\",\"urlTemplate\":\"https:\\\/\\\/fishinginaragon.com\\\/?s={search_term_string}\"},\"query-input\":{\"@type\":\"PropertyValueSpecification\",\"valueRequired\":true,\"valueName\":\"search_term_string\"}}],\"inLanguage\":\"de-DE\"}]}<\/script>\n<!-- \/ Yoast SEO plugin. -->","yoast_head_json":{"title":"Rechtlicher Hinweis - Angeln in Aragonien","robots":{"index":"index","follow":"follow","max-snippet":"max-snippet:-1","max-image-preview":"max-image-preview:large","max-video-preview":"max-video-preview:-1"},"canonical":"https:\/\/fishinginaragon.com\/en\/aviso-legal","og_locale":"de_DE","og_type":"article","og_title":"Rechtlicher Hinweis - Angeln in Aragonien","og_url":"https:\/\/fishinginaragon.com\/en\/aviso-legal","og_site_name":"Angeln in Aragonien","article_modified_time":"2021-06-04T17:36:46+00:00","twitter_card":"summary_large_image","twitter_misc":{"Est. reading time":"1 minute"},"schema":{"@context":"https:\/\/schema.org","@graph":[{"@type":"WebPage","@id":"https:\/\/fishinginaragon.com\/en\/aviso-legal","url":"https:\/\/fishinginaragon.com\/en\/aviso-legal","name":"Rechtlicher Hinweis - Angeln in Aragonien","isPartOf":{"@id":"https:\/\/fishinginaragon.com\/#website"},"datePublished":"2018-12-04T22:44:08+00:00","dateModified":"2021-06-04T17:36:46+00:00","breadcrumb":{"@id":"https:\/\/fishinginaragon.com\/en\/aviso-legal#breadcrumb"},"inLanguage":"de-DE","potentialAction":[{"@type":"ReadAction","target":["https:\/\/fishinginaragon.com\/en\/aviso-legal"]}]},{"@type":"BreadcrumbList","@id":"https:\/\/fishinginaragon.com\/en\/aviso-legal#breadcrumb","itemListElement":[{"@type":"ListItem","position":1,"name":"Portada","item":"https:\/\/fishinginaragon.com\/"},{"@type":"ListItem","position":2,"name":"Legal warning"}]},{"@type":"WebSite","@id":"https:\/\/fishinginaragon.com\/#website","url":"https:\/\/fishinginaragon.com\/","name":"Angeln in Aragonien","description":"Turismo de Arag\u00f3n","potentialAction":[{"@type":"SearchAction","target":{"@type":"EntryPoint","urlTemplate":"https:\/\/fishinginaragon.com\/?s={search_term_string}"},"query-input":{"@type":"PropertyValueSpecification","valueRequired":true,"valueName":"search_term_string"}}],"inLanguage":"de-DE"}]}},"_links":{"self":[{"href":"https:\/\/fishinginaragon.com\/de\/wp-json\/wp\/v2\/pages\/566","targetHints":{"allow":["GET"]}}],"collection":[{"href":"https:\/\/fishinginaragon.com\/de\/wp-json\/wp\/v2\/pages"}],"about":[{"href":"https:\/\/fishinginaragon.com\/de\/wp-json\/wp\/v2\/types\/page"}],"author":[{"embeddable":true,"href":"https:\/\/fishinginaragon.com\/de\/wp-json\/wp\/v2\/users\/1"}],"replies":[{"embeddable":true,"href":"https:\/\/fishinginaragon.com\/de\/wp-json\/wp\/v2\/comments?post=566"}],"version-history":[{"count":3,"href":"https:\/\/fishinginaragon.com\/de\/wp-json\/wp\/v2\/pages\/566\/revisions"}],"predecessor-version":[{"id":1292,"href":"https:\/\/fishinginaragon.com\/de\/wp-json\/wp\/v2\/pages\/566\/revisions\/1292"}],"wp:attachment":[{"href":"https:\/\/fishinginaragon.com\/de\/wp-json\/wp\/v2\/media?parent=566"}],"wp:term":[{"taxonomy":"category","embeddable":true,"href":"https:\/\/fishinginaragon.com\/de\/wp-json\/wp\/v2\/categories?post=566"},{"taxonomy":"post_tag","embeddable":true,"href":"https:\/\/fishinginaragon.com\/de\/wp-json\/wp\/v2\/tags?post=566"}],"curies":[{"name":"wp","href":"https:\/\/api.w.org\/{rel}","templated":true}]}}