{"id":564,"date":"2018-12-04T22:42:19","date_gmt":"2018-12-04T22:42:19","guid":{"rendered":"https:\/\/fishinginaragon.com\/?page_id=564"},"modified":"2021-06-04T17:45:22","modified_gmt":"2021-06-04T17:45:22","slug":"privacidad","status":"publish","type":"page","link":"https:\/\/fishinginaragon.com\/de\/privacidad","title":{"rendered":"Datenschutz-Bestimmungen"},"content":{"rendered":"<p>In \u00dcbereinstimmung mit dem L.O.P.D. und die Verordnung des Europ\u00e4ischen Parlaments und des Rates 2016\/679 vom 26. April zum Schutz nat\u00fcrlicher Personen bei der Verarbeitung personenbezogener Daten und zum freien Verkehr dieser Daten und durch die die Richtlinie aufgehoben wird 95\/46 \/ CE informieren wir Sie, dass die hier angegebenen personenbezogenen Daten Teil einer Datei sind, die der Sociedad de Promoci\u00f3n y Gesti\u00f3n del Turismo Aragon\u00e9s, SLU . geh\u00f6rt (Turismo de Arag\u00f3n), um Ihre Anfrage zu erf\u00fcllen. Die von dem Unternehmen durchgef\u00fchrte Datenverarbeitung ist in der Durchf\u00fchrung eines Arbeits- oder Handelsvertrags oder in der von Ihnen selbst erteilten Einwilligung legitimiert.<br \/>\nDiese Daten werden nicht an Dritte weitergegeben, es sei denn, dies ist ausdr\u00fccklich gesetzlich erlaubt oder vorgeschrieben oder zur Erf\u00fcllung des Zwecks der Datenerhebung erforderlich (zB andere \u00f6ffentliche Verwaltungen etc.). Eine internationale Daten\u00fcbertragung ist jedoch nicht vorgesehen.<br \/>\nUngeachtet dessen haben Sie das Recht, Zugang zu Ihren personenbezogenen Daten zu verlangen, deren Berichtigung oder L\u00f6schung zu verlangen, die Einschr\u00e4nkung ihrer Verarbeitung zu verlangen, das Recht, der Verarbeitung zu widersprechen und das Recht auf \u00dcbertragbarkeit Ihrer Daten Daten. Sie haben auch das Recht, Ihre Einwilligung zur Verarbeitung Ihrer Daten zu widerrufen. Dazu m\u00fcssen Sie eine E-Mail an die unten angegebene Adresse senden und Ihren Antrag zusammen mit einer Kopie Ihres Personalausweises formalisieren.<br \/>\nHierzu k\u00f6nnen Sie uns kontaktieren unter:<br \/>\nSociedad de Promoci\u00f3n y Gesti\u00f3n del Turismo Aragon\u00e9s, S.L.U. (Turismo de Arag\u00f3n)<br \/>\nAvd. Ranillas 3\u00aa, 3\u00aa planta, oficina 3D<br \/>\n50018 Zaragoza<br \/>\nTfn. 976 282 181<br \/>\n<a href=\"http:\/\/www.turismoaragon.com\">www.turismodearagon.com<\/a><br \/>\nMail: <a href=\"mailto:turismodearagon@aragon.es\">turismodearagon@aragon.es<\/a><br \/>\nTurismo de Arag\u00f3n verpflichtet sich, seiner Verpflichtung zur Geheimhaltung personenbezogener Daten und seiner Aufbewahrungspflicht nachzukommen, indem er die erforderlichen Ma\u00dfnahmen ergreift, um deren \u00c4nderung, Verlust, Verarbeitung oder unbefugten Zugriff zu verhindern, wobei der Stand der Technik jederzeit ber\u00fccksichtigt wird. Diese Daten werden solange aufbewahrt, wie das Besch\u00e4ftigungs- oder Gesch\u00e4ftsverh\u00e4ltnis aufrechterhalten wird und deren L\u00f6schung nicht vom Interessenten verlangt wird. Anschlie\u00dfend werden sie nach Ablauf der gesetzlich vorgesehenen Frist in arbeits-, steuer- und buchhalterischen Angelegenheiten gegebenenfalls aufgehoben oder vernichtet.<br \/>\nDer Benutzer wird in jedem Fall auf die Richtigkeit der angegebenen Daten reagieren, wobei sich diese Einrichtung das Recht vorbeh\u00e4lt, jeden Benutzer, der falsche Daten angegeben hat, von den registrierten Diensten auszuschlie\u00dfen.<br \/>\nFalls Sie der Meinung sind, dass eines der oben genannten Rechte verletzt wurde, insbesondere wenn Sie bei der Aus\u00fcbung nicht zufrieden sind, k\u00f6nnen Sie \u00fcber die Website www.agpd.es eine Beschwerde bei der zust\u00e4ndigen Datenschutzbeh\u00f6rde einreichen.<br \/>\nDas Management<br \/>\nF\u00fcr weitere Informationen besuchen Sie: <a href=\"https:\/\/www.turismodearagon.com\/es\/politica-de-privacidad.html\" rel=\"noopener noreferrer\" target=\"_blank\">https:\/\/www.turismodearagon.com\/es\/politica-de-privacidad.html<\/a><\/p>\n","protected":false},"excerpt":{"rendered":"<p>In \u00dcbereinstimmung mit dem L.O.P.D. und die Verordnung des Europ\u00e4ischen Parlaments und des Rates 2016\/679 vom 26. April zum Schutz nat\u00fcrlicher Personen bei der Verarbeitung personenbezogener Daten und zum freien Verkehr dieser Daten und durch die die Richtlinie aufgehoben wird 95\/46 \/ CE informieren wir Sie, dass die hier angegebenen personenbezogenen Daten Teil einer Datei&#8230;<\/p>\n","protected":false},"author":1,"featured_media":0,"parent":0,"menu_order":0,"comment_status":"closed","ping_status":"closed","template":"","meta":{"footnotes":""},"categories":[],"tags":[],"class_list":["post-564","page","type-page","status-publish","hentry"],"translation":{"provider":"WPGlobus","version":"3.0.2","language":"de","enabled_languages":["es","en","de"],"languages":{"es":{"title":true,"content":true,"excerpt":false},"en":{"title":true,"content":true,"excerpt":false},"de":{"title":true,"content":true,"excerpt":false}}},"yoast_head":"<!-- This site is optimized with the Yoast SEO plugin v27.3 - https:\/\/yoast.com\/product\/yoast-seo-wordpress\/ -->\n<title>Datenschutz-Bestimmungen - Angeln in Aragonien<\/title>\n<meta name=\"robots\" content=\"index, follow, max-snippet:-1, max-image-preview:large, max-video-preview:-1\" \/>\n<link rel=\"canonical\" href=\"https:\/\/fishinginaragon.com\/en\/privacidad\" \/>\n<meta property=\"og:locale\" content=\"de_DE\" \/>\n<meta property=\"og:type\" content=\"article\" \/>\n<meta property=\"og:title\" content=\"Datenschutz-Bestimmungen - Angeln in Aragonien\" \/>\n<meta property=\"og:url\" content=\"https:\/\/fishinginaragon.com\/en\/privacidad\" \/>\n<meta property=\"og:site_name\" content=\"Angeln in Aragonien\" \/>\n<meta property=\"article:modified_time\" content=\"2021-06-04T17:45:22+00:00\" \/>\n<meta name=\"twitter:card\" content=\"summary_large_image\" \/>\n<meta name=\"twitter:label1\" content=\"Est. reading time\" \/>\n\t<meta name=\"twitter:data1\" content=\"2 minutes\" \/>\n<script type=\"application\/ld+json\" class=\"yoast-schema-graph\">{\"@context\":\"https:\\\/\\\/schema.org\",\"@graph\":[{\"@type\":\"WebPage\",\"@id\":\"https:\\\/\\\/fishinginaragon.com\\\/en\\\/privacidad\",\"url\":\"https:\\\/\\\/fishinginaragon.com\\\/en\\\/privacidad\",\"name\":\"Datenschutz-Bestimmungen - Angeln in Aragonien\",\"isPartOf\":{\"@id\":\"https:\\\/\\\/fishinginaragon.com\\\/#website\"},\"datePublished\":\"2018-12-04T22:42:19+00:00\",\"dateModified\":\"2021-06-04T17:45:22+00:00\",\"breadcrumb\":{\"@id\":\"https:\\\/\\\/fishinginaragon.com\\\/en\\\/privacidad#breadcrumb\"},\"inLanguage\":\"de-DE\",\"potentialAction\":[{\"@type\":\"ReadAction\",\"target\":[\"https:\\\/\\\/fishinginaragon.com\\\/en\\\/privacidad\"]}]},{\"@type\":\"BreadcrumbList\",\"@id\":\"https:\\\/\\\/fishinginaragon.com\\\/en\\\/privacidad#breadcrumb\",\"itemListElement\":[{\"@type\":\"ListItem\",\"position\":1,\"name\":\"Portada\",\"item\":\"https:\\\/\\\/fishinginaragon.com\\\/\"},{\"@type\":\"ListItem\",\"position\":2,\"name\":\"Privacy policy\"}]},{\"@type\":\"WebSite\",\"@id\":\"https:\\\/\\\/fishinginaragon.com\\\/#website\",\"url\":\"https:\\\/\\\/fishinginaragon.com\\\/\",\"name\":\"Angeln in Aragonien\",\"description\":\"Turismo de Arag\u00f3n\",\"potentialAction\":[{\"@type\":\"SearchAction\",\"target\":{\"@type\":\"EntryPoint\",\"urlTemplate\":\"https:\\\/\\\/fishinginaragon.com\\\/?s={search_term_string}\"},\"query-input\":{\"@type\":\"PropertyValueSpecification\",\"valueRequired\":true,\"valueName\":\"search_term_string\"}}],\"inLanguage\":\"de-DE\"}]}<\/script>\n<!-- \/ Yoast SEO plugin. -->","yoast_head_json":{"title":"Datenschutz-Bestimmungen - Angeln in Aragonien","robots":{"index":"index","follow":"follow","max-snippet":"max-snippet:-1","max-image-preview":"max-image-preview:large","max-video-preview":"max-video-preview:-1"},"canonical":"https:\/\/fishinginaragon.com\/en\/privacidad","og_locale":"de_DE","og_type":"article","og_title":"Datenschutz-Bestimmungen - Angeln in Aragonien","og_url":"https:\/\/fishinginaragon.com\/en\/privacidad","og_site_name":"Angeln in Aragonien","article_modified_time":"2021-06-04T17:45:22+00:00","twitter_card":"summary_large_image","twitter_misc":{"Est. reading time":"2 minutes"},"schema":{"@context":"https:\/\/schema.org","@graph":[{"@type":"WebPage","@id":"https:\/\/fishinginaragon.com\/en\/privacidad","url":"https:\/\/fishinginaragon.com\/en\/privacidad","name":"Datenschutz-Bestimmungen - Angeln in Aragonien","isPartOf":{"@id":"https:\/\/fishinginaragon.com\/#website"},"datePublished":"2018-12-04T22:42:19+00:00","dateModified":"2021-06-04T17:45:22+00:00","breadcrumb":{"@id":"https:\/\/fishinginaragon.com\/en\/privacidad#breadcrumb"},"inLanguage":"de-DE","potentialAction":[{"@type":"ReadAction","target":["https:\/\/fishinginaragon.com\/en\/privacidad"]}]},{"@type":"BreadcrumbList","@id":"https:\/\/fishinginaragon.com\/en\/privacidad#breadcrumb","itemListElement":[{"@type":"ListItem","position":1,"name":"Portada","item":"https:\/\/fishinginaragon.com\/"},{"@type":"ListItem","position":2,"name":"Privacy policy"}]},{"@type":"WebSite","@id":"https:\/\/fishinginaragon.com\/#website","url":"https:\/\/fishinginaragon.com\/","name":"Angeln in Aragonien","description":"Turismo de Arag\u00f3n","potentialAction":[{"@type":"SearchAction","target":{"@type":"EntryPoint","urlTemplate":"https:\/\/fishinginaragon.com\/?s={search_term_string}"},"query-input":{"@type":"PropertyValueSpecification","valueRequired":true,"valueName":"search_term_string"}}],"inLanguage":"de-DE"}]}},"_links":{"self":[{"href":"https:\/\/fishinginaragon.com\/de\/wp-json\/wp\/v2\/pages\/564","targetHints":{"allow":["GET"]}}],"collection":[{"href":"https:\/\/fishinginaragon.com\/de\/wp-json\/wp\/v2\/pages"}],"about":[{"href":"https:\/\/fishinginaragon.com\/de\/wp-json\/wp\/v2\/types\/page"}],"author":[{"embeddable":true,"href":"https:\/\/fishinginaragon.com\/de\/wp-json\/wp\/v2\/users\/1"}],"replies":[{"embeddable":true,"href":"https:\/\/fishinginaragon.com\/de\/wp-json\/wp\/v2\/comments?post=564"}],"version-history":[{"count":3,"href":"https:\/\/fishinginaragon.com\/de\/wp-json\/wp\/v2\/pages\/564\/revisions"}],"predecessor-version":[{"id":1303,"href":"https:\/\/fishinginaragon.com\/de\/wp-json\/wp\/v2\/pages\/564\/revisions\/1303"}],"wp:attachment":[{"href":"https:\/\/fishinginaragon.com\/de\/wp-json\/wp\/v2\/media?parent=564"}],"wp:term":[{"taxonomy":"category","embeddable":true,"href":"https:\/\/fishinginaragon.com\/de\/wp-json\/wp\/v2\/categories?post=564"},{"taxonomy":"post_tag","embeddable":true,"href":"https:\/\/fishinginaragon.com\/de\/wp-json\/wp\/v2\/tags?post=564"}],"curies":[{"name":"wp","href":"https:\/\/api.w.org\/{rel}","templated":true}]}}