{"id":557,"date":"2018-12-04T22:30:46","date_gmt":"2018-12-04T22:30:46","guid":{"rendered":"https:\/\/fishinginaragon.com\/?page_id=557"},"modified":"2022-07-06T17:07:46","modified_gmt":"2022-07-06T17:07:46","slug":"normativa","status":"publish","type":"page","link":"https:\/\/fishinginaragon.com\/de\/normativa","title":{"rendered":"Vorschriften und angelcheine"},"content":{"rendered":"<h2>Normen<\/h2>\n<p><span class=\"dropcap \">E<\/span>s ist wichtig, die Gesetzgebung und die in unserer Region geltenden Vorschriften zu kennen und zu beachten.<br \/>\nAuf der Webseite der aragonischen Regierung gibt es eine Brosch\u00fcre mit der Bezeichnung<br \/>\n&#8220;Allgemeine Angaben \u00fcber das Angeln in Aragonien&#8221; (Generalidades de la Pesca en Arag\u00f3n). Darin sind alle Angaben \u00fcber Angelscheine, Methoden und Mittel, K\u00f6der, Angelperioden und -termine sowie Auskunft \u00fcber die Angelreviere klar und deutlich dargestellt.<br \/>\nSie k\u00f6nnen sich diese Brosch\u00fcre im folgenden <a href=\"https:\/\/www.aragon.es\/-\/pesca-folletos-informativos\" target=\"_blank\" rel=\"noopener noreferrer\">link<\/a> herunterladen.<\/p>\n<p>Diese Vorschriften k\u00f6nnen jedoch jedes Jahr ge\u00e4ndert werden.<\/p>\n<p>Somit dient dieses Dokument rein zur Information. Rechtlich gelten f\u00fcr das laufende Jahr die Vorgaben unter <a href=\"https:\/\/www.aragon.es\/documents\/20127\/35127771\/Pesca_generalidades_2022.pdf\/4cf4b591-1f53-b764-235d-8bcf8d86499b?t=1641980417411\" target=\"_blank\" rel=\"noopener noreferrer\">Allgemeinen Angelprogramm f\u00fcr Aragonien<\/a><\/p>\n<p>Im offiziellen Anzeiger von Aragonien (BOA, Boletin Oficial de Arag\u00f3n) k\u00f6nnen Sie aktuelle Informationen, die regelm\u00e4\u00dfig ver\u00f6ffentlicht werden, finden.<\/p>\n<div class=\"clearfix\"><\/div><div class=\"divider margin-top-30\"><\/div>\n<h2>Angelscheine<\/h2>\n<p><span class=\"dropcap \">Z<\/span>um Angeln in den Kontinentalgew\u00e4ssern der Region Aragonien muss man unbedingt \u00fcber einen Angelschein\u00a0verf\u00fcgen. Dieser wird vom aragonischen Institut f\u00fcr Umweltmanagement (Instituto Aragon\u00e9s de Gesti\u00f3n Ambiental, INAGA) ausgestellt. Andernfalls dient ein \u00fcberregionaler Angelschein einer anderen spanischen Region, der auch f\u00fcr Aragonien g\u00fcltig sein muss. Dabei handelt es sich ein pers\u00f6nliches, nicht \u00fcbertragbares Pflichtdokument, das die Bef\u00e4higung seines Inhabers f\u00fcr das Angeln in der Region von Aragonien nachweist. Er kann ein Jahr oder f\u00fcnf Jahre lang g\u00fcltig sein. F\u00fcr Rentner und Jugendliche unter 14 Jahren ist er kostenlos.<\/p>\n<p><a href=\"https:\/\/www.aragon.es\/-\/expedicion-licencias-caza-y-pesca\" target=\"_blank\" rel=\"noopener noreferrer\">Onlineverkauf von Angelscheinen der Regierung von Aragonien<\/a><\/p>\n<p>Wer in Sozialen Angelrevieren\u00a0angeln m\u00f6chte, ben\u00f6tigt au\u00dferdem eine beh\u00f6rdliche Genehmigung, die man pers\u00f6nlich\u00a0von der aragonischen Regierung in den Abteilungen &#8220;Servicios Provinciales de Desarrollo Rural y Sostenibilidad&#8221; wie auch in den &#8220;Oficinas Comarcales Agroambientales, OCAs&#8221; erhalten kann.<\/p>\n<p><a href=\"https:\/\/www.aragon.es\/tramitador\/-\/tramite\/permisos-pesca-cotos-sociales\" target=\"_blank\" rel=\"noopener noreferrer\">Angelscheine f\u00fcr soziale Angelreviere<\/a><\/p>\n<p>Zum Angeln in <strong>Sportfischereirevieren<\/strong> werden die Angelscheine vom aragonischen Verband f\u00fcr Angeln und Casting (Federaci\u00f3n Aragonesa de Pesca y Casting, FAPYC) ausgestellt und sind online auf dessen Webseite erh\u00e4ltlich.<\/p>\n<p><a href=\"https:\/\/fapyc.es\/permisos-online\" target=\"_blank\" rel=\"noopener noreferrer\">Onlineverkauf von Angelscheinen f\u00fcr Sportfischereireviere<\/a><\/p>\n","protected":false},"excerpt":{"rendered":"<p>Normen s ist wichtig, die Gesetzgebung und die in unserer Region geltenden Vorschriften zu kennen und zu beachten. Auf der Webseite der aragonischen Regierung gibt es eine Brosch\u00fcre mit der Bezeichnung &#8220;Allgemeine Angaben \u00fcber das Angeln in Aragonien&#8221; (Generalidades de la Pesca en Arag\u00f3n). Darin sind alle Angaben \u00fcber Angelscheine, Methoden und Mittel, K\u00f6der, Angelperioden&#8230;<\/p>\n","protected":false},"author":1,"featured_media":0,"parent":0,"menu_order":0,"comment_status":"closed","ping_status":"closed","template":"","meta":{"footnotes":""},"categories":[],"tags":[],"class_list":["post-557","page","type-page","status-publish","hentry"],"translation":{"provider":"WPGlobus","version":"3.0.2","language":"de","enabled_languages":["es","en","de"],"languages":{"es":{"title":true,"content":true,"excerpt":false},"en":{"title":true,"content":true,"excerpt":false},"de":{"title":true,"content":true,"excerpt":false}}},"yoast_head":"<!-- This site is optimized with the Yoast SEO plugin v27.3 - https:\/\/yoast.com\/product\/yoast-seo-wordpress\/ -->\n<title>Vorschriften und angelcheine - Angeln in Aragonien<\/title>\n<meta name=\"description\" content=\"Es ist wichtig, die Gesetzgebung und die in unserer Region geltenden Vorschriften zu kennen und zu beachten.\" \/>\n<meta name=\"robots\" content=\"index, follow, max-snippet:-1, max-image-preview:large, max-video-preview:-1\" \/>\n<link rel=\"canonical\" href=\"https:\/\/fishinginaragon.com\/normativa\" \/>\n<meta property=\"og:locale\" content=\"de_DE\" \/>\n<meta property=\"og:type\" content=\"article\" \/>\n<meta property=\"og:title\" content=\"Vorschriften und angelcheine - Angeln in Aragonien\" \/>\n<meta property=\"og:description\" content=\"Es ist wichtig, die Gesetzgebung und die in unserer Region geltenden Vorschriften zu kennen und zu beachten.\" \/>\n<meta property=\"og:url\" content=\"https:\/\/fishinginaragon.com\/normativa\" \/>\n<meta property=\"og:site_name\" content=\"Angeln in Aragonien\" \/>\n<meta property=\"article:modified_time\" content=\"2022-07-06T17:07:46+00:00\" \/>\n<meta name=\"twitter:card\" content=\"summary_large_image\" \/>\n<meta name=\"twitter:label1\" content=\"Est. reading time\" \/>\n\t<meta name=\"twitter:data1\" content=\"2 minutes\" \/>\n<script type=\"application\/ld+json\" class=\"yoast-schema-graph\">{\"@context\":\"https:\\\/\\\/schema.org\",\"@graph\":[{\"@type\":\"WebPage\",\"@id\":\"https:\\\/\\\/fishinginaragon.com\\\/normativa\",\"url\":\"https:\\\/\\\/fishinginaragon.com\\\/normativa\",\"name\":\"Vorschriften und angelcheine - Angeln in Aragonien\",\"isPartOf\":{\"@id\":\"https:\\\/\\\/fishinginaragon.com\\\/#website\"},\"datePublished\":\"2018-12-04T22:30:46+00:00\",\"dateModified\":\"2022-07-06T17:07:46+00:00\",\"description\":\"Licencias necesarias para la pr\u00e1ctica de la pesca en Arag\u00f3n. Normativa y legislaci\u00f3n que se aplica en materia de pesca en Arag\u00f3n.\",\"breadcrumb\":{\"@id\":\"https:\\\/\\\/fishinginaragon.com\\\/normativa#breadcrumb\"},\"inLanguage\":\"de-DE\",\"potentialAction\":[{\"@type\":\"ReadAction\",\"target\":[\"https:\\\/\\\/fishinginaragon.com\\\/normativa\"]}]},{\"@type\":\"BreadcrumbList\",\"@id\":\"https:\\\/\\\/fishinginaragon.com\\\/normativa#breadcrumb\",\"itemListElement\":[{\"@type\":\"ListItem\",\"position\":1,\"name\":\"Portada\",\"item\":\"https:\\\/\\\/fishinginaragon.com\\\/\"},{\"@type\":\"ListItem\",\"position\":2,\"name\":\"Normativa y licencias\"}]},{\"@type\":\"WebSite\",\"@id\":\"https:\\\/\\\/fishinginaragon.com\\\/#website\",\"url\":\"https:\\\/\\\/fishinginaragon.com\\\/\",\"name\":\"Angeln in Aragonien\",\"description\":\"Turismo de Arag\u00f3n\",\"potentialAction\":[{\"@type\":\"SearchAction\",\"target\":{\"@type\":\"EntryPoint\",\"urlTemplate\":\"https:\\\/\\\/fishinginaragon.com\\\/?s={search_term_string}\"},\"query-input\":{\"@type\":\"PropertyValueSpecification\",\"valueRequired\":true,\"valueName\":\"search_term_string\"}}],\"inLanguage\":\"de-DE\"}]}<\/script>\n<!-- \/ Yoast SEO plugin. -->","yoast_head_json":{"title":"Vorschriften und angelcheine - Angeln in Aragonien","description":"Es ist wichtig, die Gesetzgebung und die in unserer Region geltenden Vorschriften zu kennen und zu beachten.","robots":{"index":"index","follow":"follow","max-snippet":"max-snippet:-1","max-image-preview":"max-image-preview:large","max-video-preview":"max-video-preview:-1"},"canonical":"https:\/\/fishinginaragon.com\/normativa","og_locale":"de_DE","og_type":"article","og_title":"Vorschriften und angelcheine - Angeln in Aragonien","og_description":"Es ist wichtig, die Gesetzgebung und die in unserer Region geltenden Vorschriften zu kennen und zu beachten.","og_url":"https:\/\/fishinginaragon.com\/normativa","og_site_name":"Angeln in Aragonien","article_modified_time":"2022-07-06T17:07:46+00:00","twitter_card":"summary_large_image","twitter_misc":{"Est. reading time":"2 minutes"},"schema":{"@context":"https:\/\/schema.org","@graph":[{"@type":"WebPage","@id":"https:\/\/fishinginaragon.com\/normativa","url":"https:\/\/fishinginaragon.com\/normativa","name":"Vorschriften und angelcheine - Angeln in Aragonien","isPartOf":{"@id":"https:\/\/fishinginaragon.com\/#website"},"datePublished":"2018-12-04T22:30:46+00:00","dateModified":"2022-07-06T17:07:46+00:00","description":"Licencias necesarias para la pr\u00e1ctica de la pesca en Arag\u00f3n. Normativa y legislaci\u00f3n que se aplica en materia de pesca en Arag\u00f3n.","breadcrumb":{"@id":"https:\/\/fishinginaragon.com\/normativa#breadcrumb"},"inLanguage":"de-DE","potentialAction":[{"@type":"ReadAction","target":["https:\/\/fishinginaragon.com\/normativa"]}]},{"@type":"BreadcrumbList","@id":"https:\/\/fishinginaragon.com\/normativa#breadcrumb","itemListElement":[{"@type":"ListItem","position":1,"name":"Portada","item":"https:\/\/fishinginaragon.com\/"},{"@type":"ListItem","position":2,"name":"Normativa y licencias"}]},{"@type":"WebSite","@id":"https:\/\/fishinginaragon.com\/#website","url":"https:\/\/fishinginaragon.com\/","name":"Angeln in Aragonien","description":"Turismo de Arag\u00f3n","potentialAction":[{"@type":"SearchAction","target":{"@type":"EntryPoint","urlTemplate":"https:\/\/fishinginaragon.com\/?s={search_term_string}"},"query-input":{"@type":"PropertyValueSpecification","valueRequired":true,"valueName":"search_term_string"}}],"inLanguage":"de-DE"}]}},"_links":{"self":[{"href":"https:\/\/fishinginaragon.com\/de\/wp-json\/wp\/v2\/pages\/557","targetHints":{"allow":["GET"]}}],"collection":[{"href":"https:\/\/fishinginaragon.com\/de\/wp-json\/wp\/v2\/pages"}],"about":[{"href":"https:\/\/fishinginaragon.com\/de\/wp-json\/wp\/v2\/types\/page"}],"author":[{"embeddable":true,"href":"https:\/\/fishinginaragon.com\/de\/wp-json\/wp\/v2\/users\/1"}],"replies":[{"embeddable":true,"href":"https:\/\/fishinginaragon.com\/de\/wp-json\/wp\/v2\/comments?post=557"}],"version-history":[{"count":3,"href":"https:\/\/fishinginaragon.com\/de\/wp-json\/wp\/v2\/pages\/557\/revisions"}],"predecessor-version":[{"id":1392,"href":"https:\/\/fishinginaragon.com\/de\/wp-json\/wp\/v2\/pages\/557\/revisions\/1392"}],"wp:attachment":[{"href":"https:\/\/fishinginaragon.com\/de\/wp-json\/wp\/v2\/media?parent=557"}],"wp:term":[{"taxonomy":"category","embeddable":true,"href":"https:\/\/fishinginaragon.com\/de\/wp-json\/wp\/v2\/categories?post=557"},{"taxonomy":"post_tag","embeddable":true,"href":"https:\/\/fishinginaragon.com\/de\/wp-json\/wp\/v2\/tags?post=557"}],"curies":[{"name":"wp","href":"https:\/\/api.w.org\/{rel}","templated":true}]}}