{"id":459,"date":"2018-12-04T11:10:57","date_gmt":"2018-12-04T11:10:57","guid":{"rendered":"https:\/\/fishinginaragon.com\/?page_id=459"},"modified":"2021-06-04T16:44:16","modified_gmt":"2021-06-04T16:44:16","slug":"escenarios-de-pesca-y-cotos","status":"publish","type":"page","link":"https:\/\/fishinginaragon.com\/de\/escenarios-de-pesca-y-cotos","title":{"rendered":"Gebiete und reviere f\u00fcr den fischfang"},"content":{"rendered":"<p><span class=\"dropcap full\">D<\/span>ie Eigenschaften der Gew\u00e4sser sind sehr unterschiedlich in der gesamten Region. Umweltprobleme oder unterschiedliche Arten von \u00d6kosystemen bedingen, dass das Angeln darin unterschiedlich geregelt werden muss. Die einzelnen Gebiete und Gew\u00e4sser, die in Aragonien zum Angeln geeignet oder nicht geeignet sind, lassen sich wie folgt einteilen:<\/p>\n<div class=\"clearfix\"><\/div><div class=\"divider margin-top-30\"><\/div>\n<h3>Soziale Angelreviere<\/h3>\n<p><span class=\"dropcap \">H<\/span>ierbei handelt es sich Gew\u00e4sserabschnitte, die unmittelbar von der Verwaltung der Autonomen Region Aragonien verwaltet werden. Darin wird die Nutzung der zum Angeln zugelassenen Fischarten nach einer spezifischen Regelung geordnet. Diese unterliegt dem Angelgesetz, dem Allgemeinen Angelprogramm und dem &#8220;Fachprogramm&#8221; des eigentlichen Reviers. Um in einem sozialen Angelrevier angeln zu k\u00f6nnen, ist ein pers\u00f6nlicher und nicht \u00fcbertragbarer Angelschein erforderlich. Au\u00dferdem wird eine H\u00f6chstzahl der Angelscheine festgelegt, f\u00fcr die ein bestimmter Betrag bezahlt werden muss.<\/p>\n<p>Unter den sozialen Angelrevieren unterscheidet man zwei Typen:<br \/>\n<div class=\"list-1 color\"><\/p>\n<ul>\n<li><strong>Soziale Angelreviere mit Entnahme:<\/strong> Darin muss man die gefangenen Exemplare nicht wieder zur\u00fccksetzen. Es werden jedoch Angelperioden festgelegt und vor allem m\u00fcssen spezifische Einschr\u00e4nkungen hinsichtlich Anzahl und Gr\u00f6\u00dfe der gefangenen Fische eingehalten werden.<\/li>\n<li><strong>Soziale Angelreviere zum Fangen und Zur\u00fccksetzen:<\/strong> Hierbei unterliegt das Angeln nur dem allgemeinen Angelprogramm. Die gefangenen Exemplare m\u00fcssen sofort nach dem Fang mit m\u00f6glichst geringer Beeintr\u00e4chtigung zur\u00fcckgesetzt werden. Die zul\u00e4ssigen Zeitr\u00e4ume sind l\u00e4nger, da keine Entnahme der Tiere aus dem \u00d6kosystem zugelassen wird.<\/li>\n<\/ul>\n<p><\/div><\/p>\n<div class=\"clearfix\"><\/div><div class=\"divider margin-top-30\"><\/div>\n<h3>Angelsportreviere<\/h3>\n\r\n        <div class=\"post-quote\">\r\n            <span class=\"icon\"><\/span>\r\n            <blockquote>In nur einem Revier wie z. B. dem Mequinenza Stausee stehen allein 500 km Ufer zur Verf\u00fcgung. In diesem Stausee leben au\u00dferdem alle Arten, die sich ein Angler w\u00fcnscht.<span><\/span><\/blockquote>\r\n        <\/div>\n<figure id=\"attachment_466\" aria-describedby=\"caption-attachment-466\" style=\"width: 512px\" class=\"wp-caption alignright\"><a href=\"https:\/\/fishinginaragon.com\/wp-content\/uploads\/2018\/12\/23.Canelles-muralla-china-pesca-embarcacion.jpg\"><img loading=\"lazy\" decoding=\"async\" class=\"size-large wp-image-466\" src=\"https:\/\/fishinginaragon.com\/wp-content\/uploads\/2018\/12\/23.Canelles-muralla-china-pesca-embarcacion-1024x577.jpg\" alt=\"Coto de Canelles\" width=\"512\" height=\"288\" srcset=\"https:\/\/fishinginaragon.com\/wp-content\/uploads\/2018\/12\/23.Canelles-muralla-china-pesca-embarcacion-1024x577.jpg 1024w, https:\/\/fishinginaragon.com\/wp-content\/uploads\/2018\/12\/23.Canelles-muralla-china-pesca-embarcacion-300x169.jpg 300w, https:\/\/fishinginaragon.com\/wp-content\/uploads\/2018\/12\/23.Canelles-muralla-china-pesca-embarcacion-768x432.jpg 768w, https:\/\/fishinginaragon.com\/wp-content\/uploads\/2018\/12\/23.Canelles-muralla-china-pesca-embarcacion-1260x709.jpg 1260w, https:\/\/fishinginaragon.com\/wp-content\/uploads\/2018\/12\/23.Canelles-muralla-china-pesca-embarcacion-760x428.jpg 760w, https:\/\/fishinginaragon.com\/wp-content\/uploads\/2018\/12\/23.Canelles-muralla-china-pesca-embarcacion-860x484.jpg 860w, https:\/\/fishinginaragon.com\/wp-content\/uploads\/2018\/12\/23.Canelles-muralla-china-pesca-embarcacion.jpg 1920w\" sizes=\"auto, (max-width: 512px) 100vw, 512px\" \/><\/a><figcaption id=\"caption-attachment-466\" class=\"wp-caption-text\">Canelles Angelsportrevier.<\/figcaption><\/figure>\n<p><span class=\"dropcap \">D<\/span>iese Gew\u00e4sserabschnitte werden vollst\u00e4ndig oder zum Teil vom Aragonischen Angel- und Castingverband als einzige von der aragonischen Regierung in Sachen Angeln anerkannte Partnereinrichtung verwaltet.<br \/>\nZu ihren Zielen geh\u00f6ren die F\u00f6rderung des Angelsports, die Ausf\u00fchrung von Wettk\u00e4mpfen, der Erhalt der Umgebung und der darin lebenden Arten. Zu diesem Zweck wird sichergestellt, dass die Nutzung der Fischarten zum Angeln geordnet und nach einer spezifischen Regelung erfolgt, bei der die Gr\u00f6\u00dfen, H\u00f6chstzahlen, Angelmethoden und Perioden sowie zul\u00e4ssigen Termine ber\u00fccksichtigt werden.<\/p>\n<p>Sie richten sich nach den &#8220;Nutzungsprogrammen&#8221;, wobei jedes Revier sein eigenes Programm hat.<\/p>\n<p>Um in den Angelsportrevieren angeln zu k\u00f6nnen, muss man neben den vorgeschriebenen Unterlagen \u00fcber einen vom eigentlichen Verband ausgestellten Angelschein verf\u00fcgen. <a href=\"https:\/\/fapyc.es\/permisos-online\" target=\"_blank\" rel=\"noopener noreferrer\">Verband ausgestellten Angelschein verf\u00fcgen<\/a>.<\/p>\n<p>Auf dieser Webseite des aragonischen Verbands finden Sie die zahlreichen Angelsportreviere, die es in <a href=\"https:\/\/fapyc.es\/cotos\" target=\"_blank\" rel=\"noopener noreferrer\">Aragonien gibt<\/a><\/p>\n<p>F\u00fcr den Karpfenfang sind Mar de Arag\u00f3n und der Ribarroja Stausee als herausragende Reviere zu erw\u00e4hnen.<\/p>\n<div class=\"clearfix\"><\/div><div class=\"divider margin-top-30\"><\/div>\n<h3>Freie Gew\u00e4sser<\/h3>\n<p><span class=\"dropcap \">A<\/span>ls Gew\u00e4sser zum freien Angeln gelten jene, f\u00fcr die es keine weiteren Einschr\u00e4nkungen als die der Gesetze f\u00fcr alle Gew\u00e4sser, die keiner besonderen Regelung unterliegen, gibt.<br \/>\nEs sind kostenlose Angelgebiete, f\u00fcr die man dennoch einen regionalen Angelschein besitzen muss.<br \/>\nAuf diesen Abschnitten besteht die Pflicht, die gefangenen Exemplare zur\u00fcckzusetzen.<\/p>\n","protected":false},"excerpt":{"rendered":"<p>ie Eigenschaften der Gew\u00e4sser sind sehr unterschiedlich in der gesamten Region. Umweltprobleme oder unterschiedliche Arten von \u00d6kosystemen bedingen, dass das Angeln darin unterschiedlich geregelt werden muss. Die einzelnen Gebiete und Gew\u00e4sser, die in Aragonien zum Angeln geeignet oder nicht geeignet sind, lassen sich wie folgt einteilen: Soziale Angelreviere ierbei handelt es sich Gew\u00e4sserabschnitte, die unmittelbar&#8230;<\/p>\n","protected":false},"author":1,"featured_media":0,"parent":0,"menu_order":0,"comment_status":"closed","ping_status":"closed","template":"","meta":{"footnotes":""},"categories":[],"tags":[],"class_list":["post-459","page","type-page","status-publish","hentry"],"translation":{"provider":"WPGlobus","version":"3.0.2","language":"de","enabled_languages":["es","en","de"],"languages":{"es":{"title":true,"content":true,"excerpt":false},"en":{"title":true,"content":true,"excerpt":false},"de":{"title":true,"content":true,"excerpt":false}}},"yoast_head":"<!-- This site is optimized with the Yoast SEO plugin v27.3 - https:\/\/yoast.com\/product\/yoast-seo-wordpress\/ -->\n<title>Gebiete und reviere f\u00fcr den fischfang - Angeln in Aragonien<\/title>\n<meta name=\"robots\" content=\"index, follow, max-snippet:-1, max-image-preview:large, max-video-preview:-1\" \/>\n<link rel=\"canonical\" href=\"https:\/\/fishinginaragon.com\/escenarios-de-pesca-y-cotos\" \/>\n<meta property=\"og:locale\" content=\"de_DE\" \/>\n<meta property=\"og:type\" content=\"article\" \/>\n<meta property=\"og:title\" content=\"Gebiete und reviere f\u00fcr den fischfang - Angeln in Aragonien\" \/>\n<meta property=\"og:url\" content=\"https:\/\/fishinginaragon.com\/escenarios-de-pesca-y-cotos\" \/>\n<meta property=\"og:site_name\" content=\"Angeln in Aragonien\" \/>\n<meta property=\"article:modified_time\" content=\"2021-06-04T16:44:16+00:00\" \/>\n<meta property=\"og:image\" content=\"https:\/\/fishinginaragon.com\/wp-content\/uploads\/2018\/12\/23.Canelles-muralla-china-pesca-embarcacion-1024x577.jpg\" \/>\n<meta name=\"twitter:card\" content=\"summary_large_image\" \/>\n<meta name=\"twitter:label1\" content=\"Est. reading time\" \/>\n\t<meta name=\"twitter:data1\" content=\"3 minutes\" \/>\n<script type=\"application\/ld+json\" class=\"yoast-schema-graph\">{\"@context\":\"https:\\\/\\\/schema.org\",\"@graph\":[{\"@type\":\"WebPage\",\"@id\":\"https:\\\/\\\/fishinginaragon.com\\\/escenarios-de-pesca-y-cotos\",\"url\":\"https:\\\/\\\/fishinginaragon.com\\\/escenarios-de-pesca-y-cotos\",\"name\":\"Gebiete und reviere f\u00fcr den fischfang - Angeln in Aragonien\",\"isPartOf\":{\"@id\":\"https:\\\/\\\/fishinginaragon.com\\\/#website\"},\"primaryImageOfPage\":{\"@id\":\"https:\\\/\\\/fishinginaragon.com\\\/escenarios-de-pesca-y-cotos#primaryimage\"},\"image\":{\"@id\":\"https:\\\/\\\/fishinginaragon.com\\\/escenarios-de-pesca-y-cotos#primaryimage\"},\"thumbnailUrl\":\"https:\\\/\\\/fishinginaragon.com\\\/wp-content\\\/uploads\\\/2018\\\/12\\\/23.Canelles-muralla-china-pesca-embarcacion-1024x577.jpg\",\"datePublished\":\"2018-12-04T11:10:57+00:00\",\"dateModified\":\"2021-06-04T16:44:16+00:00\",\"breadcrumb\":{\"@id\":\"https:\\\/\\\/fishinginaragon.com\\\/escenarios-de-pesca-y-cotos#breadcrumb\"},\"inLanguage\":\"de-DE\",\"potentialAction\":[{\"@type\":\"ReadAction\",\"target\":[\"https:\\\/\\\/fishinginaragon.com\\\/escenarios-de-pesca-y-cotos\"]}]},{\"@type\":\"ImageObject\",\"inLanguage\":\"de-DE\",\"@id\":\"https:\\\/\\\/fishinginaragon.com\\\/escenarios-de-pesca-y-cotos#primaryimage\",\"url\":\"https:\\\/\\\/fishinginaragon.com\\\/wp-content\\\/uploads\\\/2018\\\/12\\\/23.Canelles-muralla-china-pesca-embarcacion-1024x577.jpg\",\"contentUrl\":\"https:\\\/\\\/fishinginaragon.com\\\/wp-content\\\/uploads\\\/2018\\\/12\\\/23.Canelles-muralla-china-pesca-embarcacion-1024x577.jpg\"},{\"@type\":\"BreadcrumbList\",\"@id\":\"https:\\\/\\\/fishinginaragon.com\\\/escenarios-de-pesca-y-cotos#breadcrumb\",\"itemListElement\":[{\"@type\":\"ListItem\",\"position\":1,\"name\":\"Portada\",\"item\":\"https:\\\/\\\/fishinginaragon.com\\\/\"},{\"@type\":\"ListItem\",\"position\":2,\"name\":\"Escenarios de pesca y cotos\"}]},{\"@type\":\"WebSite\",\"@id\":\"https:\\\/\\\/fishinginaragon.com\\\/#website\",\"url\":\"https:\\\/\\\/fishinginaragon.com\\\/\",\"name\":\"Angeln in Aragonien\",\"description\":\"Turismo de Arag\u00f3n\",\"potentialAction\":[{\"@type\":\"SearchAction\",\"target\":{\"@type\":\"EntryPoint\",\"urlTemplate\":\"https:\\\/\\\/fishinginaragon.com\\\/?s={search_term_string}\"},\"query-input\":{\"@type\":\"PropertyValueSpecification\",\"valueRequired\":true,\"valueName\":\"search_term_string\"}}],\"inLanguage\":\"de-DE\"}]}<\/script>\n<!-- \/ Yoast SEO plugin. -->","yoast_head_json":{"title":"Gebiete und reviere f\u00fcr den fischfang - Angeln in Aragonien","robots":{"index":"index","follow":"follow","max-snippet":"max-snippet:-1","max-image-preview":"max-image-preview:large","max-video-preview":"max-video-preview:-1"},"canonical":"https:\/\/fishinginaragon.com\/escenarios-de-pesca-y-cotos","og_locale":"de_DE","og_type":"article","og_title":"Gebiete und reviere f\u00fcr den fischfang - Angeln in Aragonien","og_url":"https:\/\/fishinginaragon.com\/escenarios-de-pesca-y-cotos","og_site_name":"Angeln in Aragonien","article_modified_time":"2021-06-04T16:44:16+00:00","og_image":[{"url":"https:\/\/fishinginaragon.com\/wp-content\/uploads\/2018\/12\/23.Canelles-muralla-china-pesca-embarcacion-1024x577.jpg","type":"","width":"","height":""}],"twitter_card":"summary_large_image","twitter_misc":{"Est. reading time":"3 minutes"},"schema":{"@context":"https:\/\/schema.org","@graph":[{"@type":"WebPage","@id":"https:\/\/fishinginaragon.com\/escenarios-de-pesca-y-cotos","url":"https:\/\/fishinginaragon.com\/escenarios-de-pesca-y-cotos","name":"Gebiete und reviere f\u00fcr den fischfang - Angeln in Aragonien","isPartOf":{"@id":"https:\/\/fishinginaragon.com\/#website"},"primaryImageOfPage":{"@id":"https:\/\/fishinginaragon.com\/escenarios-de-pesca-y-cotos#primaryimage"},"image":{"@id":"https:\/\/fishinginaragon.com\/escenarios-de-pesca-y-cotos#primaryimage"},"thumbnailUrl":"https:\/\/fishinginaragon.com\/wp-content\/uploads\/2018\/12\/23.Canelles-muralla-china-pesca-embarcacion-1024x577.jpg","datePublished":"2018-12-04T11:10:57+00:00","dateModified":"2021-06-04T16:44:16+00:00","breadcrumb":{"@id":"https:\/\/fishinginaragon.com\/escenarios-de-pesca-y-cotos#breadcrumb"},"inLanguage":"de-DE","potentialAction":[{"@type":"ReadAction","target":["https:\/\/fishinginaragon.com\/escenarios-de-pesca-y-cotos"]}]},{"@type":"ImageObject","inLanguage":"de-DE","@id":"https:\/\/fishinginaragon.com\/escenarios-de-pesca-y-cotos#primaryimage","url":"https:\/\/fishinginaragon.com\/wp-content\/uploads\/2018\/12\/23.Canelles-muralla-china-pesca-embarcacion-1024x577.jpg","contentUrl":"https:\/\/fishinginaragon.com\/wp-content\/uploads\/2018\/12\/23.Canelles-muralla-china-pesca-embarcacion-1024x577.jpg"},{"@type":"BreadcrumbList","@id":"https:\/\/fishinginaragon.com\/escenarios-de-pesca-y-cotos#breadcrumb","itemListElement":[{"@type":"ListItem","position":1,"name":"Portada","item":"https:\/\/fishinginaragon.com\/"},{"@type":"ListItem","position":2,"name":"Escenarios de pesca y cotos"}]},{"@type":"WebSite","@id":"https:\/\/fishinginaragon.com\/#website","url":"https:\/\/fishinginaragon.com\/","name":"Angeln in Aragonien","description":"Turismo de Arag\u00f3n","potentialAction":[{"@type":"SearchAction","target":{"@type":"EntryPoint","urlTemplate":"https:\/\/fishinginaragon.com\/?s={search_term_string}"},"query-input":{"@type":"PropertyValueSpecification","valueRequired":true,"valueName":"search_term_string"}}],"inLanguage":"de-DE"}]}},"_links":{"self":[{"href":"https:\/\/fishinginaragon.com\/de\/wp-json\/wp\/v2\/pages\/459","targetHints":{"allow":["GET"]}}],"collection":[{"href":"https:\/\/fishinginaragon.com\/de\/wp-json\/wp\/v2\/pages"}],"about":[{"href":"https:\/\/fishinginaragon.com\/de\/wp-json\/wp\/v2\/types\/page"}],"author":[{"embeddable":true,"href":"https:\/\/fishinginaragon.com\/de\/wp-json\/wp\/v2\/users\/1"}],"replies":[{"embeddable":true,"href":"https:\/\/fishinginaragon.com\/de\/wp-json\/wp\/v2\/comments?post=459"}],"version-history":[{"count":2,"href":"https:\/\/fishinginaragon.com\/de\/wp-json\/wp\/v2\/pages\/459\/revisions"}],"predecessor-version":[{"id":1258,"href":"https:\/\/fishinginaragon.com\/de\/wp-json\/wp\/v2\/pages\/459\/revisions\/1258"}],"wp:attachment":[{"href":"https:\/\/fishinginaragon.com\/de\/wp-json\/wp\/v2\/media?parent=459"}],"wp:term":[{"taxonomy":"category","embeddable":true,"href":"https:\/\/fishinginaragon.com\/de\/wp-json\/wp\/v2\/categories?post=459"},{"taxonomy":"post_tag","embeddable":true,"href":"https:\/\/fishinginaragon.com\/de\/wp-json\/wp\/v2\/tags?post=459"}],"curies":[{"name":"wp","href":"https:\/\/api.w.org\/{rel}","templated":true}]}}