{"id":439,"date":"2018-12-03T18:07:02","date_gmt":"2018-12-03T18:07:02","guid":{"rendered":"https:\/\/fishinginaragon.com\/?page_id=439"},"modified":"2021-06-04T15:42:50","modified_gmt":"2021-06-04T15:42:50","slug":"tecnicas-y-modalidades-de-pesca","status":"publish","type":"page","link":"https:\/\/fishinginaragon.com\/de\/tecnicas-y-modalidades-de-pesca","title":{"rendered":"Techniken und methoden"},"content":{"rendered":"<p><span class=\"dropcap \">W<\/span>ir sind uns bewusst, dass Angler, nachdem sie Aragonien als Angelziel ausgew\u00e4hlt haben, beeindruckende Fische mit ihren seine bevorzugten Techniken fangen m\u00f6chten.<br \/>\nWir m\u00fcssen diese Techniken nicht weiter erl\u00e4utern. Zu Ihrer Beruhigung k\u00f6nnen wir Ihnen jedoch versichern, dass die wichtigsten Techniken hier erlaubt sind und Sie sie anwenden k\u00f6nnen.<br \/>\nNur kurz ein paar allgemeine Angaben dazu, damit keine Fragen offen bleiben.<br \/>\n<div class=\"clearfix\"><\/div><div class=\"divider margin-top-30\"><\/div><\/p>\n<div class=\"sixteen columns\">\n<h3>Fliegenangeln<\/h3>\n\r\n        <div class=\"post-quote\">\r\n            <span class=\"icon\"><\/span>\r\n            <blockquote>Sogar Ernest Hemingway lobte schon in den 30er Jahren die Pyren\u00e4en f\u00fcr das Fliegenangeln der Forellen. Im Spanischen B\u00fcrgerkrieg nutzte er die Freizeit w\u00e4hrend seiner T\u00e4tigkeit als Schriftsteller und Korrespondent, um an diesen Fl\u00fcssen mit dieser Technik zu angeln.<span><\/span><\/blockquote>\r\n        <\/div>\n<figure id=\"attachment_377\" aria-describedby=\"caption-attachment-377\" style=\"width: 512px\" class=\"wp-caption alignright\"><a href=\"https:\/\/fishinginaragon.com\/wp-content\/uploads\/2018\/12\/03-Pirineos-Rio-Gallego-Salmonidos-sm.jpg\"><img loading=\"lazy\" decoding=\"async\" class=\"size-large wp-image-377\" src=\"https:\/\/fishinginaragon.com\/wp-content\/uploads\/2018\/12\/03-Pirineos-Rio-Gallego-Salmonidos-sm-1024x577.jpg\" alt=\"R\u00edo Gallego\" width=\"512\" height=\"288\" srcset=\"https:\/\/fishinginaragon.com\/wp-content\/uploads\/2018\/12\/03-Pirineos-Rio-Gallego-Salmonidos-sm-1024x577.jpg 1024w, https:\/\/fishinginaragon.com\/wp-content\/uploads\/2018\/12\/03-Pirineos-Rio-Gallego-Salmonidos-sm-300x169.jpg 300w, https:\/\/fishinginaragon.com\/wp-content\/uploads\/2018\/12\/03-Pirineos-Rio-Gallego-Salmonidos-sm-768x432.jpg 768w, https:\/\/fishinginaragon.com\/wp-content\/uploads\/2018\/12\/03-Pirineos-Rio-Gallego-Salmonidos-sm-1260x709.jpg 1260w, https:\/\/fishinginaragon.com\/wp-content\/uploads\/2018\/12\/03-Pirineos-Rio-Gallego-Salmonidos-sm-760x428.jpg 760w, https:\/\/fishinginaragon.com\/wp-content\/uploads\/2018\/12\/03-Pirineos-Rio-Gallego-Salmonidos-sm-860x484.jpg 860w, https:\/\/fishinginaragon.com\/wp-content\/uploads\/2018\/12\/03-Pirineos-Rio-Gallego-Salmonidos-sm.jpg 1920w\" sizes=\"auto, (max-width: 512px) 100vw, 512px\" \/><\/a><figcaption id=\"caption-attachment-377\" class=\"wp-caption-text\">Fliegenangeln im G\u00e1llego-Fluss<\/figcaption><\/figure>\n<p><span class=\"dropcap \">S<\/span>ie wird generell bei Lachsfischen eingesetzt und ist in den aragonischen Fl\u00fcssen mit Forellenfl\u00fcssen besonders wirksam, subtil und beliebt.<br \/>\nAufgrund der starken Str\u00f6mung vieler Flussl\u00e4ufe muss man das Angeln mit Nymphen beherrschen. Aber auch beim Angeln mit Trockenfliegen kann man viel Spa\u00df haben.<\/p>\n<p>Es gibt spezialisierte Angler, die fast alle Fischarten nur mit Fliegen fangen. F\u00fcr sie gibt es Fl\u00fcsse und Ufer mit gro\u00dfen Wassermengen, an denen man Karpfen und Raubfische mit Fliegen mit ausgezeichneten Resultaten fangen kann. Karpfen, Barben, Schwarzbarsche und Zander k\u00f6nnen die Fliegen schnappen und sogar Welse k\u00f6nnen in Fl\u00fcssen mit Fliegenausstattung f\u00fcr gro\u00dfe Meeresfische gefangen werden.<\/p>\n<\/div>\n<p><div class=\"clearfix\"><\/div><div class=\"divider margin-top-30\"><\/div><br \/>\n<div class=\"clear\"><\/div><\/p>\n<div class=\"sixteen columns\">\n<h3>Spinnangeln<\/h3>\n\r\n        <div class=\"post-quote\">\r\n            <span class=\"icon\"><\/span>\r\n            <blockquote>K\u00f6nnen Sie sich vorstellen, an einem Tag und im selben Gew\u00e4sser 4 verschiedene Raubfischarten mit Spinnern zu fangen?<br \/>\nDas ist hier relativ einfach, denn in den Ribarroja oder Mequinenza Stauseen sind Schwarzbarsche, Welse, Barsche und Zander sehr zahlreich vorhanden, sodass die H\u00e4ufigkeit gro\u00df ist.<span><\/span><\/blockquote>\r\n        <\/div>\n<figure id=\"attachment_445\" aria-describedby=\"caption-attachment-445\" style=\"width: 512px\" class=\"wp-caption alignleft\"><a href=\"https:\/\/fishinginaragon.com\/wp-content\/uploads\/2018\/12\/27-Mar-de-aragon-Blackbass.jpg\"><img loading=\"lazy\" decoding=\"async\" class=\"size-large wp-image-445\" src=\"https:\/\/fishinginaragon.com\/wp-content\/uploads\/2018\/12\/27-Mar-de-aragon-Blackbass-1024x577.jpg\" alt=\"Mar de Arag\u00f3n - Pesca del Blackbass\" width=\"512\" height=\"288\" srcset=\"https:\/\/fishinginaragon.com\/wp-content\/uploads\/2018\/12\/27-Mar-de-aragon-Blackbass-1024x577.jpg 1024w, https:\/\/fishinginaragon.com\/wp-content\/uploads\/2018\/12\/27-Mar-de-aragon-Blackbass-300x169.jpg 300w, https:\/\/fishinginaragon.com\/wp-content\/uploads\/2018\/12\/27-Mar-de-aragon-Blackbass-768x432.jpg 768w, https:\/\/fishinginaragon.com\/wp-content\/uploads\/2018\/12\/27-Mar-de-aragon-Blackbass-1260x709.jpg 1260w, https:\/\/fishinginaragon.com\/wp-content\/uploads\/2018\/12\/27-Mar-de-aragon-Blackbass-760x428.jpg 760w, https:\/\/fishinginaragon.com\/wp-content\/uploads\/2018\/12\/27-Mar-de-aragon-Blackbass-860x484.jpg 860w, https:\/\/fishinginaragon.com\/wp-content\/uploads\/2018\/12\/27-Mar-de-aragon-Blackbass.jpg 1920w\" sizes=\"auto, (max-width: 512px) 100vw, 512px\" \/><\/a><figcaption id=\"caption-attachment-445\" class=\"wp-caption-text\">Mar de Arag\u00f3n \u2013 Schwarzbarsch-Spinnangeln<\/figcaption><\/figure>\n<p><span class=\"dropcap \">D<\/span>as Spinnangeln ist wahrscheinlich die Angeltechnik, die jedes Jahr am meisten Angler nach Aragonien lockt. Die M\u00f6glichkeiten sind enorm &#8211; nicht nur aufgrund der Vielzahl an Gew\u00e4ssern und der f\u00fcr Spinnangeln verf\u00fcgbaren Arten -, sondern auch aufgrund der Standorte f\u00fcr das Angeln &#8211; vom Ufer, im Boot, Kajak, Katamaran oder \u201eFloat Tube\u201c.<\/p>\n<p>Zu den Besuchern geh\u00f6ren wahre Spezialisten aus Japan und Amerika. Die Letztgenannten ebneten in den 70er Jahren im Mequinenza Stausee den Weg f\u00fcr diese Angeltechnik. In unseren Gew\u00e4ssern finden ber\u00fchmte und weltweit bedeutende Wettk\u00e4mpfe wie \u201eCaspe Bass\u201c statt. Vor Kurzem wurde hier die Weltmeisterschaft ausgetragen.<br \/>\nDas Spinnangeln der Barsche und Zander lockt auch viele europ\u00e4ische Angler an. Diese Fischarten k\u00f6nnen hier einfacher als in ihren Herkunftsl\u00e4ndern gefangen werden und die erbeuteten Gr\u00f6\u00dfen sind deutlich gr\u00f6\u00dfer.<br \/>\nWer Adrenalinsch\u00fcbe liebt, erlebt sie bei den Welsen im Ebro\u2013Fluss. \u00dcber 2,5 Meter lange Beuten sind Rekorde f\u00fcr Spinnangler. K\u00f6nnen Sie sich so etwas am Ende Ihrer Rute vorstellen?<\/p>\n<\/div>\n<p><div class=\"clear\"><\/div><br \/>\n<div class=\"clearfix\"><\/div><div class=\"divider margin-top-30\"><\/div><\/p>\n<div class=\"sixteen columns\">\n<h3>Angeln vom Ufer. Welse und Karpfen fischen<\/h3>\n\r\n        <div class=\"post-quote\">\r\n            <span class=\"icon\"><\/span>\r\n            <blockquote>Das Angeln der Karpfen und Welse hat sich in unseren Gew\u00e4ssern derart kombiniert und vereinfacht, dass sie auf die gleiche Weise &#8211; d. h., mit gleichen K\u00f6dern, an denselben Orten und mit denselben Ger\u00e4ten und Techniken &#8211; gefischt werden. Je nach Zeitpunkt oder Zufall bei\u00dfen nur Welse oder nur Karpfen an, oder manchmal kann man beide abwechselnd fangen.<span><\/span><\/blockquote>\r\n        <\/div>\n<figure id=\"attachment_269\" aria-describedby=\"caption-attachment-269\" style=\"width: 512px\" class=\"wp-caption alignright\"><a href=\"https:\/\/fishinginaragon.com\/wp-content\/uploads\/2018\/10\/SanBartolome.jpg\"><img loading=\"lazy\" decoding=\"async\" class=\"size-large wp-image-269\" src=\"https:\/\/fishinginaragon.com\/wp-content\/uploads\/2018\/10\/SanBartolome-1024x682.jpg\" alt=\"San Bartolom\u00e9 Stausee\" width=\"512\" height=\"341\" srcset=\"https:\/\/fishinginaragon.com\/wp-content\/uploads\/2018\/10\/SanBartolome.jpg 1024w, https:\/\/fishinginaragon.com\/wp-content\/uploads\/2018\/10\/SanBartolome-300x200.jpg 300w, https:\/\/fishinginaragon.com\/wp-content\/uploads\/2018\/10\/SanBartolome-768x512.jpg 768w, https:\/\/fishinginaragon.com\/wp-content\/uploads\/2018\/10\/SanBartolome-760x506.jpg 760w, https:\/\/fishinginaragon.com\/wp-content\/uploads\/2018\/10\/SanBartolome-860x573.jpg 860w\" sizes=\"auto, (max-width: 512px) 100vw, 512px\" \/><\/a><figcaption id=\"caption-attachment-269\" class=\"wp-caption-text\">Karpfenfischen vom Ufer. San Bartolom\u00e9 Stausee<\/figcaption><\/figure>\n<p><span class=\"dropcap \">A<\/span>n den Ufern der gr\u00f6\u00dften Stauseen und des Ebro\u2013Flusses gibt es unz\u00e4hlige Pl\u00e4tze zum statischen Angeln. Man kann Freundesgruppen, P\u00e4rchen und sogar Familien sehen, die viele Tage mit dem Angeln von Karpfen und Welsen in Mequinenza und Ribarroja verbringen.<br \/>\nDie Wege und Zufahrten sind perfekt gekennzeichnet. Die einfachen Zufahrten zu den Angelpl\u00e4tzen der einzelnen Gebiete wie auch M\u00fcllabfuhr, Sauberkeit und Ger\u00e4umigkeit der Pl\u00e4tze erleichtern sogar mehrt\u00e4gige Aufenthalte zum Angeln am Ufer.<br \/>\nEs empfiehlt sich, zus\u00e4tzlich \u00fcber ein Boot zu verf\u00fcgen, damit Karpfen- und Welsangler die M\u00f6glichkeiten dieser Gew\u00e4sser maximal aussch\u00f6pfen k\u00f6nnen.<\/p>\n<p>Hier werden auch zahlreiche \u201eMatch Fishing\u201c und \u201eFeeder Fishing\u201c Wettk\u00e4mpfe ausgetragen. Weiterhin kommen Weltmeisterschaften aller Arten wie die Carpfishing Weltmeisterschaft 2016 oder der Weltpokal der Welse in Chiprana dazu.<\/p>\n<\/div>\n","protected":false},"excerpt":{"rendered":"<p>ir sind uns bewusst, dass Angler, nachdem sie Aragonien als Angelziel ausgew\u00e4hlt haben, beeindruckende Fische mit ihren seine bevorzugten Techniken fangen m\u00f6chten. Wir m\u00fcssen diese Techniken nicht weiter erl\u00e4utern. Zu Ihrer Beruhigung k\u00f6nnen wir Ihnen jedoch versichern, dass die wichtigsten Techniken hier erlaubt sind und Sie sie anwenden k\u00f6nnen. Nur kurz ein paar allgemeine Angaben&#8230;<\/p>\n","protected":false},"author":1,"featured_media":0,"parent":0,"menu_order":0,"comment_status":"closed","ping_status":"closed","template":"","meta":{"footnotes":""},"categories":[],"tags":[],"class_list":["post-439","page","type-page","status-publish","hentry"],"translation":{"provider":"WPGlobus","version":"3.0.2","language":"de","enabled_languages":["es","en","de"],"languages":{"es":{"title":true,"content":true,"excerpt":false},"en":{"title":true,"content":true,"excerpt":false},"de":{"title":true,"content":true,"excerpt":false}}},"yoast_head":"<!-- This site is optimized with the Yoast SEO plugin v27.3 - https:\/\/yoast.com\/product\/yoast-seo-wordpress\/ -->\n<title>Techniken und methoden - Angeln in Aragonien<\/title>\n<meta name=\"robots\" content=\"index, follow, max-snippet:-1, max-image-preview:large, max-video-preview:-1\" \/>\n<link rel=\"canonical\" href=\"https:\/\/fishinginaragon.com\/tecnicas-y-modalidades-de-pesca\" \/>\n<meta property=\"og:locale\" content=\"de_DE\" \/>\n<meta property=\"og:type\" content=\"article\" \/>\n<meta property=\"og:title\" content=\"Techniken und methoden - Angeln in Aragonien\" \/>\n<meta property=\"og:url\" content=\"https:\/\/fishinginaragon.com\/tecnicas-y-modalidades-de-pesca\" \/>\n<meta property=\"og:site_name\" content=\"Angeln in Aragonien\" \/>\n<meta property=\"article:modified_time\" content=\"2021-06-04T15:42:50+00:00\" \/>\n<meta property=\"og:image\" content=\"https:\/\/fishinginaragon.com\/wp-content\/uploads\/2018\/12\/03-Pirineos-Rio-Gallego-Salmonidos-sm-1024x577.jpg\" \/>\n<meta name=\"twitter:card\" content=\"summary_large_image\" \/>\n<meta name=\"twitter:label1\" content=\"Est. reading time\" \/>\n\t<meta name=\"twitter:data1\" content=\"4 minutes\" \/>\n<script type=\"application\/ld+json\" class=\"yoast-schema-graph\">{\"@context\":\"https:\\\/\\\/schema.org\",\"@graph\":[{\"@type\":\"WebPage\",\"@id\":\"https:\\\/\\\/fishinginaragon.com\\\/tecnicas-y-modalidades-de-pesca\",\"url\":\"https:\\\/\\\/fishinginaragon.com\\\/tecnicas-y-modalidades-de-pesca\",\"name\":\"Techniken und methoden - Angeln in Aragonien\",\"isPartOf\":{\"@id\":\"https:\\\/\\\/fishinginaragon.com\\\/#website\"},\"primaryImageOfPage\":{\"@id\":\"https:\\\/\\\/fishinginaragon.com\\\/tecnicas-y-modalidades-de-pesca#primaryimage\"},\"image\":{\"@id\":\"https:\\\/\\\/fishinginaragon.com\\\/tecnicas-y-modalidades-de-pesca#primaryimage\"},\"thumbnailUrl\":\"https:\\\/\\\/fishinginaragon.com\\\/wp-content\\\/uploads\\\/2018\\\/12\\\/03-Pirineos-Rio-Gallego-Salmonidos-sm-1024x577.jpg\",\"datePublished\":\"2018-12-03T18:07:02+00:00\",\"dateModified\":\"2021-06-04T15:42:50+00:00\",\"description\":\"Tecnicas y modalidades de pesca practicadas en Arag\u00f3n. Pesca a Mosca, a ninfa, a lance, spining, desde orilla, carpfishing y catfishing\",\"breadcrumb\":{\"@id\":\"https:\\\/\\\/fishinginaragon.com\\\/tecnicas-y-modalidades-de-pesca#breadcrumb\"},\"inLanguage\":\"de-DE\",\"potentialAction\":[{\"@type\":\"ReadAction\",\"target\":[\"https:\\\/\\\/fishinginaragon.com\\\/tecnicas-y-modalidades-de-pesca\"]}]},{\"@type\":\"ImageObject\",\"inLanguage\":\"de-DE\",\"@id\":\"https:\\\/\\\/fishinginaragon.com\\\/tecnicas-y-modalidades-de-pesca#primaryimage\",\"url\":\"https:\\\/\\\/fishinginaragon.com\\\/wp-content\\\/uploads\\\/2018\\\/12\\\/03-Pirineos-Rio-Gallego-Salmonidos-sm-1024x577.jpg\",\"contentUrl\":\"https:\\\/\\\/fishinginaragon.com\\\/wp-content\\\/uploads\\\/2018\\\/12\\\/03-Pirineos-Rio-Gallego-Salmonidos-sm-1024x577.jpg\"},{\"@type\":\"BreadcrumbList\",\"@id\":\"https:\\\/\\\/fishinginaragon.com\\\/tecnicas-y-modalidades-de-pesca#breadcrumb\",\"itemListElement\":[{\"@type\":\"ListItem\",\"position\":1,\"name\":\"Portada\",\"item\":\"https:\\\/\\\/fishinginaragon.com\\\/\"},{\"@type\":\"ListItem\",\"position\":2,\"name\":\"T\u00e9cnicas y modalidades\"}]},{\"@type\":\"WebSite\",\"@id\":\"https:\\\/\\\/fishinginaragon.com\\\/#website\",\"url\":\"https:\\\/\\\/fishinginaragon.com\\\/\",\"name\":\"Angeln in Aragonien\",\"description\":\"Turismo de Arag\u00f3n\",\"potentialAction\":[{\"@type\":\"SearchAction\",\"target\":{\"@type\":\"EntryPoint\",\"urlTemplate\":\"https:\\\/\\\/fishinginaragon.com\\\/?s={search_term_string}\"},\"query-input\":{\"@type\":\"PropertyValueSpecification\",\"valueRequired\":true,\"valueName\":\"search_term_string\"}}],\"inLanguage\":\"de-DE\"}]}<\/script>\n<!-- \/ Yoast SEO plugin. -->","yoast_head_json":{"title":"Techniken und methoden - Angeln in Aragonien","robots":{"index":"index","follow":"follow","max-snippet":"max-snippet:-1","max-image-preview":"max-image-preview:large","max-video-preview":"max-video-preview:-1"},"canonical":"https:\/\/fishinginaragon.com\/tecnicas-y-modalidades-de-pesca","og_locale":"de_DE","og_type":"article","og_title":"Techniken und methoden - Angeln in Aragonien","og_url":"https:\/\/fishinginaragon.com\/tecnicas-y-modalidades-de-pesca","og_site_name":"Angeln in Aragonien","article_modified_time":"2021-06-04T15:42:50+00:00","og_image":[{"url":"https:\/\/fishinginaragon.com\/wp-content\/uploads\/2018\/12\/03-Pirineos-Rio-Gallego-Salmonidos-sm-1024x577.jpg","type":"","width":"","height":""}],"twitter_card":"summary_large_image","twitter_misc":{"Est. reading time":"4 minutes"},"schema":{"@context":"https:\/\/schema.org","@graph":[{"@type":"WebPage","@id":"https:\/\/fishinginaragon.com\/tecnicas-y-modalidades-de-pesca","url":"https:\/\/fishinginaragon.com\/tecnicas-y-modalidades-de-pesca","name":"Techniken und methoden - Angeln in Aragonien","isPartOf":{"@id":"https:\/\/fishinginaragon.com\/#website"},"primaryImageOfPage":{"@id":"https:\/\/fishinginaragon.com\/tecnicas-y-modalidades-de-pesca#primaryimage"},"image":{"@id":"https:\/\/fishinginaragon.com\/tecnicas-y-modalidades-de-pesca#primaryimage"},"thumbnailUrl":"https:\/\/fishinginaragon.com\/wp-content\/uploads\/2018\/12\/03-Pirineos-Rio-Gallego-Salmonidos-sm-1024x577.jpg","datePublished":"2018-12-03T18:07:02+00:00","dateModified":"2021-06-04T15:42:50+00:00","description":"Tecnicas y modalidades de pesca practicadas en Arag\u00f3n. Pesca a Mosca, a ninfa, a lance, spining, desde orilla, carpfishing y catfishing","breadcrumb":{"@id":"https:\/\/fishinginaragon.com\/tecnicas-y-modalidades-de-pesca#breadcrumb"},"inLanguage":"de-DE","potentialAction":[{"@type":"ReadAction","target":["https:\/\/fishinginaragon.com\/tecnicas-y-modalidades-de-pesca"]}]},{"@type":"ImageObject","inLanguage":"de-DE","@id":"https:\/\/fishinginaragon.com\/tecnicas-y-modalidades-de-pesca#primaryimage","url":"https:\/\/fishinginaragon.com\/wp-content\/uploads\/2018\/12\/03-Pirineos-Rio-Gallego-Salmonidos-sm-1024x577.jpg","contentUrl":"https:\/\/fishinginaragon.com\/wp-content\/uploads\/2018\/12\/03-Pirineos-Rio-Gallego-Salmonidos-sm-1024x577.jpg"},{"@type":"BreadcrumbList","@id":"https:\/\/fishinginaragon.com\/tecnicas-y-modalidades-de-pesca#breadcrumb","itemListElement":[{"@type":"ListItem","position":1,"name":"Portada","item":"https:\/\/fishinginaragon.com\/"},{"@type":"ListItem","position":2,"name":"T\u00e9cnicas y modalidades"}]},{"@type":"WebSite","@id":"https:\/\/fishinginaragon.com\/#website","url":"https:\/\/fishinginaragon.com\/","name":"Angeln in Aragonien","description":"Turismo de Arag\u00f3n","potentialAction":[{"@type":"SearchAction","target":{"@type":"EntryPoint","urlTemplate":"https:\/\/fishinginaragon.com\/?s={search_term_string}"},"query-input":{"@type":"PropertyValueSpecification","valueRequired":true,"valueName":"search_term_string"}}],"inLanguage":"de-DE"}]}},"_links":{"self":[{"href":"https:\/\/fishinginaragon.com\/de\/wp-json\/wp\/v2\/pages\/439","targetHints":{"allow":["GET"]}}],"collection":[{"href":"https:\/\/fishinginaragon.com\/de\/wp-json\/wp\/v2\/pages"}],"about":[{"href":"https:\/\/fishinginaragon.com\/de\/wp-json\/wp\/v2\/types\/page"}],"author":[{"embeddable":true,"href":"https:\/\/fishinginaragon.com\/de\/wp-json\/wp\/v2\/users\/1"}],"replies":[{"embeddable":true,"href":"https:\/\/fishinginaragon.com\/de\/wp-json\/wp\/v2\/comments?post=439"}],"version-history":[{"count":2,"href":"https:\/\/fishinginaragon.com\/de\/wp-json\/wp\/v2\/pages\/439\/revisions"}],"predecessor-version":[{"id":1208,"href":"https:\/\/fishinginaragon.com\/de\/wp-json\/wp\/v2\/pages\/439\/revisions\/1208"}],"wp:attachment":[{"href":"https:\/\/fishinginaragon.com\/de\/wp-json\/wp\/v2\/media?parent=439"}],"wp:term":[{"taxonomy":"category","embeddable":true,"href":"https:\/\/fishinginaragon.com\/de\/wp-json\/wp\/v2\/categories?post=439"},{"taxonomy":"post_tag","embeddable":true,"href":"https:\/\/fishinginaragon.com\/de\/wp-json\/wp\/v2\/tags?post=439"}],"curies":[{"name":"wp","href":"https:\/\/api.w.org\/{rel}","templated":true}]}}