{"id":369,"date":"2018-12-03T10:54:21","date_gmt":"2018-12-03T10:54:21","guid":{"rendered":"https:\/\/fishinginaragon.com\/?page_id=369"},"modified":"2021-06-04T16:54:10","modified_gmt":"2021-06-04T16:54:10","slug":"huesca","status":"publish","type":"page","link":"https:\/\/fishinginaragon.com\/de\/huesca","title":{"rendered":"Angeln in Huesca"},"content":{"rendered":"<p><span class=\"dropcap \">I<\/span>n den Bergen der Pyren\u00e4en k\u00f6nnen Angler wasserreiche Gletscherfl\u00fcsse wie den Ara-Fluss genie\u00dfen, der noch unber\u00fchrt, d. h. ungeleitet und ohne Schleusen, ist. Hier gibt es Fl\u00fcsse aller Arten und Gebirgsseen, in denen man Bachsaiblinge (<em>Salvelinus fontinalis<\/em>) oder Bachforellen (<em>Salmo trutta fario<\/em>) mit komplett nat\u00fcrlicher Verhaltensweise fangen kann.<br \/>\n<div class=\"clearfix\"><\/div><div class=\"divider margin-top-30\"><\/div><\/p>\n<h4><span id=\"canelles\"><span id=\"staana\"><\/span>La Noguera Ribagorzana<\/span><\/h4>\n<figure id=\"attachment_387\" aria-describedby=\"caption-attachment-387\" style=\"width: 512px\" class=\"wp-caption alignright\"><a href=\"https:\/\/fishinginaragon.com\/wp-content\/uploads\/2018\/12\/44-14-Canelles-Black-Bass-sm.jpg\"><img loading=\"lazy\" decoding=\"async\" class=\"size-large wp-image-387\" src=\"https:\/\/fishinginaragon.com\/wp-content\/uploads\/2018\/12\/44-14-Canelles-Black-Bass-sm-1024x683.jpg\" alt=\"\" width=\"512\" height=\"341\" srcset=\"https:\/\/fishinginaragon.com\/wp-content\/uploads\/2018\/12\/44-14-Canelles-Black-Bass-sm-1024x683.jpg 1024w, https:\/\/fishinginaragon.com\/wp-content\/uploads\/2018\/12\/44-14-Canelles-Black-Bass-sm-300x200.jpg 300w, https:\/\/fishinginaragon.com\/wp-content\/uploads\/2018\/12\/44-14-Canelles-Black-Bass-sm-768x512.jpg 768w, https:\/\/fishinginaragon.com\/wp-content\/uploads\/2018\/12\/44-14-Canelles-Black-Bass-sm-1260x840.jpg 1260w, https:\/\/fishinginaragon.com\/wp-content\/uploads\/2018\/12\/44-14-Canelles-Black-Bass-sm-760x507.jpg 760w, https:\/\/fishinginaragon.com\/wp-content\/uploads\/2018\/12\/44-14-Canelles-Black-Bass-sm-860x573.jpg 860w, https:\/\/fishinginaragon.com\/wp-content\/uploads\/2018\/12\/44-14-Canelles-Black-Bass-sm.jpg 1920w\" sizes=\"auto, (max-width: 512px) 100vw, 512px\" \/><\/a><figcaption id=\"caption-attachment-387\" class=\"wp-caption-text\">Schwarzbarschfang vom Boot aus &#8211; Canelles<\/figcaption><\/figure>\n<p><span class=\"dropcap \">D<\/span>ieser Pyren\u00e4enfluss bildet die Grenze zwischen Aragonien und Katalonien, die sich die Canelles und Santa Ana Stauseen teilen. Die Landschaft ist abrupt und besteht aus atemberaubenden Schluchten wie der Montrebei-Schlucht, die nur 20 Meter breit ist und deren W\u00e4nde 350 Meter hoch sind. Ganz in der N\u00e4he kann man in Sopeira das Ala\u00f3n Kloster, ein interessantes Beispiel der lombardischen Romanik, besichtigen. Der sehr gut erhaltene mittelalterliche Ort Monta\u00f1ana mit Gassen, Stadtmauer und pr\u00e4chtigen Geb\u00e4uden vermittelt einen Einblick in das Leben in der ehemaligen aragonischen Grafschaft Ribagorza.<\/p>\n<div class=\"clearfix\"><\/div><div class=\"divider margin-top-30\"><\/div>\n<h4><span id=\"baserca\"><\/span>Baserca<\/h4>\n<p><span class=\"dropcap \">D<\/span>as Sportfischereirevier Baserca am Baserca Stausee (der auch als Senet Stausee bezeichnet wird) liegt am Noguera Ribagorzana Fluss, nur wenige Kilometer s\u00fcdlich des Viella-Tunnels. Es ist von \u00fcber 3.000 Meter hohen Gipfeln umgeben, unter denen die Molieres und Besiberri Gipfel hervorzuheben sind. Der Stausee dient zur Regelung des Noguera Ribagorzana Flusses in der N\u00e4he seines Ursprungs und anderer Sturzb\u00e4che, darunter des Salenca-Flusses. Hier beschr\u00e4nkt sich der Fang ausschlie\u00dflich auf Forellen.<\/p>\n<div class=\"clearfix\"><\/div><div class=\"divider margin-top-30\"><\/div>\n<h4><span id=\"escales\"><\/span>Escales Stausee<\/h4>\n<p><span class=\"dropcap \">D<\/span>ieser Stausee des Noguera Ribagorzana Flusses wird von einem Staudamm zwischen den Orten Tremp und Sopeira gebildet. Sein Wasser ist glasklar und der See besitzt felsige Einbuchtungen, sodass er sich neben dem Angeln hervorragend f\u00fcr alle Wassersportarten wie z. B. Wasserski und Kanufahren anbietet.<\/p>\n<div class=\"clearfix\"><\/div><div class=\"divider margin-top-30\"><\/div>\n<figure id=\"attachment_386\" aria-describedby=\"caption-attachment-386\" style=\"width: 512px\" class=\"wp-caption alignleft\"><a href=\"https:\/\/fishinginaragon.com\/wp-content\/uploads\/2018\/12\/36-06-Pirineos-El-Mediano-sm.jpg\"><img loading=\"lazy\" decoding=\"async\" class=\"size-large wp-image-386\" src=\"https:\/\/fishinginaragon.com\/wp-content\/uploads\/2018\/12\/36-06-Pirineos-El-Mediano-sm-1024x576.jpg\" alt=\"\" width=\"512\" height=\"288\" srcset=\"https:\/\/fishinginaragon.com\/wp-content\/uploads\/2018\/12\/36-06-Pirineos-El-Mediano-sm-1024x576.jpg 1024w, https:\/\/fishinginaragon.com\/wp-content\/uploads\/2018\/12\/36-06-Pirineos-El-Mediano-sm-300x169.jpg 300w, https:\/\/fishinginaragon.com\/wp-content\/uploads\/2018\/12\/36-06-Pirineos-El-Mediano-sm-768x432.jpg 768w, https:\/\/fishinginaragon.com\/wp-content\/uploads\/2018\/12\/36-06-Pirineos-El-Mediano-sm-1260x709.jpg 1260w, https:\/\/fishinginaragon.com\/wp-content\/uploads\/2018\/12\/36-06-Pirineos-El-Mediano-sm-760x428.jpg 760w, https:\/\/fishinginaragon.com\/wp-content\/uploads\/2018\/12\/36-06-Pirineos-El-Mediano-sm-860x484.jpg 860w, https:\/\/fishinginaragon.com\/wp-content\/uploads\/2018\/12\/36-06-Pirineos-El-Mediano-sm.jpg 1920w\" sizes=\"auto, (max-width: 512px) 100vw, 512px\" \/><\/a><figcaption id=\"caption-attachment-386\" class=\"wp-caption-text\">Forelle im Mediano Stausee<\/figcaption><\/figure>\n<h4><span id=\"mediano\"><\/span>Mediano Stausee<\/h4>\n<p><span class=\"dropcap \">E<\/span>r liegt im Gemeindegebiet von La Fuerva und ist einer der gr\u00f6\u00dften Stauseen Aragoniens. Sein Staudamm ist auf Kalkgebilden der El Entrem\u00f3n Schlucht am Cinca Fluss gest\u00fctzt, unweit vom Ende des El Grado Stausees. Verschiedene Abenteuersportunternehmen in Sobrarbe bieten Sport- und Vergn\u00fcgungsboote in der Umgebung des Mediano-Turms &#8211; ein herausragender Kirchturm &#8211; und des Us\u00eda-Fluss-Canyons an. Dieser Kirchturm gilt als einzigartiges Tauchziel in den aragonischen Binnengew\u00e4ssern.<\/p>\n<div class=\"clearfix\"><\/div><div class=\"divider margin-top-30\"><\/div>\n<h4><span id=\"grado\"><\/span>El Grado Stausee<\/h4>\n<p><span class=\"dropcap \">E<\/span>m El Grado Stausee wird das Wasser des Cinca-Flusses gestaut. Das Feriengebiet leitet von der Sobrarbe Region in die Pyren\u00e4en \u00fcber und bietet eine gute Gelegenheit f\u00fcr einen Abstecher in das Guara Hochland. Dieses wartet mit der Besonderheit und Sch\u00f6nheit seiner ber\u00fchmten Schluchten und herrlichen Orten wie Alqu\u00e9zar, Barbastro oder Monz\u00f3n auf.<\/p>\n<div class=\"clearfix\"><\/div><div class=\"divider margin-top-30\"><\/div>\n<h4><span id=\"yesa\"><\/span>Yesa Stausee<\/h4>\n<p><span class=\"dropcap \">E<\/span>r liegt zu F\u00fc\u00dfen der Pyren\u00e4en und verbindet Aragonien mit Navarra. Hier sammelt sich das gr\u00fcne Wasser des Arag\u00f3n-Flusses. In Tiermas kann man die Reste aus dem neunzehnten Jahrhundert eines schon bei den R\u00f6mern beliebten Thermalbads sehen. Er wird auch als Meer der Pyren\u00e4en bezeichnet und f\u00fchrt im Norden zu den aragonischen Hecho und Ans\u00f3 T\u00e4lern. Im S\u00fcden f\u00fchrt er zum Landkreis von Cinco Villas mit den romanischen Ortskernen von Sos del Rey Cat\u00f3lico und Uncastillo. Diese mittelalterlichen Orte mit gepflasterten Gassen, Herrenh\u00e4usern und romanischen Kirchen erinnern an vergangene Zeiten zur\u00fcck.<\/p>\n<div class=\"clearfix\"><\/div><div class=\"divider margin-top-30\"><\/div>\n<h4><span id=\"gallego\"><\/span><span id=\"riglos\"><\/span><span id=\"bubal\"><\/span>G\u00e1llego-Fluss<\/h4>\n<figure id=\"attachment_377\" aria-describedby=\"caption-attachment-377\" style=\"width: 512px\" class=\"wp-caption alignright\"><a href=\"https:\/\/fishinginaragon.com\/wp-content\/uploads\/2018\/12\/03-Pirineos-Rio-Gallego-Salmonidos-sm.jpg\"><img loading=\"lazy\" decoding=\"async\" class=\"size-large wp-image-377\" src=\"https:\/\/fishinginaragon.com\/wp-content\/uploads\/2018\/12\/03-Pirineos-Rio-Gallego-Salmonidos-sm-1024x577.jpg\" alt=\"R\u00edo Gallego\" width=\"512\" height=\"288\" srcset=\"https:\/\/fishinginaragon.com\/wp-content\/uploads\/2018\/12\/03-Pirineos-Rio-Gallego-Salmonidos-sm-1024x577.jpg 1024w, https:\/\/fishinginaragon.com\/wp-content\/uploads\/2018\/12\/03-Pirineos-Rio-Gallego-Salmonidos-sm-300x169.jpg 300w, https:\/\/fishinginaragon.com\/wp-content\/uploads\/2018\/12\/03-Pirineos-Rio-Gallego-Salmonidos-sm-768x432.jpg 768w, https:\/\/fishinginaragon.com\/wp-content\/uploads\/2018\/12\/03-Pirineos-Rio-Gallego-Salmonidos-sm-1260x709.jpg 1260w, https:\/\/fishinginaragon.com\/wp-content\/uploads\/2018\/12\/03-Pirineos-Rio-Gallego-Salmonidos-sm-760x428.jpg 760w, https:\/\/fishinginaragon.com\/wp-content\/uploads\/2018\/12\/03-Pirineos-Rio-Gallego-Salmonidos-sm-860x484.jpg 860w, https:\/\/fishinginaragon.com\/wp-content\/uploads\/2018\/12\/03-Pirineos-Rio-Gallego-Salmonidos-sm.jpg 1920w\" sizes=\"auto, (max-width: 512px) 100vw, 512px\" \/><\/a><figcaption id=\"caption-attachment-377\" class=\"wp-caption-text\">Forellenfang im G\u00e1llego-Fluss<\/figcaption><\/figure>\n<p><span class=\"dropcap \">M<\/span>itten in den Pyren\u00e4en sammelt der G\u00e1llego-Fluss sein Wasser im B\u00fabal-Stausee. Der atemberaubende Ausblick auf das Tende\u00f1era Hochland macht diesen Ort zu einem Paradies f\u00fcr den Angelsport.<br \/>\nDer G\u00e1llego-Fluss hat in den Vorpyren\u00e4en eine weitere Region geschaffen, das sogenannte \u201eK\u00f6nigreich der Mallos\u201c. Die Mallos in Riglos und Ag\u00fcero sind bis zu 300 Meter hohe Felsengebilde, die das Tal wie riesige Schutzengel \u00fcberwachen und in denen bedeutende Kolonien Aasgeier und andere Raubv\u00f6gel Zuflucht finden. Ganz in den N\u00e4he davon muss man unbedingt die Loarre Burg, Europas am besten erhaltene romanische Festung, besichtigen. Hier wurden schon mehrere Filme gedreht und sie verleitet dazu, sich wie ein Ritter im Mittelalter zu f\u00fchlen.<\/p>\n<div class=\"clearfix\"><\/div><div class=\"divider margin-top-30\"><\/div>\n<h4><span id=\"arguis\"><\/span>Arguis<\/h4>\n<p><span class=\"dropcap \">I<\/span>n der N\u00e4he von Huesca befindet sich der Arguis Stausee am Isuela-Fluss. Er bietet guten Zugang vom Westen zum Guara Hochland und zum Badiello Stausee des Gautizalema-Flusses. Diese beiden Sehensw\u00fcrdigkeiten der Vorpyren\u00e4en liegen in einem Gebiet, das den \u00dcbergang von den hohen Bergen in das Ebro-Tal darstellt. Zwischen beiden liegt die Roland-Schlucht, wo der Legende nach der legend\u00e4re fr\u00e4nkische Ritter auf der Flucht vor seinen Feinden von einem Felsen auf den anderen sprang.<br \/>\n<div class=\"clearfix\"><\/div><div class=\"divider margin-top-30\"><\/div><\/p>\n<h4><span id=\"sotonera\"><\/span>Sotonera Stausee<\/h4>\n<p><span class=\"dropcap \">E<\/span>r gilt als Zentrum f\u00fcr Wassersport und Vogelbeobachtung ganz in der N\u00e4he von Huesca. Die auf ihre Vergangenheit stolze Stadt Huesca sollte man unbedingt besichtigen. In der Altstadt von Huesca kann man als Zeugen glorreicher Zeiten die San Pedro el Viejo Kirche, ein Prachtst\u00fcck der aragonischen Romanik, und das Renaissance-Rathaus besichtigen.<\/p>\n<div class=\"clearfix\"><\/div><div class=\"divider margin-top-30\"><\/div>\n<h3>Weitere Sehensw\u00fcrdigkeiten der Region<\/h3>\n<figure id=\"attachment_389\" aria-describedby=\"caption-attachment-389\" style=\"width: 1024px\" class=\"wp-caption aligncenter\"><a href=\"https:\/\/fishinginaragon.com\/wp-content\/uploads\/2018\/12\/34-04-Pirineos-El-Mediano-foto-360-grados-sm.jpg\"><img loading=\"lazy\" decoding=\"async\" class=\"size-large wp-image-389\" src=\"https:\/\/fishinginaragon.com\/wp-content\/uploads\/2018\/12\/34-04-Pirineos-El-Mediano-foto-360-grados-sm-1024x512.jpg\" alt=\"embalse de mediano\" width=\"1024\" height=\"512\" srcset=\"https:\/\/fishinginaragon.com\/wp-content\/uploads\/2018\/12\/34-04-Pirineos-El-Mediano-foto-360-grados-sm-1024x512.jpg 1024w, https:\/\/fishinginaragon.com\/wp-content\/uploads\/2018\/12\/34-04-Pirineos-El-Mediano-foto-360-grados-sm-300x150.jpg 300w, https:\/\/fishinginaragon.com\/wp-content\/uploads\/2018\/12\/34-04-Pirineos-El-Mediano-foto-360-grados-sm-768x384.jpg 768w, https:\/\/fishinginaragon.com\/wp-content\/uploads\/2018\/12\/34-04-Pirineos-El-Mediano-foto-360-grados-sm-1260x630.jpg 1260w, https:\/\/fishinginaragon.com\/wp-content\/uploads\/2018\/12\/34-04-Pirineos-El-Mediano-foto-360-grados-sm-760x380.jpg 760w, https:\/\/fishinginaragon.com\/wp-content\/uploads\/2018\/12\/34-04-Pirineos-El-Mediano-foto-360-grados-sm-860x430.jpg 860w, https:\/\/fishinginaragon.com\/wp-content\/uploads\/2018\/12\/34-04-Pirineos-El-Mediano-foto-360-grados-sm.jpg 1920w\" sizes=\"auto, (max-width: 1024px) 100vw, 1024px\" \/><\/a><figcaption id=\"caption-attachment-389\" class=\"wp-caption-text\">Mediano Stausee<\/figcaption><\/figure>\n<p><span class=\"dropcap \">D<\/span>ie Pyren\u00e4en stellen einen der gr\u00f6\u00dften Anziehungspunkte der Region dar. Hohe Berge in der zerkl\u00fcfteten Region der Zentralpyren\u00e4en. Herrliche T\u00e4ler mit kunsthistorischem Reichtum in Form von Kirchen, Kl\u00f6stern und stolzen Burgen \u00f6ffnen sich zu den Ebenen im S\u00fcden hin.  Natur und Kunst sind in kompletter Harmonie vereint. Die Skigebiete Candanch\u00fa, Ast\u00fan, Formigal, Panticosa und Cerler bilden zusammen Europas gr\u00f6\u00dftes Skigebiet. Sie bieten modernste Technik in Liften und Kunstschneebildung. Im Sommer gibt es zahlreiche Angebote f\u00fcr Sporttourismus.<\/p>\n<p>T\u00e4ler wie Hecho, Ans\u00f3, Canfranc, Tena, Pineta oder Benasque u. a., oder die eindrucksvolle Umgebung des Kurorts  Panticosa sowie Cinco Villas, Somontano de Barbastro und Hoya de Huesca in den Vorpyren\u00e4en sind Anregungen f\u00fcr herrliche Ausfl\u00fcge.<\/p>\n<p>Im Sobrarbe Gebiet liegen der Ordesa y Monte Perdido Nationalpark und zwei Naturparks (Posets Maladeta und Sierra y Ca\u00f1ones de Guara) sowie unz\u00e4hlige herrliche und magische Winkel.<br \/>\nDer von der UNESCO anerkannte Sobrarbe-Pirineos Geopark stimmt genau mit dem Gebiet des Sobrarbe Landkreises \u00fcberein. Der Ordesa y Monte Perdido Nationalpark, der au\u00dferdem als Weltkulturerbe erkl\u00e4rt wurde, ist zusammen mit anderen Naturschutzgebieten Teil einer gro\u00dfen Habitatvielfalt, die sich \u00fcber die gesamte Region erstreckt.<\/p>\n<p>Die Hauptstadt Huesca bietet die Sch\u00e4tze ihrer gotischen Kathedrale und den romanischen Kreuzgang von San Pedro el Viejo. Jaca steht f\u00fcr den Reichtum ihrer romanischen Kathedrale. Dazu kommen weitere Prachtst\u00fccke wie San Juan de la Pe\u00f1a, Santa Cruz de la Ser\u00f3s, San Pedro de Siresa, Roda de Is\u00e1bena, die kleinen und bezaubernden Serrablo-Kirchen oder die herrliche Loarre-Burg als hervorragende Beispiele der besten Romanik in enger Verbindung mit dem Jakobsweg durch Aragonien. A\u00ednsa, Alqu\u00e9zar, Hecho, Ans\u00f3, Jaca, Monta\u00f1ana oder Roda de Is\u00e1bena besitzen neben vielen anderen Orten herrliche Ortskerne und machen Huescas touristisches Angebot nahezu unendlich.<\/p>\n\r\n        <div class=\"post-quote\">\r\n            <span class=\"icon\"><\/span>\r\n            <blockquote>Informationszentren, Museen und Freizeitparks liegen \u00fcber ganz Aragonien verteilt. Sie unterst\u00fctzen bei der Auslegung der Geschichte und bieten Unterhaltung f\u00fcr die ganze Familie (Lacuniacha, Din\u00f3polis, Monasterio de Piedra usw.)<span><\/span><\/blockquote>\r\n        <\/div>\n","protected":false},"excerpt":{"rendered":"<p>n den Bergen der Pyren\u00e4en k\u00f6nnen Angler wasserreiche Gletscherfl\u00fcsse wie den Ara-Fluss genie\u00dfen, der noch unber\u00fchrt, d. h. ungeleitet und ohne Schleusen, ist. Hier gibt es Fl\u00fcsse aller Arten und Gebirgsseen, in denen man Bachsaiblinge (Salvelinus fontinalis) oder Bachforellen (Salmo trutta fario) mit komplett nat\u00fcrlicher Verhaltensweise fangen kann. La Noguera Ribagorzana ieser Pyren\u00e4enfluss bildet die&#8230;<\/p>\n","protected":false},"author":1,"featured_media":0,"parent":0,"menu_order":0,"comment_status":"closed","ping_status":"closed","template":"","meta":{"footnotes":""},"categories":[],"tags":[],"class_list":["post-369","page","type-page","status-publish","hentry"],"translation":{"provider":"WPGlobus","version":"3.0.2","language":"de","enabled_languages":["es","en","de"],"languages":{"es":{"title":true,"content":true,"excerpt":false},"en":{"title":true,"content":true,"excerpt":false},"de":{"title":true,"content":true,"excerpt":false}}},"yoast_head":"<!-- This site is optimized with the Yoast SEO plugin v27.3 - https:\/\/yoast.com\/product\/yoast-seo-wordpress\/ -->\n<title>Angeln in Huesca - Angeln in Aragonien<\/title>\n<meta name=\"robots\" content=\"index, follow, max-snippet:-1, max-image-preview:large, max-video-preview:-1\" \/>\n<link rel=\"canonical\" href=\"https:\/\/fishinginaragon.com\/en\/huesca\" \/>\n<meta property=\"og:locale\" content=\"de_DE\" \/>\n<meta property=\"og:type\" content=\"article\" \/>\n<meta property=\"og:title\" content=\"Angeln in Huesca - Angeln in Aragonien\" \/>\n<meta property=\"og:url\" content=\"https:\/\/fishinginaragon.com\/en\/huesca\" \/>\n<meta property=\"og:site_name\" content=\"Angeln in Aragonien\" \/>\n<meta property=\"article:modified_time\" content=\"2021-06-04T16:54:10+00:00\" \/>\n<meta property=\"og:image\" content=\"https:\/\/fishinginaragon.com\/wp-content\/uploads\/2018\/12\/44-14-Canelles-Black-Bass-sm-1024x683.jpg\" \/>\n<meta name=\"twitter:card\" content=\"summary_large_image\" \/>\n<meta name=\"twitter:label1\" content=\"Est. reading time\" \/>\n\t<meta name=\"twitter:data1\" content=\"6 minutes\" \/>\n<script type=\"application\/ld+json\" class=\"yoast-schema-graph\">{\"@context\":\"https:\\\/\\\/schema.org\",\"@graph\":[{\"@type\":\"WebPage\",\"@id\":\"https:\\\/\\\/fishinginaragon.com\\\/en\\\/huesca\",\"url\":\"https:\\\/\\\/fishinginaragon.com\\\/en\\\/huesca\",\"name\":\"Angeln in Huesca - Angeln in Aragonien\",\"isPartOf\":{\"@id\":\"https:\\\/\\\/fishinginaragon.com\\\/#website\"},\"primaryImageOfPage\":{\"@id\":\"https:\\\/\\\/fishinginaragon.com\\\/en\\\/huesca#primaryimage\"},\"image\":{\"@id\":\"https:\\\/\\\/fishinginaragon.com\\\/en\\\/huesca#primaryimage\"},\"thumbnailUrl\":\"https:\\\/\\\/fishinginaragon.com\\\/wp-content\\\/uploads\\\/2018\\\/12\\\/44-14-Canelles-Black-Bass-sm-1024x683.jpg\",\"datePublished\":\"2018-12-03T10:54:21+00:00\",\"dateModified\":\"2021-06-04T16:54:10+00:00\",\"breadcrumb\":{\"@id\":\"https:\\\/\\\/fishinginaragon.com\\\/en\\\/huesca#breadcrumb\"},\"inLanguage\":\"de-DE\",\"potentialAction\":[{\"@type\":\"ReadAction\",\"target\":[\"https:\\\/\\\/fishinginaragon.com\\\/en\\\/huesca\"]}]},{\"@type\":\"ImageObject\",\"inLanguage\":\"de-DE\",\"@id\":\"https:\\\/\\\/fishinginaragon.com\\\/en\\\/huesca#primaryimage\",\"url\":\"https:\\\/\\\/fishinginaragon.com\\\/wp-content\\\/uploads\\\/2018\\\/12\\\/44-14-Canelles-Black-Bass-sm-1024x683.jpg\",\"contentUrl\":\"https:\\\/\\\/fishinginaragon.com\\\/wp-content\\\/uploads\\\/2018\\\/12\\\/44-14-Canelles-Black-Bass-sm-1024x683.jpg\"},{\"@type\":\"BreadcrumbList\",\"@id\":\"https:\\\/\\\/fishinginaragon.com\\\/en\\\/huesca#breadcrumb\",\"itemListElement\":[{\"@type\":\"ListItem\",\"position\":1,\"name\":\"Portada\",\"item\":\"https:\\\/\\\/fishinginaragon.com\\\/\"},{\"@type\":\"ListItem\",\"position\":2,\"name\":\"FISHING IN HUESCA\"}]},{\"@type\":\"WebSite\",\"@id\":\"https:\\\/\\\/fishinginaragon.com\\\/#website\",\"url\":\"https:\\\/\\\/fishinginaragon.com\\\/\",\"name\":\"Angeln in Aragonien\",\"description\":\"Turismo de Arag\u00f3n\",\"potentialAction\":[{\"@type\":\"SearchAction\",\"target\":{\"@type\":\"EntryPoint\",\"urlTemplate\":\"https:\\\/\\\/fishinginaragon.com\\\/?s={search_term_string}\"},\"query-input\":{\"@type\":\"PropertyValueSpecification\",\"valueRequired\":true,\"valueName\":\"search_term_string\"}}],\"inLanguage\":\"de-DE\"}]}<\/script>\n<!-- \/ Yoast SEO plugin. -->","yoast_head_json":{"title":"Angeln in Huesca - Angeln in Aragonien","robots":{"index":"index","follow":"follow","max-snippet":"max-snippet:-1","max-image-preview":"max-image-preview:large","max-video-preview":"max-video-preview:-1"},"canonical":"https:\/\/fishinginaragon.com\/en\/huesca","og_locale":"de_DE","og_type":"article","og_title":"Angeln in Huesca - Angeln in Aragonien","og_url":"https:\/\/fishinginaragon.com\/en\/huesca","og_site_name":"Angeln in Aragonien","article_modified_time":"2021-06-04T16:54:10+00:00","og_image":[{"url":"https:\/\/fishinginaragon.com\/wp-content\/uploads\/2018\/12\/44-14-Canelles-Black-Bass-sm-1024x683.jpg","type":"","width":"","height":""}],"twitter_card":"summary_large_image","twitter_misc":{"Est. reading time":"6 minutes"},"schema":{"@context":"https:\/\/schema.org","@graph":[{"@type":"WebPage","@id":"https:\/\/fishinginaragon.com\/en\/huesca","url":"https:\/\/fishinginaragon.com\/en\/huesca","name":"Angeln in Huesca - Angeln in Aragonien","isPartOf":{"@id":"https:\/\/fishinginaragon.com\/#website"},"primaryImageOfPage":{"@id":"https:\/\/fishinginaragon.com\/en\/huesca#primaryimage"},"image":{"@id":"https:\/\/fishinginaragon.com\/en\/huesca#primaryimage"},"thumbnailUrl":"https:\/\/fishinginaragon.com\/wp-content\/uploads\/2018\/12\/44-14-Canelles-Black-Bass-sm-1024x683.jpg","datePublished":"2018-12-03T10:54:21+00:00","dateModified":"2021-06-04T16:54:10+00:00","breadcrumb":{"@id":"https:\/\/fishinginaragon.com\/en\/huesca#breadcrumb"},"inLanguage":"de-DE","potentialAction":[{"@type":"ReadAction","target":["https:\/\/fishinginaragon.com\/en\/huesca"]}]},{"@type":"ImageObject","inLanguage":"de-DE","@id":"https:\/\/fishinginaragon.com\/en\/huesca#primaryimage","url":"https:\/\/fishinginaragon.com\/wp-content\/uploads\/2018\/12\/44-14-Canelles-Black-Bass-sm-1024x683.jpg","contentUrl":"https:\/\/fishinginaragon.com\/wp-content\/uploads\/2018\/12\/44-14-Canelles-Black-Bass-sm-1024x683.jpg"},{"@type":"BreadcrumbList","@id":"https:\/\/fishinginaragon.com\/en\/huesca#breadcrumb","itemListElement":[{"@type":"ListItem","position":1,"name":"Portada","item":"https:\/\/fishinginaragon.com\/"},{"@type":"ListItem","position":2,"name":"FISHING IN HUESCA"}]},{"@type":"WebSite","@id":"https:\/\/fishinginaragon.com\/#website","url":"https:\/\/fishinginaragon.com\/","name":"Angeln in Aragonien","description":"Turismo de Arag\u00f3n","potentialAction":[{"@type":"SearchAction","target":{"@type":"EntryPoint","urlTemplate":"https:\/\/fishinginaragon.com\/?s={search_term_string}"},"query-input":{"@type":"PropertyValueSpecification","valueRequired":true,"valueName":"search_term_string"}}],"inLanguage":"de-DE"}]}},"_links":{"self":[{"href":"https:\/\/fishinginaragon.com\/de\/wp-json\/wp\/v2\/pages\/369","targetHints":{"allow":["GET"]}}],"collection":[{"href":"https:\/\/fishinginaragon.com\/de\/wp-json\/wp\/v2\/pages"}],"about":[{"href":"https:\/\/fishinginaragon.com\/de\/wp-json\/wp\/v2\/types\/page"}],"author":[{"embeddable":true,"href":"https:\/\/fishinginaragon.com\/de\/wp-json\/wp\/v2\/users\/1"}],"replies":[{"embeddable":true,"href":"https:\/\/fishinginaragon.com\/de\/wp-json\/wp\/v2\/comments?post=369"}],"version-history":[{"count":2,"href":"https:\/\/fishinginaragon.com\/de\/wp-json\/wp\/v2\/pages\/369\/revisions"}],"predecessor-version":[{"id":1265,"href":"https:\/\/fishinginaragon.com\/de\/wp-json\/wp\/v2\/pages\/369\/revisions\/1265"}],"wp:attachment":[{"href":"https:\/\/fishinginaragon.com\/de\/wp-json\/wp\/v2\/media?parent=369"}],"wp:term":[{"taxonomy":"category","embeddable":true,"href":"https:\/\/fishinginaragon.com\/de\/wp-json\/wp\/v2\/categories?post=369"},{"taxonomy":"post_tag","embeddable":true,"href":"https:\/\/fishinginaragon.com\/de\/wp-json\/wp\/v2\/tags?post=369"}],"curies":[{"name":"wp","href":"https:\/\/api.w.org\/{rel}","templated":true}]}}