{"id":367,"date":"2018-12-03T10:49:04","date_gmt":"2018-12-03T10:49:04","guid":{"rendered":"https:\/\/fishinginaragon.com\/?page_id=367"},"modified":"2021-06-04T17:13:17","modified_gmt":"2021-06-04T17:13:17","slug":"teruel","status":"publish","type":"page","link":"https:\/\/fishinginaragon.com\/de\/teruel","title":{"rendered":"Angeln in Teruel"},"content":{"rendered":"<p><span class=\"dropcap \">F<\/span>\u00fcr Angler, die noch mehr Abwechslung, Ungest\u00f6rtheit und hochwertigen Lachsfischfang auf alternative Art suchen, erf\u00fcllt die Provinz Teruel mit ihren Forellen alle W\u00fcnsche. An Fl\u00fcssen wie Jiloca, Guadalope oder Guadalaviar, die sich zwar von den Fl\u00fcssen in den Pyren\u00e4en unterscheiden, aber die gleiche Exzellenz beim Angeln bieten, sollte man mehrere Tage zum Angeln vorsehen.<\/p>\n<div class=\"clearfix\"><\/div><div class=\"divider margin-top-30\"><\/div>\n<figure id=\"attachment_842\" aria-describedby=\"caption-attachment-842\" style=\"width: 512px\" class=\"wp-caption alignright\"><a href=\"https:\/\/fishinginaragon.com\/wp-content\/uploads\/2018\/12\/Embalse_de_Santolea.jpg\"><img loading=\"lazy\" decoding=\"async\" class=\"size-large wp-image-842\" src=\"https:\/\/fishinginaragon.com\/wp-content\/uploads\/2018\/12\/Embalse_de_Santolea-1024x682.jpg\" alt=\"Embalse de Santolea\" width=\"512\" height=\"341\" srcset=\"https:\/\/fishinginaragon.com\/wp-content\/uploads\/2018\/12\/Embalse_de_Santolea.jpg 1024w, https:\/\/fishinginaragon.com\/wp-content\/uploads\/2018\/12\/Embalse_de_Santolea-300x200.jpg 300w, https:\/\/fishinginaragon.com\/wp-content\/uploads\/2018\/12\/Embalse_de_Santolea-768x512.jpg 768w, https:\/\/fishinginaragon.com\/wp-content\/uploads\/2018\/12\/Embalse_de_Santolea-760x506.jpg 760w, https:\/\/fishinginaragon.com\/wp-content\/uploads\/2018\/12\/Embalse_de_Santolea-860x573.jpg 860w\" sizes=\"auto, (max-width: 512px) 100vw, 512px\" \/><\/a><figcaption id=\"caption-attachment-842\" class=\"wp-caption-text\">Santolea Stausee<\/figcaption><\/figure>\n<h4><span id=\"calanda\"><\/span><span id=\"santolea\"><\/span><span id=\"estanca\"><\/span>El Bajo Arag\u00f3n<\/h4>\n<p><span class=\"dropcap \">D<\/span>er <strong>Calanda Stausee<\/strong> am Guadalope-Fluss liegt in einer herrlichen, gut zug\u00e4nglichen Landschaft mit Gebirgsz\u00fcgen und W\u00e4ldern. Flussaufw\u00e4rts des Guadalope-Flusses liegt der Santolea Stausee neben Castellote, in der Maestrazgo Region. Unglaubhafte geologische Formen bilden sch\u00f6ne Winkel mit herrlicher Aussicht, Badem\u00f6glichkeiten und gro\u00dfe Gebiete zum Angeln.<\/p>\n<p>Das endorheische Feuchtgebiet Estanca de Alca\u00f1iz liegt neben Alca\u00f1iz und bietet die M\u00f6glichkeit, Wasserv\u00f6gel von den wieder aufgeforsteten Kiefernw\u00e4ldern aus zu beobachten. Die Stadt Alca\u00f1iz mit ihrer reichen historischen Vergangenheit ist schon selbst einen Besuch wert. Die Burg der Calatravos, ihr h\u00fcbscher Platz, an dessen Ecke das Renaissance-Rathaus mit Warenb\u00f6rse und Spitzb\u00f6gen steht, oder ihre riesige Stiftskirche mit pr\u00e4chtigem Glockenturm sind beachtliche Beispiele dieser Vergangenheit.<\/p>\n<div class=\"clearfix\"><\/div><div class=\"divider margin-top-30\"><\/div>\n<figure id=\"attachment_954\" aria-describedby=\"caption-attachment-954\" style=\"width: 512px\" class=\"wp-caption alignleft\"><a href=\"https:\/\/fishinginaragon.com\/wp-content\/uploads\/2018\/12\/RUTA-18-Albarracin-016-sm.jpg\"><img loading=\"lazy\" decoding=\"async\" class=\"size-large wp-image-954\" src=\"https:\/\/fishinginaragon.com\/wp-content\/uploads\/2018\/12\/RUTA-18-Albarracin-016-sm-1024x683.jpg\" alt=\"Albarrac\u00edn\" width=\"512\" height=\"341\" srcset=\"https:\/\/fishinginaragon.com\/wp-content\/uploads\/2018\/12\/RUTA-18-Albarracin-016-sm-1024x683.jpg 1024w, https:\/\/fishinginaragon.com\/wp-content\/uploads\/2018\/12\/RUTA-18-Albarracin-016-sm-300x200.jpg 300w, https:\/\/fishinginaragon.com\/wp-content\/uploads\/2018\/12\/RUTA-18-Albarracin-016-sm-768x512.jpg 768w, https:\/\/fishinginaragon.com\/wp-content\/uploads\/2018\/12\/RUTA-18-Albarracin-016-sm-1260x840.jpg 1260w, https:\/\/fishinginaragon.com\/wp-content\/uploads\/2018\/12\/RUTA-18-Albarracin-016-sm-760x507.jpg 760w, https:\/\/fishinginaragon.com\/wp-content\/uploads\/2018\/12\/RUTA-18-Albarracin-016-sm-860x573.jpg 860w, https:\/\/fishinginaragon.com\/wp-content\/uploads\/2018\/12\/RUTA-18-Albarracin-016-sm.jpg 1920w\" sizes=\"auto, (max-width: 512px) 100vw, 512px\" \/><\/a><figcaption id=\"caption-attachment-954\" class=\"wp-caption-text\">Albarrac\u00edn<\/figcaption><\/figure>\n<h4><span id=\"albarracin\"><\/span>Albarrac\u00edn Hochland<\/h4>\n<p><span class=\"dropcap \">M<\/span>itten in Montes Universales entspringt der Guadalaviar-Fluss. Er gilt aufgrund des Forellenreichtums und deren Qualit\u00e4t als spanischer Bezugspunkt f\u00fcr den Forellenfang. Dieses Hochland birgt auch Erstaunliches, wie die Fl\u00fcsse der weltweit l\u00e4ngsten Bl\u00f6cke. Bei diesen Fl\u00fcssen handelt es sich um Ansammlungen von Quarzitbl\u00f6cken, die in den Talb\u00f6den liegen. Sie sind durch die Auswirkungen der Eisbildung und -schmelze, die ihre Bewegung in L\u00e4ngsrichtung verursacht haben, entstanden.<\/p>\n<div class=\"clearfix\"><\/div><div class=\"divider margin-top-30\"><\/div>\n<h3>Weitere Sehensw\u00fcrdigkeiten der Region<\/h3>\n<p><span class=\"dropcap \">D<\/span>ie von der UNESCO zum Weltkulturgut erkl\u00e4rte Mud\u00e9jarkunst ist in ganz Aragonien zu finden. In der Stadt Teruel befinden sich jedoch die wichtigsten Monumente dieser herrlichen und harmonischen Architektur.<\/p>\n<p>In der Region Teruel befindet sich auch Din\u00f3polis, ein den Dinosauriern gewidmeter Themenpark. Seit seiner Gr\u00fcndung im Jahr 2001, d. h. seit zwanzig Jahren, zeigt er auf unterhaltsame und kulturelle Art die Spuren und arch\u00e4ologischen Funde, die aus dieser aragonischen Region ein Paradies f\u00fcr Pal\u00e4ontologen gemacht haben. Aber Din\u00f3polis  besteht nicht nur aus dem Park in Teruel. Die pal\u00e4ontologische Route f\u00fchrt durch verschiedene Orte in der ganzen Provinz.<\/p>\n<figure id=\"attachment_355\" aria-describedby=\"caption-attachment-355\" style=\"width: 512px\" class=\"wp-caption alignright\"><a href=\"https:\/\/fishinginaragon.com\/wp-content\/uploads\/2018\/12\/072_RioBloquesOrihuela.jpg\"><img loading=\"lazy\" decoding=\"async\" class=\"size-large wp-image-355\" src=\"https:\/\/fishinginaragon.com\/wp-content\/uploads\/2018\/12\/072_RioBloquesOrihuela-1024x686.jpg\" alt=\"R\u00edo de Bloques\" width=\"512\" height=\"343\" srcset=\"https:\/\/fishinginaragon.com\/wp-content\/uploads\/2018\/12\/072_RioBloquesOrihuela-1024x686.jpg 1024w, https:\/\/fishinginaragon.com\/wp-content\/uploads\/2018\/12\/072_RioBloquesOrihuela-300x200.jpg 300w, https:\/\/fishinginaragon.com\/wp-content\/uploads\/2018\/12\/072_RioBloquesOrihuela-768x515.jpg 768w, https:\/\/fishinginaragon.com\/wp-content\/uploads\/2018\/12\/072_RioBloquesOrihuela-760x509.jpg 760w, https:\/\/fishinginaragon.com\/wp-content\/uploads\/2018\/12\/072_RioBloquesOrihuela-860x576.jpg 860w, https:\/\/fishinginaragon.com\/wp-content\/uploads\/2018\/12\/072_RioBloquesOrihuela.jpg 1100w\" sizes=\"auto, (max-width: 512px) 100vw, 512px\" \/><\/a><figcaption id=\"caption-attachment-355\" class=\"wp-caption-text\">Fluss mit Bl\u00f6cken im Albarrac\u00edn Hochland<\/figcaption><\/figure>\n<p>Viele der Orte sind wahre Prachtst\u00fccke des Mittelalters, wie z. B. Albarrac\u00edn, der unbedingt einen Besuch verdient hat.<\/p>\n<p>Teruel zeigt die \u00dcppigkeit und erstaunliche Vielfalt ihrer Natur. Von den Hochl\u00e4ndern um Albarrac\u00edn bis zu den sanften, mit Olivenb\u00e4umen \u00fcbers\u00e4ten Ebenen der Gebiets von Alca\u00f1\u00edz. Von den rauen Gipfeln im Maestrazgo Gebiet bis zur scheinbaren Ruhe in Bajo Arag\u00f3n, die in der Karwoche abrupt durch das unbeschreibliche Gedr\u00f6hn der Trommeln und Pauken in den Orten auf der gleichnamigen Route unterbrochen wird. Die Karwoche auf dieser Route wurde von internationalem touristischem Interesse erkl\u00e4rt.<\/p>\n<p>Maestrazgo und Matarra\u00f1a sind weitere Beispiele f\u00fcr die Sch\u00f6nheit von Aragonien mit traumhaften D\u00f6rfern wie Cantavieja, Mirambel, La Iglesuela del Cid, Calaceite, Beceite oder Valderrobres u. a., die als kunsthistorisches Ensemble erkl\u00e4rt wurden. F\u00fcr Skiliebhaber gibt es mit Valdelinares und Javalambre zwei Skigebiete in Teruel, in denen sie ihre Lieblingssportart treiben k\u00f6nnen.<\/p>\n","protected":false},"excerpt":{"rendered":"<p>\u00fcr Angler, die noch mehr Abwechslung, Ungest\u00f6rtheit und hochwertigen Lachsfischfang auf alternative Art suchen, erf\u00fcllt die Provinz Teruel mit ihren Forellen alle W\u00fcnsche. An Fl\u00fcssen wie Jiloca, Guadalope oder Guadalaviar, die sich zwar von den Fl\u00fcssen in den Pyren\u00e4en unterscheiden, aber die gleiche Exzellenz beim Angeln bieten, sollte man mehrere Tage zum Angeln vorsehen. El&#8230;<\/p>\n","protected":false},"author":1,"featured_media":0,"parent":0,"menu_order":0,"comment_status":"closed","ping_status":"closed","template":"","meta":{"footnotes":""},"categories":[],"tags":[],"class_list":["post-367","page","type-page","status-publish","hentry"],"translation":{"provider":"WPGlobus","version":"3.0.2","language":"de","enabled_languages":["es","en","de"],"languages":{"es":{"title":true,"content":true,"excerpt":false},"en":{"title":true,"content":true,"excerpt":false},"de":{"title":true,"content":true,"excerpt":false}}},"yoast_head":"<!-- This site is optimized with the Yoast SEO plugin v27.3 - https:\/\/yoast.com\/product\/yoast-seo-wordpress\/ -->\n<title>Angeln in Teruel - Angeln in Aragonien<\/title>\n<meta name=\"robots\" content=\"index, follow, max-snippet:-1, max-image-preview:large, max-video-preview:-1\" \/>\n<link rel=\"canonical\" href=\"https:\/\/fishinginaragon.com\/teruel\" \/>\n<meta property=\"og:locale\" content=\"de_DE\" \/>\n<meta property=\"og:type\" content=\"article\" \/>\n<meta property=\"og:title\" content=\"Angeln in Teruel - Angeln in Aragonien\" \/>\n<meta property=\"og:url\" content=\"https:\/\/fishinginaragon.com\/teruel\" \/>\n<meta property=\"og:site_name\" content=\"Angeln in Aragonien\" \/>\n<meta property=\"article:modified_time\" content=\"2021-06-04T17:13:17+00:00\" \/>\n<meta property=\"og:image\" content=\"https:\/\/fishinginaragon.com\/wp-content\/uploads\/2018\/12\/Embalse_de_Santolea-1024x682.jpg\" \/>\n<meta name=\"twitter:card\" content=\"summary_large_image\" \/>\n<meta name=\"twitter:label1\" content=\"Est. reading time\" \/>\n\t<meta name=\"twitter:data1\" content=\"3 minutes\" \/>\n<script type=\"application\/ld+json\" class=\"yoast-schema-graph\">{\"@context\":\"https:\\\/\\\/schema.org\",\"@graph\":[{\"@type\":\"WebPage\",\"@id\":\"https:\\\/\\\/fishinginaragon.com\\\/teruel\",\"url\":\"https:\\\/\\\/fishinginaragon.com\\\/teruel\",\"name\":\"Angeln in Teruel - Angeln in Aragonien\",\"isPartOf\":{\"@id\":\"https:\\\/\\\/fishinginaragon.com\\\/#website\"},\"primaryImageOfPage\":{\"@id\":\"https:\\\/\\\/fishinginaragon.com\\\/teruel#primaryimage\"},\"image\":{\"@id\":\"https:\\\/\\\/fishinginaragon.com\\\/teruel#primaryimage\"},\"thumbnailUrl\":\"https:\\\/\\\/fishinginaragon.com\\\/wp-content\\\/uploads\\\/2018\\\/12\\\/Embalse_de_Santolea-1024x682.jpg\",\"datePublished\":\"2018-12-03T10:49:04+00:00\",\"dateModified\":\"2021-06-04T17:13:17+00:00\",\"breadcrumb\":{\"@id\":\"https:\\\/\\\/fishinginaragon.com\\\/teruel#breadcrumb\"},\"inLanguage\":\"de-DE\",\"potentialAction\":[{\"@type\":\"ReadAction\",\"target\":[\"https:\\\/\\\/fishinginaragon.com\\\/teruel\"]}]},{\"@type\":\"ImageObject\",\"inLanguage\":\"de-DE\",\"@id\":\"https:\\\/\\\/fishinginaragon.com\\\/teruel#primaryimage\",\"url\":\"https:\\\/\\\/fishinginaragon.com\\\/wp-content\\\/uploads\\\/2018\\\/12\\\/Embalse_de_Santolea-1024x682.jpg\",\"contentUrl\":\"https:\\\/\\\/fishinginaragon.com\\\/wp-content\\\/uploads\\\/2018\\\/12\\\/Embalse_de_Santolea-1024x682.jpg\"},{\"@type\":\"BreadcrumbList\",\"@id\":\"https:\\\/\\\/fishinginaragon.com\\\/teruel#breadcrumb\",\"itemListElement\":[{\"@type\":\"ListItem\",\"position\":1,\"name\":\"Portada\",\"item\":\"https:\\\/\\\/fishinginaragon.com\\\/\"},{\"@type\":\"ListItem\",\"position\":2,\"name\":\"Pescando por Teruel\"}]},{\"@type\":\"WebSite\",\"@id\":\"https:\\\/\\\/fishinginaragon.com\\\/#website\",\"url\":\"https:\\\/\\\/fishinginaragon.com\\\/\",\"name\":\"Angeln in Aragonien\",\"description\":\"Turismo de Arag\u00f3n\",\"potentialAction\":[{\"@type\":\"SearchAction\",\"target\":{\"@type\":\"EntryPoint\",\"urlTemplate\":\"https:\\\/\\\/fishinginaragon.com\\\/?s={search_term_string}\"},\"query-input\":{\"@type\":\"PropertyValueSpecification\",\"valueRequired\":true,\"valueName\":\"search_term_string\"}}],\"inLanguage\":\"de-DE\"}]}<\/script>\n<!-- \/ Yoast SEO plugin. -->","yoast_head_json":{"title":"Angeln in Teruel - Angeln in Aragonien","robots":{"index":"index","follow":"follow","max-snippet":"max-snippet:-1","max-image-preview":"max-image-preview:large","max-video-preview":"max-video-preview:-1"},"canonical":"https:\/\/fishinginaragon.com\/teruel","og_locale":"de_DE","og_type":"article","og_title":"Angeln in Teruel - Angeln in Aragonien","og_url":"https:\/\/fishinginaragon.com\/teruel","og_site_name":"Angeln in Aragonien","article_modified_time":"2021-06-04T17:13:17+00:00","og_image":[{"url":"https:\/\/fishinginaragon.com\/wp-content\/uploads\/2018\/12\/Embalse_de_Santolea-1024x682.jpg","type":"","width":"","height":""}],"twitter_card":"summary_large_image","twitter_misc":{"Est. reading time":"3 minutes"},"schema":{"@context":"https:\/\/schema.org","@graph":[{"@type":"WebPage","@id":"https:\/\/fishinginaragon.com\/teruel","url":"https:\/\/fishinginaragon.com\/teruel","name":"Angeln in Teruel - Angeln in Aragonien","isPartOf":{"@id":"https:\/\/fishinginaragon.com\/#website"},"primaryImageOfPage":{"@id":"https:\/\/fishinginaragon.com\/teruel#primaryimage"},"image":{"@id":"https:\/\/fishinginaragon.com\/teruel#primaryimage"},"thumbnailUrl":"https:\/\/fishinginaragon.com\/wp-content\/uploads\/2018\/12\/Embalse_de_Santolea-1024x682.jpg","datePublished":"2018-12-03T10:49:04+00:00","dateModified":"2021-06-04T17:13:17+00:00","breadcrumb":{"@id":"https:\/\/fishinginaragon.com\/teruel#breadcrumb"},"inLanguage":"de-DE","potentialAction":[{"@type":"ReadAction","target":["https:\/\/fishinginaragon.com\/teruel"]}]},{"@type":"ImageObject","inLanguage":"de-DE","@id":"https:\/\/fishinginaragon.com\/teruel#primaryimage","url":"https:\/\/fishinginaragon.com\/wp-content\/uploads\/2018\/12\/Embalse_de_Santolea-1024x682.jpg","contentUrl":"https:\/\/fishinginaragon.com\/wp-content\/uploads\/2018\/12\/Embalse_de_Santolea-1024x682.jpg"},{"@type":"BreadcrumbList","@id":"https:\/\/fishinginaragon.com\/teruel#breadcrumb","itemListElement":[{"@type":"ListItem","position":1,"name":"Portada","item":"https:\/\/fishinginaragon.com\/"},{"@type":"ListItem","position":2,"name":"Pescando por Teruel"}]},{"@type":"WebSite","@id":"https:\/\/fishinginaragon.com\/#website","url":"https:\/\/fishinginaragon.com\/","name":"Angeln in Aragonien","description":"Turismo de Arag\u00f3n","potentialAction":[{"@type":"SearchAction","target":{"@type":"EntryPoint","urlTemplate":"https:\/\/fishinginaragon.com\/?s={search_term_string}"},"query-input":{"@type":"PropertyValueSpecification","valueRequired":true,"valueName":"search_term_string"}}],"inLanguage":"de-DE"}]}},"_links":{"self":[{"href":"https:\/\/fishinginaragon.com\/de\/wp-json\/wp\/v2\/pages\/367","targetHints":{"allow":["GET"]}}],"collection":[{"href":"https:\/\/fishinginaragon.com\/de\/wp-json\/wp\/v2\/pages"}],"about":[{"href":"https:\/\/fishinginaragon.com\/de\/wp-json\/wp\/v2\/types\/page"}],"author":[{"embeddable":true,"href":"https:\/\/fishinginaragon.com\/de\/wp-json\/wp\/v2\/users\/1"}],"replies":[{"embeddable":true,"href":"https:\/\/fishinginaragon.com\/de\/wp-json\/wp\/v2\/comments?post=367"}],"version-history":[{"count":2,"href":"https:\/\/fishinginaragon.com\/de\/wp-json\/wp\/v2\/pages\/367\/revisions"}],"predecessor-version":[{"id":1283,"href":"https:\/\/fishinginaragon.com\/de\/wp-json\/wp\/v2\/pages\/367\/revisions\/1283"}],"wp:attachment":[{"href":"https:\/\/fishinginaragon.com\/de\/wp-json\/wp\/v2\/media?parent=367"}],"wp:term":[{"taxonomy":"category","embeddable":true,"href":"https:\/\/fishinginaragon.com\/de\/wp-json\/wp\/v2\/categories?post=367"},{"taxonomy":"post_tag","embeddable":true,"href":"https:\/\/fishinginaragon.com\/de\/wp-json\/wp\/v2\/tags?post=367"}],"curies":[{"name":"wp","href":"https:\/\/api.w.org\/{rel}","templated":true}]}}