{"id":351,"date":"2018-12-03T09:47:55","date_gmt":"2018-12-03T09:47:55","guid":{"rendered":"https:\/\/fishinginaragon.com\/?page_id=351"},"modified":"2021-06-04T17:04:47","modified_gmt":"2021-06-04T17:04:47","slug":"zaragoza","status":"publish","type":"page","link":"https:\/\/fishinginaragon.com\/de\/zaragoza","title":{"rendered":"Angeln in Zaragoza"},"content":{"rendered":"<figure id=\"attachment_343\" aria-describedby=\"caption-attachment-343\" style=\"width: 512px\" class=\"wp-caption alignright\"><a href=\"https:\/\/fishinginaragon.com\/wp-content\/uploads\/2018\/12\/Siluro-Mequinenza1.jpeg\"><img loading=\"lazy\" decoding=\"async\" class=\"size-large wp-image-343\" src=\"https:\/\/fishinginaragon.com\/wp-content\/uploads\/2018\/12\/Siluro-Mequinenza1-1024x576.jpeg\" alt=\"Siluro ribarroja\" width=\"512\" height=\"288\" srcset=\"https:\/\/fishinginaragon.com\/wp-content\/uploads\/2018\/12\/Siluro-Mequinenza1-1024x576.jpeg 1024w, https:\/\/fishinginaragon.com\/wp-content\/uploads\/2018\/12\/Siluro-Mequinenza1-300x169.jpeg 300w, https:\/\/fishinginaragon.com\/wp-content\/uploads\/2018\/12\/Siluro-Mequinenza1-768x432.jpeg 768w, https:\/\/fishinginaragon.com\/wp-content\/uploads\/2018\/12\/Siluro-Mequinenza1-760x428.jpeg 760w, https:\/\/fishinginaragon.com\/wp-content\/uploads\/2018\/12\/Siluro-Mequinenza1-860x484.jpeg 860w, https:\/\/fishinginaragon.com\/wp-content\/uploads\/2018\/12\/Siluro-Mequinenza1.jpeg 1137w\" sizes=\"auto, (max-width: 512px) 100vw, 512px\" \/><\/a><figcaption id=\"caption-attachment-343\" class=\"wp-caption-text\">Welsfische im Stausee Ribarroja<\/figcaption><\/figure>\n<p><span class=\"dropcap full\">D<\/span>ie Provinz Zaragoza wird vom Ebro-Tal geteilt. Sie beherbergt bedeutende Gebiete f\u00fcr den Fang von Karpfenfischarten und gro\u00dfen Raubfischen wie Welse, Barsche, Schwarzbarsche, Karpfen und Barben. In diesen Gebieten leben Raubfischarten mit Karpfenfischarten, die sich in tr\u00fcberen oder ruhigen und gestauten Gew\u00e4ssern aufhalten, zusammen. Unter den zahlreichen Angelgebieten sind die Ribarroja und Mequinenza Stauseen und sogar der Ebro\u2013Fluss selbst auf seinem gesamten Verlauf hervorzuheben. Gro\u00dfe Binnenmeere mit zahlreichen Angelm\u00f6glichkeiten und seichte Abschnitte der Nebenfl\u00fcsse des Ebro\u2013Flusses liegen \u00fcber das gesamte Gebiet verstreut.<\/p>\n<p>In diesen immer besser gesch\u00fctzten und sauberen Gew\u00e4ssern leben riesige Karpfen (Cyprinus carpio), die schon von den R\u00f6mern eingef\u00fchrt wurden und deren Verhalten und Angewohnheiten unver\u00e4ndert geblieben sind. Darunter haben sich ungeheuer gro\u00dfe Welse (Silurus glanis) gemischt. Ihre F\u00e4nge mit dem entsprechenden Foto vor ihrer Zur\u00fccksetzung gehen viral und verursachen weltweites Aufsehen. Bestimmte endemische und f\u00fcr diese Fische sehr g\u00fcnstige Umgebungsbedingungen sind die Erkl\u00e4rung f\u00fcr ihr gro\u00dfes und fortschreitendes Wachstum, das inzwischen schon ausreichend nachgewiesen ist. <\/p>\n<p>Die Gr\u00f6\u00dfe der Welse und Karpfen in Aragonien w\u00e4chst jedes Jahr. Aber auch bei weiteren Fischarten im Ebro-Fluss, deren Wachstum und Bev\u00f6lkerung fortschreiten, ist das Fall. Weitere erw\u00e4hnenswerte Fischarten:<\/p>\n<div class=\"list-1 color\"><\/p>\n<ul>\n<li>Bis zu 10 kg schwere Zander (<em>Sander Lucioperca<\/em>)<\/li>\n<li>Bis zu 4 kg schwere Forellenbarsche(<em>Micropterus Salmoides<\/em>)<\/li>\n<li>Bis zu 4,5 kg schwere Flussbarsche (<em>Perca Fluviatilis<\/em>)<\/li>\n<li>Bis zu 4 kg schwere Rotaugen(<em>Rutilus Rutilus<\/em>)<\/li>\n<\/ul>\n<p><\/div>\n<p>Die Liste kleinerer Fischarten, die geangelt werden k\u00f6nnen, ist in konkreten Gew\u00e4ssern noch viel l\u00e4nger. Hier k\u00f6nnen Sie an Ihrem Haken auch Zander, Barben usw. finden.<\/p>\n<div class=\"clearfix\"><\/div><div class=\"divider margin-top-30\"><\/div>\n<h4><span id=\"mararagon\"><\/span><span id=\"ribarroja\"><\/span>Mar de Arag\u00f3n und Ribarroja<\/h4>\n<p><span class=\"dropcap \">M<\/span>ar de Arag\u00f3n wird vom Mequinenza Stausee gebildet. Zusammen mit dem Ribarroja Stausee bildet er f\u00fcnfhundert Kilometer Binnenk\u00fcste mit beeindruckenden Landschaften aus Steilufern, W\u00e4ldern und Felsw\u00e4nden, die unter den Besuchern Erstaunen hervorrufen. Hier finden Angler ein in Europa einzigartiges Angelparadies, das f\u00fcr Liebhaber des Angelsports schon zu einem weltweiten Bezugspunkt geworden ist.<\/p>\n<p>Ganz in der N\u00e4he davon sollte man in S\u00e1stago das Rueda Kloster besichtigen. Dieses Zisterzienserkloster aus dem Mittelalter wurde sehr sch\u00f6n restauriert und vermittelt einen Einblick in das Klosterleben.<br><div class=\"photoGrid  three clearfix\">  <a href=\"https:\/\/fishinginaragon.com\/wp-content\/uploads\/2018\/12\/38-08-Mequinenza-sm.jpg\" rel=\"grid-1\" class=\"item view image-470\" title=\"Pescando en el Mar de Arag\u00f3n\"><img decoding=\"async\" src=\"https:\/\/fishinginaragon.com\/wp-content\/uploads\/2018\/12\/38-08-Mequinenza-sm-760x428.jpg\" alt=\"\">\r\n                <\/a> <a href=\"https:\/\/fishinginaragon.com\/wp-content\/uploads\/2018\/12\/13-Caspe-Siluro_web.jpg\" rel=\"grid-1\" class=\"item view image-435\" title=\"Siluro Caspe\"><img decoding=\"async\" src=\"https:\/\/fishinginaragon.com\/wp-content\/uploads\/2018\/12\/13-Caspe-Siluro_web-760x428.jpg\" alt=\"\">\r\n                <\/a> <a href=\"https:\/\/fishinginaragon.com\/wp-content\/uploads\/2018\/12\/Perca-Fluviatilis-Ribaroja.jpeg\" rel=\"grid-1\" class=\"item view image-430\" title=\"Perca Fluviatilis - Ribarroja\"><img decoding=\"async\" src=\"https:\/\/fishinginaragon.com\/wp-content\/uploads\/2018\/12\/Perca-Fluviatilis-Ribaroja-760x572.jpeg\" alt=\"\">\r\n                <\/a> <a href=\"https:\/\/fishinginaragon.com\/wp-content\/uploads\/2018\/12\/LucioPerca-Ribarroja.jpeg\" rel=\"grid-1\" class=\"item view image-432\" title=\"LucioPerca Ribarroja\"><img decoding=\"async\" src=\"https:\/\/fishinginaragon.com\/wp-content\/uploads\/2018\/12\/LucioPerca-Ribarroja-760x570.jpeg\" alt=\"\">\r\n                <\/a> <a href=\"https:\/\/fishinginaragon.com\/wp-content\/uploads\/2018\/12\/42-12-sm-Mequinenza.jpg\" rel=\"grid-1\" class=\"item view image-321\" title=\"Ejemplar de carpa pescada en el Mar de Arag\u00f3n\"><img decoding=\"async\" src=\"https:\/\/fishinginaragon.com\/wp-content\/uploads\/2018\/12\/42-12-sm-Mequinenza-760x428.jpg\" alt=\"\">\r\n                <\/a> <a href=\"https:\/\/fishinginaragon.com\/wp-content\/uploads\/2018\/09\/LucioPerca-Ribarroja.jpeg\" rel=\"grid-1\" class=\"item view image-212\" title=\"Lucioperca Ribarroja\"><img decoding=\"async\" src=\"https:\/\/fishinginaragon.com\/wp-content\/uploads\/2018\/09\/LucioPerca-Ribarroja-760x570.jpeg\" alt=\"\">\r\n                <\/a>\r\n        <\/div>\n<br><div class=\"clearfix\"><\/div><div class=\"divider margin-top-30\"><\/div><\/p>\n<h4><span id=\"tranquera\"><\/span>Tranquera Stausee<\/h4>\n<p><span class=\"dropcap \">E<\/span>r ist das gr\u00f6\u00dfte und bedeutendste Feuchtgebiet der Region. Seine unregelm\u00e4\u00dfigen K\u00fcsten sind durch die \u00dcberschwemmung einer schroffen Gegend durch den Piedra-Fluss entstanden. Wenn im Sommer der Wasserstand f\u00e4llt, tauchen r\u00f6tliche Felsen aus dem Wasser hervor. Neben dem Angeln sollte man unbedingt das Piedra Kloster besichtigen. Dort sind Wasser und Felsen auf eine eindrucksvolle Art verschmolzen, bei der Wasserf\u00e4lle, Grotten und herrliche Seen entstanden sind.<br>\n<div class=\"photoGrid  three clearfix\">  <a href=\"https:\/\/fishinginaragon.com\/wp-content\/uploads\/2018\/12\/MPiedra-sm.jpg\" rel=\"grid-14\" class=\"item view image-960\" title=\"Monasterio de Piedra. Zaragoza\"><img decoding=\"async\" src=\"https:\/\/fishinginaragon.com\/wp-content\/uploads\/2018\/12\/MPiedra-sm-760x506.jpg\" alt=\"\">\r\n                <\/a> <a href=\"https:\/\/fishinginaragon.com\/wp-content\/uploads\/2018\/12\/dolores2008.jpg\" rel=\"grid-14\" class=\"item view image-740\" title=\"Pescadores en la Tranquera\"><img decoding=\"async\" src=\"https:\/\/fishinginaragon.com\/wp-content\/uploads\/2018\/12\/dolores2008-760x570.jpg\" alt=\"\">\r\n                <\/a> <a href=\"https:\/\/fishinginaragon.com\/wp-content\/uploads\/2018\/12\/DSCN1031.jpg\" rel=\"grid-14\" class=\"item view image-718\" title=\"Embalse de La tranquera\"><img decoding=\"async\" src=\"https:\/\/fishinginaragon.com\/wp-content\/uploads\/2018\/12\/DSCN1031-760x570.jpg\" alt=\"\">\r\n                <\/a>\r\n        <\/div>\n<br><div class=\"clearfix\"><\/div><div class=\"divider margin-top-30\"><\/div><\/p>\n<h4><span id=\"maidevera\"><\/span>Weitere Sportfischereireviere in der Provinz Zaragoza<\/h4>\n<p><span class=\"dropcap \">I<\/span>n Calatayud mit dem Jal\u00f3n-Fluss kann man Sportm\u00f6glichkeiten in der Natur mit Sehensw\u00fcrdigkeiten der Mud\u00e9jar-Kunst &#8211; die christliche Architektur mit Dekorationen muslimischer Tradition auf au\u00dferordentliche Weise vereint &#8211; verbinden. Am Maidevera Stausee am Aranda-Fluss kann man neben Angeln zwischen Schluchten und Gebirgsz\u00fcgen auch den Moncayo Naturpark &#8211; die nat\u00fcrliche Grenze zwischen Aragonien und Kastilien &#8211; von seiner unbekannteren Seite aus besichtigen.<br><div class=\"clearfix\"><\/div><div class=\"divider margin-top-30\"><\/div><\/p>\n<h4>Ebro\u2013Fluss<\/h4>\n<p><span class=\"dropcap \">D<\/span>ie Verbesserung der Wasserqualit\u00e4t hat das unber\u00fchrte Leben des Flusses auf seinem Weg durch Zaragoza bereichert. Zaragoza selbst stellt schon einen touristischen Anziehungspunkt dar. Ihre lebendige und vibrierende Stra\u00dfenkultur bietet mehrere Tage lang Unterhaltung. Die ehemaligen Flussm\u00e4ander in Juslibol, ganz in der N\u00e4he der Stadt, sind bei Anglern wie auch bei Wanderern beliebt. Sie erm\u00f6glichen sch\u00f6ne Spazierg\u00e4nge durch dieses erstaunliche \u00d6kosystem aus Feuchtgebieten und Uferw\u00e4ldern.<br><div class=\"clearfix\"><\/div><div class=\"divider margin-top-30\"><\/div><\/p>\n<h3>Weitere Sehensw\u00fcrdigkeiten der Region<\/h3>\n<p><span class=\"dropcap \">D<\/span>as Ebro-Tal kennzeichnet sich durch die Vielfalt seiner Landschaften. Von T\u00e4lern durchzogene Berge, Vorl\u00e4ufer der Pyren\u00e4en in Richtung Huesca, die herrliche Aussicht am Mar de Arag\u00f3n (Aragoniens gr\u00f6\u00dfter, durch den Bau des Mequinenza Staudamms entstandener Stausee), das gro\u00dfe Vorgebirge des Moncayo mit dem herrlichen Zisterzienserkloster in Veruela, die fabelhafte raue Landschaft der Monegros und St\u00e4dte wie Calatayud, Tarazona, Daroca, Sos del Rey Cat\u00f3lico, Uncastillo\u2026 die alle als kunsthistorisches Ensemble erkl\u00e4rt wurden.<\/p>\n<p>Die Stadt Zaragoza bietet die Vorteile einer Gro\u00dfstadt mit \u00fcber 2.000 Jahren Geschichte. Die Route der R\u00f6mer, die Pilar Basilika und die La Seo Kathedrale geh\u00f6ren zu den wichtigsten Sehensw\u00fcrdigkeiten f\u00fcr Besucher dieser Stadt. Der Aljaferia Palast ist das repr\u00e4sentativste Beispiel der islamischen Kunst. Die Goya-Route f\u00fchrt von seinem Geburtsort Fuendetodos durch verschiedene Orte bis zu seinen Gem\u00e4lden in der Pilar Basilika, in Cartuja de Aula Dei und in den Museen von Zaragoza.<\/p>\n<div class=\"photoGrid  four clearfix\">  <a href=\"https:\/\/fishinginaragon.com\/wp-content\/uploads\/2018\/12\/0-3.jpg\" rel=\"grid-62\" class=\"item view image-971\" title=\"Regata de remo en Mequinenza\"><img decoding=\"async\" src=\"https:\/\/fishinginaragon.com\/wp-content\/uploads\/2018\/12\/0-3-760x507.jpg\" alt=\"\">\r\n                <\/a> <a href=\"https:\/\/fishinginaragon.com\/wp-content\/uploads\/2018\/12\/IMG_1047.jpg\" rel=\"grid-62\" class=\"item view image-968\" title=\"Pescando en Mequinenza\"><img decoding=\"async\" src=\"https:\/\/fishinginaragon.com\/wp-content\/uploads\/2018\/12\/IMG_1047-760x507.jpg\" alt=\"\">\r\n                <\/a> <a href=\"https:\/\/fishinginaragon.com\/wp-content\/uploads\/2018\/12\/M.-de-Veruela-sm.jpg\" rel=\"grid-62\" class=\"item view image-977\" title=\"Monasterio de Veruela\"><img decoding=\"async\" src=\"https:\/\/fishinginaragon.com\/wp-content\/uploads\/2018\/12\/M.-de-Veruela-sm-760x507.jpg\" alt=\"\">\r\n                <\/a>\r\n        <\/div>\n\n\n","protected":false},"excerpt":{"rendered":"<p>ie Provinz Zaragoza wird vom Ebro-Tal geteilt. Sie beherbergt bedeutende Gebiete f\u00fcr den Fang von Karpfenfischarten und gro\u00dfen Raubfischen wie Welse, Barsche, Schwarzbarsche, Karpfen und Barben. In diesen Gebieten leben Raubfischarten mit Karpfenfischarten, die sich in tr\u00fcberen oder ruhigen und gestauten Gew\u00e4ssern aufhalten, zusammen. Unter den zahlreichen Angelgebieten sind die Ribarroja und Mequinenza Stauseen und&#8230;<\/p>\n","protected":false},"author":1,"featured_media":0,"parent":0,"menu_order":0,"comment_status":"closed","ping_status":"closed","template":"","meta":{"footnotes":""},"categories":[],"tags":[],"class_list":["post-351","page","type-page","status-publish","hentry"],"translation":{"provider":"WPGlobus","version":"3.0.2","language":"de","enabled_languages":["es","en","de"],"languages":{"es":{"title":true,"content":true,"excerpt":false},"en":{"title":true,"content":true,"excerpt":false},"de":{"title":true,"content":true,"excerpt":false}}},"yoast_head":"<!-- This site is optimized with the Yoast SEO plugin v27.3 - https:\/\/yoast.com\/product\/yoast-seo-wordpress\/ -->\n<title>Angeln in Zaragoza - Angeln in Aragonien<\/title>\n<meta name=\"description\" content=\"Die Provinz Zaragoza wird vom Ebro-Tal geteilt. Sie beherbergt bedeutende Gebiete f\u00fcr den Fang von Karpfenfischarten und gro\u00dfen Raubfischen wie Welse, Barsche, Schwarzbarsche, Karpfen und Barben.\" \/>\n<meta name=\"robots\" content=\"index, follow, max-snippet:-1, max-image-preview:large, max-video-preview:-1\" \/>\n<link rel=\"canonical\" href=\"https:\/\/fishinginaragon.com\/zaragoza\" \/>\n<meta property=\"og:locale\" content=\"de_DE\" \/>\n<meta property=\"og:type\" content=\"article\" \/>\n<meta property=\"og:title\" content=\"Angeln in Zaragoza - Angeln in Aragonien\" \/>\n<meta property=\"og:description\" content=\"Die Provinz Zaragoza wird vom Ebro-Tal geteilt. Sie beherbergt bedeutende Gebiete f\u00fcr den Fang von Karpfenfischarten und gro\u00dfen Raubfischen wie Welse, Barsche, Schwarzbarsche, Karpfen und Barben.\" \/>\n<meta property=\"og:url\" content=\"https:\/\/fishinginaragon.com\/zaragoza\" \/>\n<meta property=\"og:site_name\" content=\"Angeln in Aragonien\" \/>\n<meta property=\"article:modified_time\" content=\"2021-06-04T17:04:47+00:00\" \/>\n<meta property=\"og:image\" content=\"https:\/\/fishinginaragon.com\/wp-content\/uploads\/2018\/12\/Siluro-Mequinenza1-1024x576.jpeg\" \/>\n<meta name=\"twitter:card\" content=\"summary_large_image\" \/>\n<meta name=\"twitter:label1\" content=\"Est. reading time\" \/>\n\t<meta name=\"twitter:data1\" content=\"4 minutes\" \/>\n<script type=\"application\/ld+json\" class=\"yoast-schema-graph\">{\"@context\":\"https:\\\/\\\/schema.org\",\"@graph\":[{\"@type\":\"WebPage\",\"@id\":\"https:\\\/\\\/fishinginaragon.com\\\/zaragoza\",\"url\":\"https:\\\/\\\/fishinginaragon.com\\\/zaragoza\",\"name\":\"Angeln in Zaragoza - Angeln in Aragonien\",\"isPartOf\":{\"@id\":\"https:\\\/\\\/fishinginaragon.com\\\/#website\"},\"primaryImageOfPage\":{\"@id\":\"https:\\\/\\\/fishinginaragon.com\\\/zaragoza#primaryimage\"},\"image\":{\"@id\":\"https:\\\/\\\/fishinginaragon.com\\\/zaragoza#primaryimage\"},\"thumbnailUrl\":\"https:\\\/\\\/fishinginaragon.com\\\/wp-content\\\/uploads\\\/2018\\\/12\\\/Siluro-Mequinenza1-1024x576.jpeg\",\"datePublished\":\"2018-12-03T09:47:55+00:00\",\"dateModified\":\"2021-06-04T17:04:47+00:00\",\"description\":\"Die Provinz Zaragoza wird vom Ebro-Tal geteilt. Sie beherbergt bedeutende Gebiete f\u00fcr den Fang von Karpfenfischarten und gro\u00dfen Raubfischen wie Welse, Barsche, Schwarzbarsche, Karpfen und Barben.\",\"breadcrumb\":{\"@id\":\"https:\\\/\\\/fishinginaragon.com\\\/zaragoza#breadcrumb\"},\"inLanguage\":\"de-DE\",\"potentialAction\":[{\"@type\":\"ReadAction\",\"target\":[\"https:\\\/\\\/fishinginaragon.com\\\/zaragoza\"]}]},{\"@type\":\"ImageObject\",\"inLanguage\":\"de-DE\",\"@id\":\"https:\\\/\\\/fishinginaragon.com\\\/zaragoza#primaryimage\",\"url\":\"https:\\\/\\\/fishinginaragon.com\\\/wp-content\\\/uploads\\\/2018\\\/12\\\/Siluro-Mequinenza1-1024x576.jpeg\",\"contentUrl\":\"https:\\\/\\\/fishinginaragon.com\\\/wp-content\\\/uploads\\\/2018\\\/12\\\/Siluro-Mequinenza1-1024x576.jpeg\"},{\"@type\":\"BreadcrumbList\",\"@id\":\"https:\\\/\\\/fishinginaragon.com\\\/zaragoza#breadcrumb\",\"itemListElement\":[{\"@type\":\"ListItem\",\"position\":1,\"name\":\"Portada\",\"item\":\"https:\\\/\\\/fishinginaragon.com\\\/\"},{\"@type\":\"ListItem\",\"position\":2,\"name\":\"Pescando por Zaragoza\"}]},{\"@type\":\"WebSite\",\"@id\":\"https:\\\/\\\/fishinginaragon.com\\\/#website\",\"url\":\"https:\\\/\\\/fishinginaragon.com\\\/\",\"name\":\"Angeln in Aragonien\",\"description\":\"Turismo de Arag\u00f3n\",\"potentialAction\":[{\"@type\":\"SearchAction\",\"target\":{\"@type\":\"EntryPoint\",\"urlTemplate\":\"https:\\\/\\\/fishinginaragon.com\\\/?s={search_term_string}\"},\"query-input\":{\"@type\":\"PropertyValueSpecification\",\"valueRequired\":true,\"valueName\":\"search_term_string\"}}],\"inLanguage\":\"de-DE\"}]}<\/script>\n<!-- \/ Yoast SEO plugin. -->","yoast_head_json":{"title":"Angeln in Zaragoza - Angeln in Aragonien","description":"Die Provinz Zaragoza wird vom Ebro-Tal geteilt. Sie beherbergt bedeutende Gebiete f\u00fcr den Fang von Karpfenfischarten und gro\u00dfen Raubfischen wie Welse, Barsche, Schwarzbarsche, Karpfen und Barben.","robots":{"index":"index","follow":"follow","max-snippet":"max-snippet:-1","max-image-preview":"max-image-preview:large","max-video-preview":"max-video-preview:-1"},"canonical":"https:\/\/fishinginaragon.com\/zaragoza","og_locale":"de_DE","og_type":"article","og_title":"Angeln in Zaragoza - Angeln in Aragonien","og_description":"Die Provinz Zaragoza wird vom Ebro-Tal geteilt. Sie beherbergt bedeutende Gebiete f\u00fcr den Fang von Karpfenfischarten und gro\u00dfen Raubfischen wie Welse, Barsche, Schwarzbarsche, Karpfen und Barben.","og_url":"https:\/\/fishinginaragon.com\/zaragoza","og_site_name":"Angeln in Aragonien","article_modified_time":"2021-06-04T17:04:47+00:00","og_image":[{"url":"https:\/\/fishinginaragon.com\/wp-content\/uploads\/2018\/12\/Siluro-Mequinenza1-1024x576.jpeg","type":"","width":"","height":""}],"twitter_card":"summary_large_image","twitter_misc":{"Est. reading time":"4 minutes"},"schema":{"@context":"https:\/\/schema.org","@graph":[{"@type":"WebPage","@id":"https:\/\/fishinginaragon.com\/zaragoza","url":"https:\/\/fishinginaragon.com\/zaragoza","name":"Angeln in Zaragoza - Angeln in Aragonien","isPartOf":{"@id":"https:\/\/fishinginaragon.com\/#website"},"primaryImageOfPage":{"@id":"https:\/\/fishinginaragon.com\/zaragoza#primaryimage"},"image":{"@id":"https:\/\/fishinginaragon.com\/zaragoza#primaryimage"},"thumbnailUrl":"https:\/\/fishinginaragon.com\/wp-content\/uploads\/2018\/12\/Siluro-Mequinenza1-1024x576.jpeg","datePublished":"2018-12-03T09:47:55+00:00","dateModified":"2021-06-04T17:04:47+00:00","description":"Die Provinz Zaragoza wird vom Ebro-Tal geteilt. Sie beherbergt bedeutende Gebiete f\u00fcr den Fang von Karpfenfischarten und gro\u00dfen Raubfischen wie Welse, Barsche, Schwarzbarsche, Karpfen und Barben.","breadcrumb":{"@id":"https:\/\/fishinginaragon.com\/zaragoza#breadcrumb"},"inLanguage":"de-DE","potentialAction":[{"@type":"ReadAction","target":["https:\/\/fishinginaragon.com\/zaragoza"]}]},{"@type":"ImageObject","inLanguage":"de-DE","@id":"https:\/\/fishinginaragon.com\/zaragoza#primaryimage","url":"https:\/\/fishinginaragon.com\/wp-content\/uploads\/2018\/12\/Siluro-Mequinenza1-1024x576.jpeg","contentUrl":"https:\/\/fishinginaragon.com\/wp-content\/uploads\/2018\/12\/Siluro-Mequinenza1-1024x576.jpeg"},{"@type":"BreadcrumbList","@id":"https:\/\/fishinginaragon.com\/zaragoza#breadcrumb","itemListElement":[{"@type":"ListItem","position":1,"name":"Portada","item":"https:\/\/fishinginaragon.com\/"},{"@type":"ListItem","position":2,"name":"Pescando por Zaragoza"}]},{"@type":"WebSite","@id":"https:\/\/fishinginaragon.com\/#website","url":"https:\/\/fishinginaragon.com\/","name":"Angeln in Aragonien","description":"Turismo de Arag\u00f3n","potentialAction":[{"@type":"SearchAction","target":{"@type":"EntryPoint","urlTemplate":"https:\/\/fishinginaragon.com\/?s={search_term_string}"},"query-input":{"@type":"PropertyValueSpecification","valueRequired":true,"valueName":"search_term_string"}}],"inLanguage":"de-DE"}]}},"_links":{"self":[{"href":"https:\/\/fishinginaragon.com\/de\/wp-json\/wp\/v2\/pages\/351","targetHints":{"allow":["GET"]}}],"collection":[{"href":"https:\/\/fishinginaragon.com\/de\/wp-json\/wp\/v2\/pages"}],"about":[{"href":"https:\/\/fishinginaragon.com\/de\/wp-json\/wp\/v2\/types\/page"}],"author":[{"embeddable":true,"href":"https:\/\/fishinginaragon.com\/de\/wp-json\/wp\/v2\/users\/1"}],"replies":[{"embeddable":true,"href":"https:\/\/fishinginaragon.com\/de\/wp-json\/wp\/v2\/comments?post=351"}],"version-history":[{"count":2,"href":"https:\/\/fishinginaragon.com\/de\/wp-json\/wp\/v2\/pages\/351\/revisions"}],"predecessor-version":[{"id":1274,"href":"https:\/\/fishinginaragon.com\/de\/wp-json\/wp\/v2\/pages\/351\/revisions\/1274"}],"wp:attachment":[{"href":"https:\/\/fishinginaragon.com\/de\/wp-json\/wp\/v2\/media?parent=351"}],"wp:term":[{"taxonomy":"category","embeddable":true,"href":"https:\/\/fishinginaragon.com\/de\/wp-json\/wp\/v2\/categories?post=351"},{"taxonomy":"post_tag","embeddable":true,"href":"https:\/\/fishinginaragon.com\/de\/wp-json\/wp\/v2\/tags?post=351"}],"curies":[{"name":"wp","href":"https:\/\/api.w.org\/{rel}","templated":true}]}}